{"id":14328,"date":"2025-05-23T14:27:37","date_gmt":"2025-05-23T14:27:37","guid":{"rendered":"https:\/\/www.powerjacks.com\/datenschutzbestimmungen\/"},"modified":"2026-02-17T13:31:44","modified_gmt":"2026-02-17T13:31:44","slug":"datenschutzbestimmungen","status":"publish","type":"page","link":"https:\/\/www.powerjacks.com\/de\/datenschutzbestimmungen\/","title":{"rendered":"Datenschutzbestimmungen"},"content":{"rendered":"\n<div class=\"wp-block-cover subPageHero\" style=\"min-height:200px;aspect-ratio:unset;\"><img decoding=\"async\" width=\"768\" height=\"1024\" class=\"wp-block-cover__image-background wp-image-2634 size-large\" alt=\"\" src=\"https:\/\/www.powerjacks.com\/wp-content\/smush-webp\/2025\/06\/Downloads-Videos-768x1024.jpg.webp\" data-object-fit=\"cover\" srcset=\"https:\/\/www.powerjacks.com\/wp-content\/smush-webp\/2025\/06\/Downloads-Videos-768x1024.jpg.webp 768w, https:\/\/www.powerjacks.com\/wp-content\/smush-webp\/2025\/06\/Downloads-Videos-225x300.jpg.webp 225w, https:\/\/www.powerjacks.com\/wp-content\/smush-webp\/2025\/06\/Downloads-Videos-1152x1536.jpg.webp 1152w, https:\/\/www.powerjacks.com\/wp-content\/smush-webp\/2025\/06\/Downloads-Videos-scaled.jpg.webp 1536w, https:\/\/www.powerjacks.com\/wp-content\/smush-webp\/2025\/06\/Downloads-Videos-54x72.jpg.webp 54w, https:\/\/www.powerjacks.com\/wp-content\/smush-webp\/2025\/06\/Downloads-Videos-131x175.jpg.webp 131w, https:\/\/www.powerjacks.com\/wp-content\/smush-webp\/2025\/06\/Downloads-Videos-122x162.jpg.webp 122w, https:\/\/www.powerjacks.com\/wp-content\/smush-webp\/2025\/06\/Downloads-Videos-60x80.jpg.webp 60w, https:\/\/www.powerjacks.com\/wp-content\/smush-webp\/2025\/06\/Downloads-Videos-548x731.jpg.webp 548w, https:\/\/www.powerjacks.com\/wp-content\/smush-webp\/2025\/06\/Downloads-Videos-49x65.jpg.webp 49w, https:\/\/www.powerjacks.com\/wp-content\/smush-webp\/2025\/06\/Downloads-Videos-600x800.jpg.webp 600w\" sizes=\"(max-width: 768px) 100vw, 768px\" \/><span aria-hidden=\"true\" class=\"wp-block-cover__background has-background-dim-100 has-background-dim wp-block-cover__gradient-background has-background-gradient has-light-green-gradient-background\"><\/span><div class=\"wp-block-cover__inner-container has-global-padding is-layout-constrained wp-container-core-cover-is-layout-346627ba wp-block-cover-is-layout-constrained\"><h1 class=\"has-text-align-center wp-block-post-title\">Datenschutzbestimmungen<\/h1><\/div><\/div>\n\n<div class=\"wp-block-group has-global-padding is-layout-constrained wp-block-group-is-layout-constrained\" style=\"padding-top:var(--wp--preset--spacing--70);padding-bottom:var(--wp--preset--spacing--70)\">\n<p>Wir bei Power Jacks verpflichten uns, Ihre pers\u00f6nlichen Daten zu sch\u00fctzen und die Allgemeinen Datenschutzbestimmungen (GDPR) einzuhalten. Der Zweck dieser Richtlinie ist es, Ihnen zu erkl\u00e4ren, wie Power Jacks Ihre pers\u00f6nlichen Daten durch das Unternehmen kontrolliert, verarbeitet, behandelt und sch\u00fctzt, w\u00e4hrend Sie diese Website durchsuchen oder nutzen. <\/p>\n\n\n\n<p>Power Jacks besteht aus einer Gruppe von verbundenen Unternehmen. Power Jacks Limited ist der federf\u00fchrende Datenverantwortliche in Bezug auf die im Rahmen dieser Richtlinie verarbeiteten personenbezogenen Daten. Die Firmennummer von Power Jacks Limited ist SC 103849 und die eingetragene Adresse ist Power Jacks Limited, Kingshill Commercial Par, Prospect Road, Westhill, Aberdeenshire, AB32 6FP, Schottland (UK). Power Jacks vertreibt seine Produkte direkt und \u00fcber ein Netzwerk unabh\u00e4ngiger autorisierter H\u00e4ndler und Vertreter.   <\/p>\n\n\n\n<p>Diese Richtlinie gilt f\u00fcr alle pers\u00f6nlichen Daten, die Sie Power Jacks direkt oder \u00fcber die Website von Power Jacks (www.powerjacks.com) zur Verf\u00fcgung stellen oder die Power Jacks von autorisierten H\u00e4ndlern und Vertretern von Power Jacks zur Verf\u00fcgung gestellt werden.<\/p>\n\n\n\n<p>Es ist wichtig, dass Sie diese Datenschutzrichtlinie zusammen mit allen anderen Datenschutzrichtlinien lesen, die Power Jacks bei anderen Gelegenheiten, bei denen wir personenbezogene Daten \u00fcber Sie erheben oder verarbeiten, zur Verf\u00fcgung stellt, damit Sie genau wissen, wie und warum wir Ihre personenbezogenen Daten verwenden. Diese Richtlinie erg\u00e4nzt alle anderen Richtlinien und ist nicht dazu gedacht, diese au\u00dfer Kraft zu setzen. <\/p>\n\n\n\n<h2 class=\"wp-block-heading\">Warum wir pers\u00f6nliche Informationen \u00fcber Sie sammeln<\/h2>\n\n\n\n<p>Power Jacks sammelt personenbezogene Daten \u00fcber Sie, um Sie \u00fcber die Produkte und Dienstleistungen von Power Jacks zu informieren und Ihnen diese zur Verf\u00fcgung zu stellen, um Ihre diesbez\u00fcglichen Anfragen zu bearbeiten und um diese f\u00fcr die Zukunft zu verbessern und zu entwickeln.<\/p>\n\n\n\n<h2 class=\"wp-block-heading\">Welche Daten sammeln wir?<\/h2>\n\n\n\n<p>Power Jacks sammelt die folgenden Arten von pers\u00f6nlichen Informationen \u00fcber Sie:<\/p>\n\n\n\n<ul class=\"wp-block-list is-style-disc-list\">\n<li>Vorname und Nachname<\/li>\n\n\n\n<li>E-Mail Adresse<\/li>\n\n\n\n<li>Telefon Nummer<\/li>\n\n\n\n<li>Name des Unternehmens<\/li>\n\n\n\n<li>Adresse<\/li>\n\n\n\n<li>Berufliche Funktion in Ihrem Unternehmen<\/li>\n\n\n\n<li>Details zu dem\/den Power Jacks Produkt(en) und dem\/den Service(s), an dem\/denen Sie interessiert sind<\/li>\n<\/ul>\n\n\n\n<h2 class=\"wp-block-heading\">Cookies<\/h2>\n\n\n\n<p class=\"wp-elements-2208cff14284a0f661515249fb546342\">Ausf\u00fchrliche Informationen \u00fcber die von uns verwendeten Cookies und die Zwecke, f\u00fcr die wir sie verwenden, finden Sie in der Power Jacks <a href=\"https:\/\/www.powerjacks.com\/de\/cookie-richtlinien-power-jacks\/\">Cookie-Richtlinie<\/a>.<\/p>\n\n\n\n<h2 class=\"wp-block-heading\">Wie sammeln wir Ihre Daten?<\/h2>\n\n\n\n<p>Power Jacks erh\u00e4lt pers\u00f6nliche Informationen \u00fcber Sie:<\/p>\n\n\n\n<ul class=\"wp-block-list is-style-disc-list\">\n<li>Wenn Sie uns direkt kontaktieren oder die Power Jacks Website (www.powerjacks.com) besuchen, um ein Dokument (z.B. eine Brosch\u00fcre) oder ein Angebot f\u00fcr ein Power Jacks Produkt oder eine Dienstleistung anzufordern oder um eine allgemeine Anfrage zu stellen oder sich zu registrieren und\/oder einen Power Jacks Online-Service zu nutzen.<\/li>\n\n\n\n<li>Wenn Sie sich in Bezug auf ein Produkt oder eine Dienstleistung von Power Jacks an einen autorisierten H\u00e4ndler oder Vertreter von Power Jacks gewandt haben, kann Power Jacks diese Art von Informationen auch von diesem H\u00e4ndler\/Vertreter erhalten.<\/li>\n<\/ul>\n\n\n\n<h2 class=\"wp-block-heading\">Wie werden wir Ihre Daten verwenden?<\/h2>\n\n\n\n<p>Power Jacks sammelt Ihre Daten, damit wir sie nutzen k\u00f6nnen:<\/p>\n\n\n\n<ul class=\"wp-block-list is-style-disc-list\">\n<li>Geben Sie an, wer Sie sind, wenn Sie uns kontaktieren.<\/li>\n\n\n\n<li>Sie mit den von Ihnen angeforderten Power Jacks Produkten oder Dienstleistungen zu versorgen und zu verstehen, an welchen Power Jacks Produkten oder Dienstleistungen Sie interessiert sein k\u00f6nnten.<\/li>\n\n\n\n<li>Sie bez\u00fcglich Ihrer Power Jacks Produkte zu kontaktieren, um Ihre technischen oder allgemeinen Fragen zu beantworten oder um Garantieanspr\u00fcche oder produktbezogene Mitteilungen zu verwalten.<\/li>\n\n\n\n<li>Power Jacks Produkte oder Dienstleistungen zu verbessern und Kundenumfragen durchzuf\u00fchren.<\/li>\n\n\n\n<li>L\u00f6sen Sie Beschwerden oder Probleme, die Sie mit einem Produkt oder einer Dienstleistung von Power Jacks haben.<\/li>\n\n\n\n<li>Ihnen Marketinginformationen \u00fcber Power Jacks Produkte oder Dienstleistungen zu senden.<\/li>\n\n\n\n<li>Sie zu Power Jacks-Veranstaltungen einladen, die Sie interessieren k\u00f6nnten.<\/li>\n<\/ul>\n\n\n\n<h2 class=\"wp-block-heading\">Wie werden wir Sie kontaktieren?<\/h2>\n\n\n\n<p>Power Jacks und seine Drittanbieter (z.B. Marketingdienstleister), Power Jacks-Vertriebspartner und -Vertreter k\u00f6nnen Sie per Post, Telefon, E-Mail und\/oder SMS kontaktieren, es sei denn, Sie haben uns dies untersagt oder sich bei einem Telefon- oder Postpr\u00e4ferenzdienst registriert.<\/p>\n\n\n\n<h2 class=\"wp-block-heading\">An wen geben wir diese pers\u00f6nlichen Informationen weiter?<\/h2>\n\n\n\n<p>Power Jacks wird Ihre pers\u00f6nlichen Daten weitergeben an:<\/p>\n\n\n\n<ul class=\"wp-block-list is-style-disc-list\">\n<li>Power Jacks Unternehmen und den entsprechenden Power Jacks Vertriebspartner oder Vertreter, wenn Sie Power Jacks Produkte oder Dienstleistungen erwerben oder daran interessiert sind, Power Jacks Produkte oder Dienstleistungen zu erwerben.<\/li>\n\n\n\n<li>Unsere Dienstleister, die in unserem Auftrag Dienstleistungen erbringen, wie z. B. Marketingdienstleister oder IT-Dienstleister.<\/li>\n<\/ul>\n\n\n\n<h2 class=\"wp-block-heading\">Wo speichern wir Ihre Daten?<\/h2>\n\n\n\n<p>Alle pers\u00f6nlichen Daten, die wir \u00fcber Sie haben, werden auf sicheren Servern gespeichert, die von Power Jacks oder seinen Drittanbietern betrieben werden. Diese Drittdienstleister haben Zugang zu Ihren pers\u00f6nlichen Daten, die sie zur Erf\u00fcllung ihrer Aufgaben ben\u00f6tigen, d\u00fcrfen diese aber nicht f\u00fcr andere Zwecke verwenden. Power Jacks stellt sicher, dass diese Drittdienstleister Ihre personenbezogenen Daten nur in \u00dcbereinstimmung mit dieser Richtlinie und den geltenden Datenschutzgesetzen verarbeiten.  <\/p>\n\n\n\n<h2 class=\"wp-block-heading\">Daten\u00fcbertragung<\/h2>\n\n\n\n<p>Ihre personenbezogenen Daten k\u00f6nnen an Power Jacks-Niederlassungen in L\u00e4ndern au\u00dferhalb des Europ\u00e4ischen Wirtschaftsraums (EWR) \u00fcbermittelt oder von Power Jacks-Diensteanbietern mit Sitz oder T\u00e4tigkeit au\u00dferhalb des EWR verarbeitet werden. Power Jacks wird angemessene Sicherheitsvorkehrungen treffen, um sicherzustellen, dass Ihre pers\u00f6nlichen Daten im Zusammenhang mit solchen \u00dcbertragungen oder der Verarbeitung Ihrer pers\u00f6nlichen Daten au\u00dferhalb des EWR sicher und in \u00dcbereinstimmung mit den Datenschutzgesetzen behandelt werden. <\/p>\n\n\n\n<h2 class=\"wp-block-heading\">Aufbewahrung von Daten<\/h2>\n\n\n\n<p>Ihre pers\u00f6nlichen Daten werden in Power Jacks Customer Relationship Management-Systemen auf unbestimmte Zeit gespeichert, um unsere Beziehung zu Ihnen zu verwalten. Power Jacks f\u00fchrt regelm\u00e4\u00dfige \u00dcberpr\u00fcfungen dieser Daten durch, um sicherzustellen, dass sie aktuell und korrekt sind. <\/p>\n\n\n\n<h2 class=\"wp-block-heading\">Was sind Ihre Datenschutzrechte?<\/h2>\n\n\n\n<p>Power Jacks m\u00f6chte sicherstellen, dass Sie \u00fcber alle Ihre Datenschutzrechte im Zusammenhang mit Ihren von Power Jacks verarbeiteten pers\u00f6nlichen Daten informiert sind:<\/p>\n\n\n\n<ul class=\"wp-block-list is-style-disc-list\">\n<li>Zugang &#8211; Sie haben das Recht, Power Jacks um Kopien Ihrer pers\u00f6nlichen Daten zu bitten.<\/li>\n\n\n\n<li>Berichtigung &#8211; Sie haben das Recht, von Power Jacks die Berichtigung von Informationen zu verlangen, die Sie f\u00fcr unrichtig halten. Sie haben auch das Recht, Power Jacks aufzufordern, Informationen zu vervollst\u00e4ndigen, die Sie f\u00fcr unvollst\u00e4ndig halten. <\/li>\n\n\n\n<li>L\u00f6schung &#8211; Sie haben das Recht, von Power Jacks die L\u00f6schung Ihrer personenbezogenen Daten zu verlangen, wenn die Verarbeitung nicht f\u00fcr die Zwecke der von Power Jacks oder einem Dritten verfolgten legitimen Interessen erforderlich ist.<\/li>\n\n\n\n<li>Einschr\u00e4nkung der Verarbeitung &#8211; Sie haben das Recht zu verlangen, dass Power Jacks die Verarbeitung Ihrer personenbezogenen Daten einschr\u00e4nkt, wenn die Verarbeitung nicht f\u00fcr die Zwecke der von Power Jacks oder einem Dritten verfolgten berechtigten Interessen erforderlich ist.<\/li>\n\n\n\n<li>Widerspruch gegen die Verarbeitung &#8211; Sie haben das Recht, der Verarbeitung Ihrer personenbezogenen Daten durch Power Jacks zu Zwecken des Direktmarketings zu widersprechen oder wenn die Verarbeitung nicht zur Wahrung der berechtigten Interessen von Power Jacks oder eines Dritten erforderlich ist.<\/li>\n<\/ul>\n\n\n\n<p>Sie haben jederzeit das Recht, Ihre Zustimmung zum Erhalt von Werbung von Power Jacks zu widerrufen und\/oder die Methode zu \u00e4ndern, mit der diese Informationen \u00fcbermittelt werden. Um Ihre Rechte und Marketingpr\u00e4ferenzen zu verwalten, befolgen Sie bitte die Anweisungen in unseren Marketingmitteilungen, Anfrageformularen oder kontaktieren Sie uns. <\/p>\n\n\n\n<h2 class=\"wp-block-heading\">Wie Sie uns kontaktieren<\/h2>\n\n\n\n<p>Wenn Sie Bedenken oder Fragen zu dieser Datenschutzerkl\u00e4rung oder zum Umgang von Power Jacks mit Ihren pers\u00f6nlichen Daten haben, nehmen Sie bitte Kontakt mit uns auf und wir werden unser Bestes tun, um Ihnen zu helfen.<\/p>\n\n\n\n<p>Post: Customer Service, Power Jacks Limited, Kingshill Commercial Par, Prospect Road, Westhill, Aberdeenshire, AB32 6FP, Schottland (UK).<br\/>Telefon: <a href=\"tel:+44%20(0)%201224%20968%20968\">+44 (0) 1224 968 968<\/a><br\/>E-Mail: <a href=\"mailto:marketing@powerjacks.com\">marketing@powerjacks.com<\/a><\/p>\n\n\n\n<h2 class=\"wp-block-heading\">Wie Sie die zust\u00e4ndige Beh\u00f6rde kontaktieren<\/h2>\n\n\n\n<p>Bitte beachten Sie, dass Sie das Recht haben, eine Beschwerde beim UK Information Commissioner&#8217;s Office (oder einer anderen zust\u00e4ndigen Aufsichtsbeh\u00f6rde) einzureichen, die Sie \u00fcber den folgenden Link <a href=\"https:\/\/ico.org.uk\/concerns\/\">https:\/\/ico.org.uk\/concerns\/<\/a> erreichen k\u00f6nnen.<\/p>\n\n\n\n<h2 class=\"wp-block-heading\">\u00c4nderungen an unserer Datenschutzrichtlinie<\/h2>\n\n\n\n<p>Power Jacks beh\u00e4lt sich das Recht vor, diese Datenschutzrichtlinie oder Teile davon von Zeit zu Zeit zu \u00fcberarbeiten. Sollte sich diese Datenschutzrichtlinie in irgendeiner Weise \u00e4ndern, werden wir eine aktualisierte Version auf dieser Seite ver\u00f6ffentlichen. Ein regelm\u00e4\u00dfiger Blick auf diese Seite gew\u00e4hrleistet, dass Sie immer wissen, welche Informationen wir sammeln, wie wir sie verwenden und unter welchen Umst\u00e4nden wir sie gegebenenfalls an andere Parteien weitergeben.  <\/p>\n\n\n\n<h2 class=\"wp-block-heading\">Datenschutzrichtlinien anderer Websites<\/h2>\n\n\n\n<p>Die Website von Power Jacks enth\u00e4lt Links zu anderen Websites. Unsere Datenschutzrichtlinie gilt nur f\u00fcr unser Unternehmen und unsere Website. Wenn Sie also auf einen Link zu einer anderen Website klicken, sollten Sie deren Datenschutzrichtlinie lesen. Power Jacks ist nicht verantwortlich f\u00fcr den Inhalt externer Internetseiten, auf die von powerjacks.com aus verlinkt wird.  <\/p>\n<\/div>\n","protected":false},"excerpt":{"rendered":"<p>Wir bei Power Jacks verpflichten uns, Ihre pers\u00f6nlichen Daten zu sch\u00fctzen und die Allgemeinen Datenschutzbestimmungen (GDPR) einzuhalten. Der Zweck dieser Richtlinie ist es, Ihnen zu erkl\u00e4ren, wie Power Jacks Ihre pers\u00f6nlichen Daten durch das Unternehmen kontrolliert, verarbeitet, behandelt und sch\u00fctzt, w\u00e4hrend Sie diese Website durchsuchen oder nutzen. Power Jacks besteht&hellip;<\/p>\n","protected":false},"author":100,"featured_media":0,"parent":0,"menu_order":0,"comment_status":"closed","ping_status":"closed","template":"","meta":{"_acf_changed":false,"footnotes":""},"class_list":["post-14328","page","type-page","status-publish","hentry"],"acf":[],"yoast_head":"<!-- This site is optimized with the Yoast SEO plugin v27.3 - https:\/\/yoast.com\/product\/yoast-seo-wordpress\/ -->\n<title>Datenschutzbestimmungen | Power Jacks Limited<\/title>\n<meta name=\"description\" content=\"Bei Power Jacks werden wir Ihre Daten stets sch\u00fctzen. Lesen Sie unsere Datenschutzbestimmungen, um zu erfahren, wie wir Daten sammeln, verarbeiten und sch\u00fctzen.\" \/>\n<meta name=\"robots\" content=\"index, follow, max-snippet:-1, max-image-preview:large, max-video-preview:-1\" \/>\n<link rel=\"canonical\" href=\"https:\/\/www.powerjacks.com\/de\/?page_id=14328\" \/>\n<meta property=\"og:locale\" content=\"de_DE\" \/>\n<meta property=\"og:type\" content=\"article\" \/>\n<meta property=\"og:title\" content=\"Datenschutzbestimmungen | Power Jacks Limited\" \/>\n<meta property=\"og:description\" content=\"Bei Power Jacks werden wir Ihre Daten stets sch\u00fctzen. Lesen Sie unsere Datenschutzbestimmungen, um zu erfahren, wie wir Daten sammeln, verarbeiten und sch\u00fctzen.\" \/>\n<meta property=\"og:url\" content=\"https:\/\/www.powerjacks.com\/de\/?page_id=14328\" \/>\n<meta property=\"og:site_name\" content=\"Power Jacks Limited\" \/>\n<meta property=\"article:publisher\" content=\"https:\/\/www.facebook.com\/powerjacksltd\" \/>\n<meta property=\"article:modified_time\" content=\"2026-02-17T13:31:44+00:00\" \/>\n<meta property=\"og:image\" content=\"https:\/\/www.powerjacks.com\/wp-content\/uploads\/2025\/06\/Downloads-Videos-768x1024.jpg\" \/>\n<meta name=\"twitter:card\" content=\"summary_large_image\" \/>\n<meta name=\"twitter:site\" content=\"@PowerJacksLtd\" \/>\n<meta name=\"twitter:label1\" content=\"Gesch\u00e4tzte Lesezeit\" \/>\n\t<meta name=\"twitter:data1\" content=\"7 Minute\" \/>\n<script type=\"application\/ld+json\" class=\"yoast-schema-graph\">{\"@context\":\"https:\\\/\\\/schema.org\",\"@graph\":[{\"@type\":\"WebPage\",\"@id\":\"https:\\\/\\\/www.powerjacks.com\\\/de\\\/?page_id=14328\",\"url\":\"https:\\\/\\\/www.powerjacks.com\\\/de\\\/?page_id=14328\",\"name\":\"Datenschutzbestimmungen | Power Jacks Limited\",\"isPartOf\":{\"@id\":\"https:\\\/\\\/www.powerjacks.com\\\/#website\"},\"primaryImageOfPage\":{\"@id\":\"https:\\\/\\\/www.powerjacks.com\\\/de\\\/?page_id=14328#primaryimage\"},\"image\":{\"@id\":\"https:\\\/\\\/www.powerjacks.com\\\/de\\\/?page_id=14328#primaryimage\"},\"thumbnailUrl\":\"https:\\\/\\\/www.powerjacks.com\\\/wp-content\\\/uploads\\\/2025\\\/06\\\/Downloads-Videos-768x1024.jpg\",\"datePublished\":\"2025-05-23T14:27:37+00:00\",\"dateModified\":\"2026-02-17T13:31:44+00:00\",\"description\":\"Bei Power Jacks werden wir Ihre Daten stets sch\u00fctzen. Lesen Sie unsere Datenschutzbestimmungen, um zu erfahren, wie wir Daten sammeln, verarbeiten und sch\u00fctzen.\",\"breadcrumb\":{\"@id\":\"https:\\\/\\\/www.powerjacks.com\\\/de\\\/?page_id=14328#breadcrumb\"},\"inLanguage\":\"de\",\"potentialAction\":[{\"@type\":\"ReadAction\",\"target\":[\"https:\\\/\\\/www.powerjacks.com\\\/de\\\/?page_id=14328\"]}]},{\"@type\":\"ImageObject\",\"inLanguage\":\"de\",\"@id\":\"https:\\\/\\\/www.powerjacks.com\\\/de\\\/?page_id=14328#primaryimage\",\"url\":\"https:\\\/\\\/www.powerjacks.com\\\/wp-content\\\/uploads\\\/2025\\\/06\\\/Downloads-Videos-768x1024.jpg\",\"contentUrl\":\"https:\\\/\\\/www.powerjacks.com\\\/wp-content\\\/uploads\\\/2025\\\/06\\\/Downloads-Videos-768x1024.jpg\"},{\"@type\":\"BreadcrumbList\",\"@id\":\"https:\\\/\\\/www.powerjacks.com\\\/de\\\/?page_id=14328#breadcrumb\",\"itemListElement\":[{\"@type\":\"ListItem\",\"position\":1,\"name\":\"Home\",\"item\":\"https:\\\/\\\/www.powerjacks.com\\\/de\\\/\"},{\"@type\":\"ListItem\",\"position\":2,\"name\":\"Datenschutzbestimmungen\"}]},{\"@type\":\"WebSite\",\"@id\":\"https:\\\/\\\/www.powerjacks.com\\\/#website\",\"url\":\"https:\\\/\\\/www.powerjacks.com\\\/\",\"name\":\"Power Jacks Limited\",\"description\":\"Stainless Steel Screw Jacks for Excellent Corrosion Resistance\",\"publisher\":{\"@id\":\"https:\\\/\\\/www.powerjacks.com\\\/#organization\"},\"potentialAction\":[{\"@type\":\"SearchAction\",\"target\":{\"@type\":\"EntryPoint\",\"urlTemplate\":\"https:\\\/\\\/www.powerjacks.com\\\/?s={search_term_string}\"},\"query-input\":{\"@type\":\"PropertyValueSpecification\",\"valueRequired\":true,\"valueName\":\"search_term_string\"}}],\"inLanguage\":\"de\"},{\"@type\":\"Organization\",\"@id\":\"https:\\\/\\\/www.powerjacks.com\\\/#organization\",\"name\":\"Power Jacks Limited\",\"url\":\"https:\\\/\\\/www.powerjacks.com\\\/\",\"logo\":{\"@type\":\"ImageObject\",\"inLanguage\":\"de\",\"@id\":\"https:\\\/\\\/www.powerjacks.com\\\/#\\\/schema\\\/logo\\\/image\\\/\",\"url\":\"https:\\\/\\\/www.powerjacks.com\\\/wp-content\\\/uploads\\\/2025\\\/12\\\/logo_2x.png\",\"contentUrl\":\"https:\\\/\\\/www.powerjacks.com\\\/wp-content\\\/uploads\\\/2025\\\/12\\\/logo_2x.png\",\"width\":430,\"height\":65,\"caption\":\"Power Jacks Limited\"},\"image\":{\"@id\":\"https:\\\/\\\/www.powerjacks.com\\\/#\\\/schema\\\/logo\\\/image\\\/\"},\"sameAs\":[\"https:\\\/\\\/www.facebook.com\\\/powerjacksltd\",\"https:\\\/\\\/x.com\\\/PowerJacksLtd\",\"https:\\\/\\\/www.linkedin.com\\\/company\\\/power-jacks-ltd?trk=company_name\",\"https:\\\/\\\/www.youtube.com\\\/@powerjacks\"]}]}<\/script>\n<!-- \/ Yoast SEO plugin. -->","yoast_head_json":{"title":"Datenschutzbestimmungen | Power Jacks Limited","description":"Bei Power Jacks werden wir Ihre Daten stets sch\u00fctzen. Lesen Sie unsere Datenschutzbestimmungen, um zu erfahren, wie wir Daten sammeln, verarbeiten und sch\u00fctzen.","robots":{"index":"index","follow":"follow","max-snippet":"max-snippet:-1","max-image-preview":"max-image-preview:large","max-video-preview":"max-video-preview:-1"},"canonical":"https:\/\/www.powerjacks.com\/de\/?page_id=14328","og_locale":"de_DE","og_type":"article","og_title":"Datenschutzbestimmungen | Power Jacks Limited","og_description":"Bei Power Jacks werden wir Ihre Daten stets sch\u00fctzen. Lesen Sie unsere Datenschutzbestimmungen, um zu erfahren, wie wir Daten sammeln, verarbeiten und sch\u00fctzen.","og_url":"https:\/\/www.powerjacks.com\/de\/?page_id=14328","og_site_name":"Power Jacks Limited","article_publisher":"https:\/\/www.facebook.com\/powerjacksltd","article_modified_time":"2026-02-17T13:31:44+00:00","og_image":[{"url":"https:\/\/www.powerjacks.com\/wp-content\/uploads\/2025\/06\/Downloads-Videos-768x1024.jpg","type":"","width":"","height":""}],"twitter_card":"summary_large_image","twitter_site":"@PowerJacksLtd","twitter_misc":{"Gesch\u00e4tzte Lesezeit":"7 Minute"},"schema":{"@context":"https:\/\/schema.org","@graph":[{"@type":"WebPage","@id":"https:\/\/www.powerjacks.com\/de\/?page_id=14328","url":"https:\/\/www.powerjacks.com\/de\/?page_id=14328","name":"Datenschutzbestimmungen | Power Jacks Limited","isPartOf":{"@id":"https:\/\/www.powerjacks.com\/#website"},"primaryImageOfPage":{"@id":"https:\/\/www.powerjacks.com\/de\/?page_id=14328#primaryimage"},"image":{"@id":"https:\/\/www.powerjacks.com\/de\/?page_id=14328#primaryimage"},"thumbnailUrl":"https:\/\/www.powerjacks.com\/wp-content\/uploads\/2025\/06\/Downloads-Videos-768x1024.jpg","datePublished":"2025-05-23T14:27:37+00:00","dateModified":"2026-02-17T13:31:44+00:00","description":"Bei Power Jacks werden wir Ihre Daten stets sch\u00fctzen. Lesen Sie unsere Datenschutzbestimmungen, um zu erfahren, wie wir Daten sammeln, verarbeiten und sch\u00fctzen.","breadcrumb":{"@id":"https:\/\/www.powerjacks.com\/de\/?page_id=14328#breadcrumb"},"inLanguage":"de","potentialAction":[{"@type":"ReadAction","target":["https:\/\/www.powerjacks.com\/de\/?page_id=14328"]}]},{"@type":"ImageObject","inLanguage":"de","@id":"https:\/\/www.powerjacks.com\/de\/?page_id=14328#primaryimage","url":"https:\/\/www.powerjacks.com\/wp-content\/uploads\/2025\/06\/Downloads-Videos-768x1024.jpg","contentUrl":"https:\/\/www.powerjacks.com\/wp-content\/uploads\/2025\/06\/Downloads-Videos-768x1024.jpg"},{"@type":"BreadcrumbList","@id":"https:\/\/www.powerjacks.com\/de\/?page_id=14328#breadcrumb","itemListElement":[{"@type":"ListItem","position":1,"name":"Home","item":"https:\/\/www.powerjacks.com\/de\/"},{"@type":"ListItem","position":2,"name":"Datenschutzbestimmungen"}]},{"@type":"WebSite","@id":"https:\/\/www.powerjacks.com\/#website","url":"https:\/\/www.powerjacks.com\/","name":"Power Jacks Limited","description":"Stainless Steel Screw Jacks for Excellent Corrosion Resistance","publisher":{"@id":"https:\/\/www.powerjacks.com\/#organization"},"potentialAction":[{"@type":"SearchAction","target":{"@type":"EntryPoint","urlTemplate":"https:\/\/www.powerjacks.com\/?s={search_term_string}"},"query-input":{"@type":"PropertyValueSpecification","valueRequired":true,"valueName":"search_term_string"}}],"inLanguage":"de"},{"@type":"Organization","@id":"https:\/\/www.powerjacks.com\/#organization","name":"Power Jacks Limited","url":"https:\/\/www.powerjacks.com\/","logo":{"@type":"ImageObject","inLanguage":"de","@id":"https:\/\/www.powerjacks.com\/#\/schema\/logo\/image\/","url":"https:\/\/www.powerjacks.com\/wp-content\/uploads\/2025\/12\/logo_2x.png","contentUrl":"https:\/\/www.powerjacks.com\/wp-content\/uploads\/2025\/12\/logo_2x.png","width":430,"height":65,"caption":"Power Jacks Limited"},"image":{"@id":"https:\/\/www.powerjacks.com\/#\/schema\/logo\/image\/"},"sameAs":["https:\/\/www.facebook.com\/powerjacksltd","https:\/\/x.com\/PowerJacksLtd","https:\/\/www.linkedin.com\/company\/power-jacks-ltd?trk=company_name","https:\/\/www.youtube.com\/@powerjacks"]}]}},"_links":{"self":[{"href":"https:\/\/www.powerjacks.com\/de\/wp-json\/wp\/v2\/pages\/14328","targetHints":{"allow":["GET"]}}],"collection":[{"href":"https:\/\/www.powerjacks.com\/de\/wp-json\/wp\/v2\/pages"}],"about":[{"href":"https:\/\/www.powerjacks.com\/de\/wp-json\/wp\/v2\/types\/page"}],"author":[{"embeddable":true,"href":"https:\/\/www.powerjacks.com\/de\/wp-json\/wp\/v2\/users\/100"}],"replies":[{"embeddable":true,"href":"https:\/\/www.powerjacks.com\/de\/wp-json\/wp\/v2\/comments?post=14328"}],"version-history":[{"count":2,"href":"https:\/\/www.powerjacks.com\/de\/wp-json\/wp\/v2\/pages\/14328\/revisions"}],"predecessor-version":[{"id":14330,"href":"https:\/\/www.powerjacks.com\/de\/wp-json\/wp\/v2\/pages\/14328\/revisions\/14330"}],"wp:attachment":[{"href":"https:\/\/www.powerjacks.com\/de\/wp-json\/wp\/v2\/media?parent=14328"}],"curies":[{"name":"wp","href":"https:\/\/api.w.org\/{rel}","templated":true}]}}