{"id":14428,"date":"2025-12-11T10:16:10","date_gmt":"2025-12-11T10:16:10","guid":{"rendered":"https:\/\/www.powerjacks.com\/vorteile-der-elektromechanik\/"},"modified":"2026-02-17T13:47:50","modified_gmt":"2026-02-17T13:47:50","slug":"vorteile-der-elektromechanik","status":"publish","type":"page","link":"https:\/\/www.powerjacks.com\/de\/vorteile-der-elektromechanik\/","title":{"rendered":"Vorteile der Elektromechanik"},"content":{"rendered":"\n<div class=\"wp-block-cover\" style=\"min-height:200px;aspect-ratio:unset;\"><img decoding=\"async\" width=\"1536\" height=\"2048\" class=\"wp-block-cover__image-background wp-image-2634 size-full\" alt=\"\" src=\"https:\/\/www.powerjacks.com\/wp-content\/smush-webp\/2025\/06\/Downloads-Videos-scaled.jpg.webp\" data-object-fit=\"cover\" srcset=\"https:\/\/www.powerjacks.com\/wp-content\/smush-webp\/2025\/06\/Downloads-Videos-scaled.jpg.webp 1536w, https:\/\/www.powerjacks.com\/wp-content\/smush-webp\/2025\/06\/Downloads-Videos-225x300.jpg.webp 225w, https:\/\/www.powerjacks.com\/wp-content\/smush-webp\/2025\/06\/Downloads-Videos-768x1024.jpg.webp 768w, https:\/\/www.powerjacks.com\/wp-content\/smush-webp\/2025\/06\/Downloads-Videos-1152x1536.jpg.webp 1152w, https:\/\/www.powerjacks.com\/wp-content\/smush-webp\/2025\/06\/Downloads-Videos-54x72.jpg.webp 54w, https:\/\/www.powerjacks.com\/wp-content\/smush-webp\/2025\/06\/Downloads-Videos-131x175.jpg.webp 131w, https:\/\/www.powerjacks.com\/wp-content\/smush-webp\/2025\/06\/Downloads-Videos-122x162.jpg.webp 122w, https:\/\/www.powerjacks.com\/wp-content\/smush-webp\/2025\/06\/Downloads-Videos-60x80.jpg.webp 60w, https:\/\/www.powerjacks.com\/wp-content\/smush-webp\/2025\/06\/Downloads-Videos-548x731.jpg.webp 548w, https:\/\/www.powerjacks.com\/wp-content\/smush-webp\/2025\/06\/Downloads-Videos-49x65.jpg.webp 49w, https:\/\/www.powerjacks.com\/wp-content\/smush-webp\/2025\/06\/Downloads-Videos-600x800.jpg.webp 600w\" sizes=\"(max-width: 1536px) 100vw, 1536px\" \/><span aria-hidden=\"true\" class=\"wp-block-cover__background has-background-dim-100 has-background-dim wp-block-cover__gradient-background has-background-gradient has-light-green-gradient-background\"><\/span><div class=\"wp-block-cover__inner-container has-global-padding is-layout-constrained wp-container-core-cover-is-layout-5a30f31b wp-block-cover-is-layout-constrained\"><h1 class=\"has-text-align-center wp-block-post-title\">Vorteile der Elektromechanik<\/h1>\n\n<div class=\"intelligent-back-btn-wrapper wp-block-acf-intelligent-back-button\">\n            <a href=\"javascript:history.back()\"\n           id=\"js-back-button\"\n           class=\"btn-back\"\n           style=\"display: none;\">\n            <svg xmlns=\"http:\/\/www.w3.org\/2000\/svg\" width=\"18\" height=\"8\" viewBox=\"0 0 18 8\" fill=\"none\">\n                <path d=\"M0.646446 3.64645C0.451185 3.84171 0.451185 4.15829 0.646446 4.35355L3.82843 7.53554C4.02369 7.7308 4.34027 7.7308 4.53553 7.53554C4.7308 7.34027 4.7308 7.02369 4.53553 6.82843L1.70711 4L4.53553 1.17157C4.7308 0.976312 4.7308 0.659729 4.53553 0.464467C4.34027 0.269205 4.02369 0.269205 3.82843 0.464467L0.646446 3.64645ZM18 4L18 3.5L1 3.5L1 4L1 4.5L18 4.5L18 4Z\" fill=\"currentColor\"><\/path>\n            <\/svg> Zur\u00fcck        <\/a>\n    <\/div>\n<\/div><\/div>\n\n<div class=\"wp-block-group has-global-padding is-layout-constrained wp-block-group-is-layout-constrained\" style=\"padding-top:var(--wp--preset--spacing--80);padding-bottom:var(--wp--preset--spacing--80)\">\n<div class=\"wp-block-media-text is-stacked-on-mobile is-vertically-aligned-center\"><figure class=\"wp-block-media-text__media\"><img decoding=\"async\" width=\"840\" height=\"319\" src=\"https:\/\/www.powerjacks.com\/wp-content\/smush-webp\/2025\/12\/benefits-of-electro-mechanical.jpg.webp\" alt=\"\" class=\"wp-image-13142 size-full\" srcset=\"https:\/\/www.powerjacks.com\/wp-content\/smush-webp\/2025\/12\/benefits-of-electro-mechanical.jpg.webp 840w, https:\/\/www.powerjacks.com\/wp-content\/smush-webp\/2025\/12\/benefits-of-electro-mechanical-300x114.jpg.webp 300w, https:\/\/www.powerjacks.com\/wp-content\/smush-webp\/2025\/12\/benefits-of-electro-mechanical-768x292.jpg.webp 768w, https:\/\/www.powerjacks.com\/wp-content\/smush-webp\/2025\/12\/benefits-of-electro-mechanical-54x21.jpg.webp 54w, https:\/\/www.powerjacks.com\/wp-content\/smush-webp\/2025\/12\/benefits-of-electro-mechanical-461x175.jpg.webp 461w, https:\/\/www.powerjacks.com\/wp-content\/smush-webp\/2025\/12\/benefits-of-electro-mechanical-427x162.jpg.webp 427w, https:\/\/www.powerjacks.com\/wp-content\/smush-webp\/2025\/12\/benefits-of-electro-mechanical-211x80.jpg.webp 211w, https:\/\/www.powerjacks.com\/wp-content\/smush-webp\/2025\/12\/benefits-of-electro-mechanical-548x208.jpg.webp 548w, https:\/\/www.powerjacks.com\/wp-content\/smush-webp\/2025\/12\/benefits-of-electro-mechanical-171x65.jpg.webp 171w, https:\/\/www.powerjacks.com\/wp-content\/smush-webp\/2025\/12\/benefits-of-electro-mechanical-600x228.jpg.webp 600w\" sizes=\"(max-width: 840px) 100vw, 840px\" \/><\/figure><div class=\"wp-block-media-text__content\">\n<p>Die Pr\u00e4zisionsspindelhubgetriebe und elektromechanischen Aktuatoren von Power Jacks bieten f\u00fcr Anwendungen mit hohen Lasten (10kN bis 3500kN und mehr) eine bessere L\u00f6sung f\u00fcr Hebevorg\u00e4nge oder lineare Bewegungen als Hydraulik. Unsere Produkte haben den Vorteil einer verbesserten Leistung und Sicherheit bei geringeren Kosten und bieten gleichzeitig eine einfachere, leichter zu steuernde und umweltfreundlichere L\u00f6sung. <\/p>\n<\/div><\/div>\n\n\n\n<h2 class=\"wp-block-heading\">Die Vorteile des elektromechanischen Hebens und Bet\u00e4tigens<\/h2>\n\n\n\n<p>Einige der Vorteile von elektromechanischen L\u00f6sungen sind:<\/p>\n\n\n\n<h3 class=\"wp-block-heading\">H\u00f6here Leistung<\/h3>\n\n\n\n<ul class=\"wp-block-list is-style-disc-list\">\n<li>Pr\u00e4zise und gleichm\u00e4\u00dfige Kraftentfaltung.<\/li>\n\n\n\n<li>Erh\u00f6hter Bet\u00e4tigungsbereich, da die Hubposition einfach und schnell variiert werden kann.<\/li>\n\n\n\n<li>Elektromechanische L\u00f6sungen sind widerstandsf\u00e4higer gegen Temperaturschwankungen.<\/li>\n\n\n\n<li>Vollst\u00e4ndige Kontrolle des gesamten Bewegungsprofils mit Standardsteuerungsmethoden.<\/li>\n\n\n\n<li>Wiederholbare und genaue Positionierung.<\/li>\n<\/ul>\n\n\n\n<h3 class=\"wp-block-heading\">Reduzierte Kosten<\/h3>\n\n\n\n<ul class=\"wp-block-list is-style-disc-list\">\n<li>Das elektromechanische System ist im Allgemeinen billiger als ein hydraulisches System, wenn man die erforderliche hydraulische Zusatzausr\u00fcstung mit einbezieht.<\/li>\n\n\n\n<li>Die Maschinen ben\u00f6tigen weniger Wartung, da kein Hydraulik\u00f6l gewartet werden muss und keine Lecks zu reparieren sind.<\/li>\n\n\n\n<li>Weniger manuelle Eingriffe an Maschinen zur Einrichtung von Prozessen, da elektromechanische L\u00f6sungen \u00fcber das gesamte Bewegungsprofil gesteuert werden k\u00f6nnen.<\/li>\n\n\n\n<li>Geringere Ausfallzeiten durch gef\u00e4hrliche Fl\u00fcssigkeitslecks.<\/li>\n\n\n\n<li>Elektromechanische L\u00f6sungen verbrauchen nur dann Energie, wenn die Last bewegt wird. Im Vergleich dazu m\u00fcssen hydraulische Systeme in der Regel ein Druckniveau aufrechterhalten, um entweder die Position zu halten, wenn eine Last gehalten wird, oder um sicherzustellen, dass das System bei Bedarf reagieren kann. <\/li>\n<\/ul>\n\n\n\n<h3 class=\"wp-block-heading\">Erh\u00f6hte Sicherheit<\/h3>\n\n\n\n<ul class=\"wp-block-list is-style-disc-list\">\n<li>Im Falle eines Stromausfalls k\u00f6nnen Spindelhubgetriebe und elektrische Linearantriebe selbstsichernd sein.<\/li>\n\n\n\n<li>Keine Hochdruck-\u00d6lleckagen.<\/li>\n<\/ul>\n\n\n\n<h3 class=\"wp-block-heading\">Leichter zu kontrollieren<\/h3>\n\n\n\n<ul class=\"wp-block-list is-style-disc-list\">\n<li>Durch die Verwendung von elektrischen Standardl\u00f6sungen und Schnellverbindern sind elektromechanische Systeme schneller zu installieren.<\/li>\n\n\n\n<li>Elektrische Systeme sind schnell und einfach zu programmieren und auf eine Anwendung abzustimmen, einschlie\u00dflich der genauen Synchronisierung mehrerer Achsen.<\/li>\n\n\n\n<li>Bei gro\u00dfen Entfernungen zwischen den Achsen besteht bei hydraulischen Systemen aufgrund der langen Leitungswege ein h\u00f6heres Risiko von Druckverlusten und Lecks. Bei elektromechanischen L\u00f6sungen hingegen gen\u00fcgt eine einfache Wellen- oder Elektrokabelverl\u00e4ngerung. <\/li>\n\n\n\n<li>Der Schaltschrank kann an mehr Stellen innerhalb einer Anlage aufgestellt werden als ein hydraulisches System.<\/li>\n<\/ul>\n\n\n\n<h3 class=\"wp-block-heading\">Mehr Umweltfreundlichkeit<\/h3>\n\n\n\n<ul class=\"wp-block-list is-style-disc-list\">\n<li>Sauberere Maschinen, da keine Hydraulikfl\u00fcssigkeit austritt.<\/li>\n\n\n\n<li>Das Risiko einer Verunreinigung der Umwelt, von Geb\u00e4uden oder Produkten wird entweder erheblich reduziert oder ausgeschlossen, da keine gef\u00e4hrliche Hydraulikfl\u00fcssigkeit verwendet wird.<\/li>\n\n\n\n<li>Leiserer Betrieb, da keine laute Hydraulic Power Unit (HPU).<\/li>\n\n\n\n<li>Geringere Gesundheits- und Sicherheitsanforderungen, da keine gef\u00e4hrliche Hydraulikfl\u00fcssigkeit.<\/li>\n\n\n\n<li>Sie m\u00fcssen keine gef\u00e4hrliche Hydraulikfl\u00fcssigkeit w\u00e4hrend und am Ende der Produktlebensdauer entsorgen.<\/li>\n<\/ul>\n<\/div>\n","protected":false},"excerpt":{"rendered":"<p>Die Pr\u00e4zisionsspindelhubgetriebe und elektromechanischen Aktuatoren von Power Jacks bieten f\u00fcr Anwendungen mit hohen Lasten (10kN bis 3500kN und mehr) eine bessere L\u00f6sung f\u00fcr Hebevorg\u00e4nge oder lineare Bewegungen als Hydraulik. Unsere Produkte haben den Vorteil einer verbesserten Leistung und Sicherheit bei geringeren Kosten und bieten gleichzeitig eine einfachere, leichter zu steuernde&hellip;<\/p>\n","protected":false},"author":100,"featured_media":0,"parent":0,"menu_order":0,"comment_status":"closed","ping_status":"closed","template":"","meta":{"_acf_changed":false,"footnotes":""},"class_list":["post-14428","page","type-page","status-publish","hentry"],"acf":[],"yoast_head":"<!-- This site is optimized with the Yoast SEO plugin v27.3 - https:\/\/yoast.com\/product\/yoast-seo-wordpress\/ -->\n<title>Vorteile der Elektromechanik | Power Jacks Limited<\/title>\n<meta name=\"description\" content=\"Sehen Sie sich den Heben und Bewegen mit Power Jacks an, dem Spezialisten f\u00fcr elektromechanisches Bewegen, Heben und Positionieren.\" \/>\n<meta name=\"robots\" content=\"index, follow, max-snippet:-1, max-image-preview:large, max-video-preview:-1\" \/>\n<link rel=\"canonical\" href=\"https:\/\/www.powerjacks.com\/benefits-of-electro-mechanical\/\" \/>\n<meta property=\"og:locale\" content=\"de_DE\" \/>\n<meta property=\"og:type\" content=\"article\" \/>\n<meta property=\"og:title\" content=\"Vorteile der Elektromechanik | Power Jacks Limited\" \/>\n<meta property=\"og:description\" content=\"Sehen Sie sich den Heben und Bewegen mit Power Jacks an, dem Spezialisten f\u00fcr elektromechanisches Bewegen, Heben und Positionieren.\" \/>\n<meta property=\"og:url\" content=\"https:\/\/www.powerjacks.com\/benefits-of-electro-mechanical\/\" \/>\n<meta property=\"og:site_name\" content=\"Power Jacks Limited\" \/>\n<meta property=\"article:publisher\" content=\"https:\/\/www.facebook.com\/powerjacksltd\" \/>\n<meta property=\"article:modified_time\" content=\"2026-02-17T13:47:50+00:00\" \/>\n<meta property=\"og:image\" content=\"https:\/\/www.powerjacks.com\/wp-content\/uploads\/2025\/06\/Downloads-Videos-scaled.jpg\" \/>\n<meta name=\"twitter:card\" content=\"summary_large_image\" \/>\n<meta name=\"twitter:site\" content=\"@PowerJacksLtd\" \/>\n<meta name=\"twitter:label1\" content=\"Gesch\u00e4tzte Lesezeit\" \/>\n\t<meta name=\"twitter:data1\" content=\"2 Minute\" \/>\n<script type=\"application\/ld+json\" class=\"yoast-schema-graph\">{\"@context\":\"https:\\\/\\\/schema.org\",\"@graph\":[{\"@type\":\"WebPage\",\"@id\":\"https:\\\/\\\/www.powerjacks.com\\\/benefits-of-electro-mechanical\\\/\",\"url\":\"https:\\\/\\\/www.powerjacks.com\\\/benefits-of-electro-mechanical\\\/\",\"name\":\"Vorteile der Elektromechanik | Power Jacks Limited\",\"isPartOf\":{\"@id\":\"https:\\\/\\\/www.powerjacks.com\\\/#website\"},\"primaryImageOfPage\":{\"@id\":\"https:\\\/\\\/www.powerjacks.com\\\/benefits-of-electro-mechanical\\\/#primaryimage\"},\"image\":{\"@id\":\"https:\\\/\\\/www.powerjacks.com\\\/benefits-of-electro-mechanical\\\/#primaryimage\"},\"thumbnailUrl\":\"https:\\\/\\\/www.powerjacks.com\\\/wp-content\\\/uploads\\\/2025\\\/06\\\/Downloads-Videos-scaled.jpg\",\"datePublished\":\"2025-12-11T10:16:10+00:00\",\"dateModified\":\"2026-02-17T13:47:50+00:00\",\"description\":\"Sehen Sie sich den Heben und Bewegen mit Power Jacks an, dem Spezialisten f\u00fcr elektromechanisches Bewegen, Heben und Positionieren.\",\"breadcrumb\":{\"@id\":\"https:\\\/\\\/www.powerjacks.com\\\/benefits-of-electro-mechanical\\\/#breadcrumb\"},\"inLanguage\":\"de\",\"potentialAction\":[{\"@type\":\"ReadAction\",\"target\":[\"https:\\\/\\\/www.powerjacks.com\\\/benefits-of-electro-mechanical\\\/\"]}]},{\"@type\":\"ImageObject\",\"inLanguage\":\"de\",\"@id\":\"https:\\\/\\\/www.powerjacks.com\\\/benefits-of-electro-mechanical\\\/#primaryimage\",\"url\":\"https:\\\/\\\/www.powerjacks.com\\\/wp-content\\\/uploads\\\/2025\\\/06\\\/Downloads-Videos-scaled.jpg\",\"contentUrl\":\"https:\\\/\\\/www.powerjacks.com\\\/wp-content\\\/uploads\\\/2025\\\/06\\\/Downloads-Videos-scaled.jpg\"},{\"@type\":\"BreadcrumbList\",\"@id\":\"https:\\\/\\\/www.powerjacks.com\\\/benefits-of-electro-mechanical\\\/#breadcrumb\",\"itemListElement\":[{\"@type\":\"ListItem\",\"position\":1,\"name\":\"Home\",\"item\":\"https:\\\/\\\/www.powerjacks.com\\\/de\\\/\"},{\"@type\":\"ListItem\",\"position\":2,\"name\":\"Vorteile der Elektromechanik\"}]},{\"@type\":\"WebSite\",\"@id\":\"https:\\\/\\\/www.powerjacks.com\\\/#website\",\"url\":\"https:\\\/\\\/www.powerjacks.com\\\/\",\"name\":\"Power Jacks Limited\",\"description\":\"Stainless Steel Screw Jacks for Excellent Corrosion Resistance\",\"publisher\":{\"@id\":\"https:\\\/\\\/www.powerjacks.com\\\/#organization\"},\"potentialAction\":[{\"@type\":\"SearchAction\",\"target\":{\"@type\":\"EntryPoint\",\"urlTemplate\":\"https:\\\/\\\/www.powerjacks.com\\\/?s={search_term_string}\"},\"query-input\":{\"@type\":\"PropertyValueSpecification\",\"valueRequired\":true,\"valueName\":\"search_term_string\"}}],\"inLanguage\":\"de\"},{\"@type\":\"Organization\",\"@id\":\"https:\\\/\\\/www.powerjacks.com\\\/#organization\",\"name\":\"Power Jacks Limited\",\"url\":\"https:\\\/\\\/www.powerjacks.com\\\/\",\"logo\":{\"@type\":\"ImageObject\",\"inLanguage\":\"de\",\"@id\":\"https:\\\/\\\/www.powerjacks.com\\\/#\\\/schema\\\/logo\\\/image\\\/\",\"url\":\"https:\\\/\\\/www.powerjacks.com\\\/wp-content\\\/uploads\\\/2025\\\/12\\\/logo_2x.png\",\"contentUrl\":\"https:\\\/\\\/www.powerjacks.com\\\/wp-content\\\/uploads\\\/2025\\\/12\\\/logo_2x.png\",\"width\":430,\"height\":65,\"caption\":\"Power Jacks Limited\"},\"image\":{\"@id\":\"https:\\\/\\\/www.powerjacks.com\\\/#\\\/schema\\\/logo\\\/image\\\/\"},\"sameAs\":[\"https:\\\/\\\/www.facebook.com\\\/powerjacksltd\",\"https:\\\/\\\/x.com\\\/PowerJacksLtd\",\"https:\\\/\\\/www.linkedin.com\\\/company\\\/power-jacks-ltd?trk=company_name\",\"https:\\\/\\\/www.youtube.com\\\/@powerjacks\"]}]}<\/script>\n<!-- \/ Yoast SEO plugin. -->","yoast_head_json":{"title":"Vorteile der Elektromechanik | Power Jacks Limited","description":"Sehen Sie sich den Heben und Bewegen mit Power Jacks an, dem Spezialisten f\u00fcr elektromechanisches Bewegen, Heben und Positionieren.","robots":{"index":"index","follow":"follow","max-snippet":"max-snippet:-1","max-image-preview":"max-image-preview:large","max-video-preview":"max-video-preview:-1"},"canonical":"https:\/\/www.powerjacks.com\/benefits-of-electro-mechanical\/","og_locale":"de_DE","og_type":"article","og_title":"Vorteile der Elektromechanik | Power Jacks Limited","og_description":"Sehen Sie sich den Heben und Bewegen mit Power Jacks an, dem Spezialisten f\u00fcr elektromechanisches Bewegen, Heben und Positionieren.","og_url":"https:\/\/www.powerjacks.com\/benefits-of-electro-mechanical\/","og_site_name":"Power Jacks Limited","article_publisher":"https:\/\/www.facebook.com\/powerjacksltd","article_modified_time":"2026-02-17T13:47:50+00:00","og_image":[{"url":"https:\/\/www.powerjacks.com\/wp-content\/uploads\/2025\/06\/Downloads-Videos-scaled.jpg","type":"","width":"","height":""}],"twitter_card":"summary_large_image","twitter_site":"@PowerJacksLtd","twitter_misc":{"Gesch\u00e4tzte Lesezeit":"2 Minute"},"schema":{"@context":"https:\/\/schema.org","@graph":[{"@type":"WebPage","@id":"https:\/\/www.powerjacks.com\/benefits-of-electro-mechanical\/","url":"https:\/\/www.powerjacks.com\/benefits-of-electro-mechanical\/","name":"Vorteile der Elektromechanik | Power Jacks Limited","isPartOf":{"@id":"https:\/\/www.powerjacks.com\/#website"},"primaryImageOfPage":{"@id":"https:\/\/www.powerjacks.com\/benefits-of-electro-mechanical\/#primaryimage"},"image":{"@id":"https:\/\/www.powerjacks.com\/benefits-of-electro-mechanical\/#primaryimage"},"thumbnailUrl":"https:\/\/www.powerjacks.com\/wp-content\/uploads\/2025\/06\/Downloads-Videos-scaled.jpg","datePublished":"2025-12-11T10:16:10+00:00","dateModified":"2026-02-17T13:47:50+00:00","description":"Sehen Sie sich den Heben und Bewegen mit Power Jacks an, dem Spezialisten f\u00fcr elektromechanisches Bewegen, Heben und Positionieren.","breadcrumb":{"@id":"https:\/\/www.powerjacks.com\/benefits-of-electro-mechanical\/#breadcrumb"},"inLanguage":"de","potentialAction":[{"@type":"ReadAction","target":["https:\/\/www.powerjacks.com\/benefits-of-electro-mechanical\/"]}]},{"@type":"ImageObject","inLanguage":"de","@id":"https:\/\/www.powerjacks.com\/benefits-of-electro-mechanical\/#primaryimage","url":"https:\/\/www.powerjacks.com\/wp-content\/uploads\/2025\/06\/Downloads-Videos-scaled.jpg","contentUrl":"https:\/\/www.powerjacks.com\/wp-content\/uploads\/2025\/06\/Downloads-Videos-scaled.jpg"},{"@type":"BreadcrumbList","@id":"https:\/\/www.powerjacks.com\/benefits-of-electro-mechanical\/#breadcrumb","itemListElement":[{"@type":"ListItem","position":1,"name":"Home","item":"https:\/\/www.powerjacks.com\/de\/"},{"@type":"ListItem","position":2,"name":"Vorteile der Elektromechanik"}]},{"@type":"WebSite","@id":"https:\/\/www.powerjacks.com\/#website","url":"https:\/\/www.powerjacks.com\/","name":"Power Jacks Limited","description":"Stainless Steel Screw Jacks for Excellent Corrosion Resistance","publisher":{"@id":"https:\/\/www.powerjacks.com\/#organization"},"potentialAction":[{"@type":"SearchAction","target":{"@type":"EntryPoint","urlTemplate":"https:\/\/www.powerjacks.com\/?s={search_term_string}"},"query-input":{"@type":"PropertyValueSpecification","valueRequired":true,"valueName":"search_term_string"}}],"inLanguage":"de"},{"@type":"Organization","@id":"https:\/\/www.powerjacks.com\/#organization","name":"Power Jacks Limited","url":"https:\/\/www.powerjacks.com\/","logo":{"@type":"ImageObject","inLanguage":"de","@id":"https:\/\/www.powerjacks.com\/#\/schema\/logo\/image\/","url":"https:\/\/www.powerjacks.com\/wp-content\/uploads\/2025\/12\/logo_2x.png","contentUrl":"https:\/\/www.powerjacks.com\/wp-content\/uploads\/2025\/12\/logo_2x.png","width":430,"height":65,"caption":"Power Jacks Limited"},"image":{"@id":"https:\/\/www.powerjacks.com\/#\/schema\/logo\/image\/"},"sameAs":["https:\/\/www.facebook.com\/powerjacksltd","https:\/\/x.com\/PowerJacksLtd","https:\/\/www.linkedin.com\/company\/power-jacks-ltd?trk=company_name","https:\/\/www.youtube.com\/@powerjacks"]}]}},"_links":{"self":[{"href":"https:\/\/www.powerjacks.com\/de\/wp-json\/wp\/v2\/pages\/14428","targetHints":{"allow":["GET"]}}],"collection":[{"href":"https:\/\/www.powerjacks.com\/de\/wp-json\/wp\/v2\/pages"}],"about":[{"href":"https:\/\/www.powerjacks.com\/de\/wp-json\/wp\/v2\/types\/page"}],"author":[{"embeddable":true,"href":"https:\/\/www.powerjacks.com\/de\/wp-json\/wp\/v2\/users\/100"}],"replies":[{"embeddable":true,"href":"https:\/\/www.powerjacks.com\/de\/wp-json\/wp\/v2\/comments?post=14428"}],"version-history":[{"count":4,"href":"https:\/\/www.powerjacks.com\/de\/wp-json\/wp\/v2\/pages\/14428\/revisions"}],"predecessor-version":[{"id":14457,"href":"https:\/\/www.powerjacks.com\/de\/wp-json\/wp\/v2\/pages\/14428\/revisions\/14457"}],"wp:attachment":[{"href":"https:\/\/www.powerjacks.com\/de\/wp-json\/wp\/v2\/media?parent=14428"}],"curies":[{"name":"wp","href":"https:\/\/api.w.org\/{rel}","templated":true}]}}