{"id":14434,"date":"2025-12-11T10:16:51","date_gmt":"2025-12-11T10:16:51","guid":{"rendered":"https:\/\/www.powerjacks.com\/renten\/"},"modified":"2026-02-17T13:32:23","modified_gmt":"2026-02-17T13:32:23","slug":"renten","status":"publish","type":"page","link":"https:\/\/www.powerjacks.com\/de\/renten\/","title":{"rendered":"Renten"},"content":{"rendered":"\n<div class=\"wp-block-cover subPageHero\" style=\"min-height:200px;aspect-ratio:unset;\"><img decoding=\"async\" width=\"768\" height=\"1024\" class=\"wp-block-cover__image-background wp-image-2634 size-large\" alt=\"\" src=\"https:\/\/www.powerjacks.com\/wp-content\/smush-webp\/2025\/06\/Downloads-Videos-768x1024.jpg.webp\" data-object-fit=\"cover\" srcset=\"https:\/\/www.powerjacks.com\/wp-content\/smush-webp\/2025\/06\/Downloads-Videos-768x1024.jpg.webp 768w, https:\/\/www.powerjacks.com\/wp-content\/smush-webp\/2025\/06\/Downloads-Videos-225x300.jpg.webp 225w, https:\/\/www.powerjacks.com\/wp-content\/smush-webp\/2025\/06\/Downloads-Videos-1152x1536.jpg.webp 1152w, https:\/\/www.powerjacks.com\/wp-content\/smush-webp\/2025\/06\/Downloads-Videos-scaled.jpg.webp 1536w, https:\/\/www.powerjacks.com\/wp-content\/smush-webp\/2025\/06\/Downloads-Videos-54x72.jpg.webp 54w, https:\/\/www.powerjacks.com\/wp-content\/smush-webp\/2025\/06\/Downloads-Videos-131x175.jpg.webp 131w, https:\/\/www.powerjacks.com\/wp-content\/smush-webp\/2025\/06\/Downloads-Videos-122x162.jpg.webp 122w, https:\/\/www.powerjacks.com\/wp-content\/smush-webp\/2025\/06\/Downloads-Videos-60x80.jpg.webp 60w, https:\/\/www.powerjacks.com\/wp-content\/smush-webp\/2025\/06\/Downloads-Videos-548x731.jpg.webp 548w, https:\/\/www.powerjacks.com\/wp-content\/smush-webp\/2025\/06\/Downloads-Videos-49x65.jpg.webp 49w, https:\/\/www.powerjacks.com\/wp-content\/smush-webp\/2025\/06\/Downloads-Videos-600x800.jpg.webp 600w\" sizes=\"(max-width: 768px) 100vw, 768px\" \/><span aria-hidden=\"true\" class=\"wp-block-cover__background has-background-dim-100 has-background-dim wp-block-cover__gradient-background has-background-gradient has-light-green-gradient-background\"><\/span><div class=\"wp-block-cover__inner-container has-global-padding is-layout-constrained wp-container-core-cover-is-layout-346627ba wp-block-cover-is-layout-constrained\"><h1 class=\"has-text-align-center wp-block-post-title\">Renten<\/h1><\/div><\/div>\n\n<div class=\"wp-block-group has-global-padding is-layout-constrained wp-block-group-is-layout-constrained\" style=\"padding-top:var(--wp--preset--spacing--70);padding-bottom:var(--wp--preset--spacing--70)\">\n<h2 class=\"wp-block-heading\">Power Jacks Limited Renten<\/h2>\n\n\n\n<p>Das Power Jacks Limited Retirement Benefits Scheme (hier &#8222;das System&#8220; genannt), ein leistungsorientiertes Pensionssystem, wurde 1988 eingef\u00fchrt. Die Mitgliedschaft wurde 2008 f\u00fcr k\u00fcnftige Zuw\u00e4chse geschlossen.<\/p>\n\n\n\n<p>STATEMENT OF INVESTMENT PRINCIPLES<br\/>Das Statement of Investment Principles hilft Ihnen, die Strategie des Treuh\u00e4nders f\u00fcr die Anlagen des Scheme zu verstehen.<\/p>\n\n\n\n<p>UMSETZUNGSERKL\u00c4RUNG<br\/>Die Umsetzungserkl\u00e4rungen zeigen Ihnen, wie der Treuh\u00e4nder die oben genannten Anlagegrunds\u00e4tze seit Dezember 2023 befolgt hat<\/p>\n\n\n\n<p>F\u00fcr R\u00fcckfragen wenden Sie sich bitte an:<\/p>\n\n\n\n<p class=\"wp-elements-345699ccce28790dbc2ef683e20315cb\">XPS Pensions Group<br\/>40 Torphichen Street, Edinburgh, EH3 8JB<br\/><a href=\"http:\/\/www.xpsgroup.com\">www.xpsgroup.com<\/a><\/p>\n<\/div>\n","protected":false},"excerpt":{"rendered":"<p>Power Jacks Limited Renten Das Power Jacks Limited Retirement Benefits Scheme (hier &#8222;das System&#8220; genannt), ein leistungsorientiertes Pensionssystem, wurde 1988 eingef\u00fchrt. Die Mitgliedschaft wurde 2008 f\u00fcr k\u00fcnftige Zuw\u00e4chse geschlossen. STATEMENT OF INVESTMENT PRINCIPLESDas Statement of Investment Principles hilft Ihnen, die Strategie des Treuh\u00e4nders f\u00fcr die Anlagen des Scheme zu verstehen.&hellip;<\/p>\n","protected":false},"author":100,"featured_media":0,"parent":0,"menu_order":0,"comment_status":"closed","ping_status":"closed","template":"page-templates\/page-pensions.php","meta":{"_acf_changed":false,"footnotes":""},"class_list":["post-14434","page","type-page","status-publish","hentry"],"acf":[],"yoast_head":"<!-- This site is optimized with the Yoast SEO plugin v27.3 - https:\/\/yoast.com\/product\/yoast-seo-wordpress\/ -->\n<title>Renten | Power Jacks Limited<\/title>\n<meta name=\"description\" content=\"Erfahren Sie mehr \u00fcber den Power Jacks Rentenplan. Entdecken Sie die Vorteile einer lohnenden Karriere bei Power Jacks - dem Spezialisten f\u00fcr elektromechanische Antriebe, Hebevorg\u00e4nge und Positionierung.\" \/>\n<meta name=\"robots\" content=\"index, follow, max-snippet:-1, max-image-preview:large, max-video-preview:-1\" \/>\n<link rel=\"canonical\" href=\"https:\/\/www.powerjacks.com\/de\/?page_id=14434\" \/>\n<meta property=\"og:locale\" content=\"de_DE\" \/>\n<meta property=\"og:type\" content=\"article\" \/>\n<meta property=\"og:title\" content=\"Renten | Power Jacks Limited\" \/>\n<meta property=\"og:description\" content=\"Erfahren Sie mehr \u00fcber den Power Jacks Rentenplan. Entdecken Sie die Vorteile einer lohnenden Karriere bei Power Jacks - dem Spezialisten f\u00fcr elektromechanische Antriebe, Hebevorg\u00e4nge und Positionierung.\" \/>\n<meta property=\"og:url\" content=\"https:\/\/www.powerjacks.com\/de\/?page_id=14434\" \/>\n<meta property=\"og:site_name\" content=\"Power Jacks Limited\" \/>\n<meta property=\"article:publisher\" content=\"https:\/\/www.facebook.com\/powerjacksltd\" \/>\n<meta property=\"article:modified_time\" content=\"2026-02-17T13:32:23+00:00\" \/>\n<meta property=\"og:image\" content=\"https:\/\/www.powerjacks.com\/wp-content\/uploads\/2025\/06\/Downloads-Videos-768x1024.jpg\" \/>\n<meta name=\"twitter:card\" content=\"summary_large_image\" \/>\n<meta name=\"twitter:site\" content=\"@PowerJacksLtd\" \/>\n<script type=\"application\/ld+json\" class=\"yoast-schema-graph\">{\"@context\":\"https:\\\/\\\/schema.org\",\"@graph\":[{\"@type\":\"WebPage\",\"@id\":\"https:\\\/\\\/www.powerjacks.com\\\/de\\\/?page_id=14434\",\"url\":\"https:\\\/\\\/www.powerjacks.com\\\/de\\\/?page_id=14434\",\"name\":\"Renten | Power Jacks Limited\",\"isPartOf\":{\"@id\":\"https:\\\/\\\/www.powerjacks.com\\\/#website\"},\"primaryImageOfPage\":{\"@id\":\"https:\\\/\\\/www.powerjacks.com\\\/de\\\/?page_id=14434#primaryimage\"},\"image\":{\"@id\":\"https:\\\/\\\/www.powerjacks.com\\\/de\\\/?page_id=14434#primaryimage\"},\"thumbnailUrl\":\"https:\\\/\\\/www.powerjacks.com\\\/wp-content\\\/uploads\\\/2025\\\/06\\\/Downloads-Videos-768x1024.jpg\",\"datePublished\":\"2025-12-11T10:16:51+00:00\",\"dateModified\":\"2026-02-17T13:32:23+00:00\",\"description\":\"Erfahren Sie mehr \u00fcber den Power Jacks Rentenplan. Entdecken Sie die Vorteile einer lohnenden Karriere bei Power Jacks - dem Spezialisten f\u00fcr elektromechanische Antriebe, Hebevorg\u00e4nge und Positionierung.\",\"breadcrumb\":{\"@id\":\"https:\\\/\\\/www.powerjacks.com\\\/de\\\/?page_id=14434#breadcrumb\"},\"inLanguage\":\"de\",\"potentialAction\":[{\"@type\":\"ReadAction\",\"target\":[\"https:\\\/\\\/www.powerjacks.com\\\/de\\\/?page_id=14434\"]}]},{\"@type\":\"ImageObject\",\"inLanguage\":\"de\",\"@id\":\"https:\\\/\\\/www.powerjacks.com\\\/de\\\/?page_id=14434#primaryimage\",\"url\":\"https:\\\/\\\/www.powerjacks.com\\\/wp-content\\\/uploads\\\/2025\\\/06\\\/Downloads-Videos-768x1024.jpg\",\"contentUrl\":\"https:\\\/\\\/www.powerjacks.com\\\/wp-content\\\/uploads\\\/2025\\\/06\\\/Downloads-Videos-768x1024.jpg\"},{\"@type\":\"BreadcrumbList\",\"@id\":\"https:\\\/\\\/www.powerjacks.com\\\/de\\\/?page_id=14434#breadcrumb\",\"itemListElement\":[{\"@type\":\"ListItem\",\"position\":1,\"name\":\"Home\",\"item\":\"https:\\\/\\\/www.powerjacks.com\\\/de\\\/\"},{\"@type\":\"ListItem\",\"position\":2,\"name\":\"Renten\"}]},{\"@type\":\"WebSite\",\"@id\":\"https:\\\/\\\/www.powerjacks.com\\\/#website\",\"url\":\"https:\\\/\\\/www.powerjacks.com\\\/\",\"name\":\"Power Jacks Limited\",\"description\":\"Stainless Steel Screw Jacks for Excellent Corrosion Resistance\",\"publisher\":{\"@id\":\"https:\\\/\\\/www.powerjacks.com\\\/#organization\"},\"potentialAction\":[{\"@type\":\"SearchAction\",\"target\":{\"@type\":\"EntryPoint\",\"urlTemplate\":\"https:\\\/\\\/www.powerjacks.com\\\/?s={search_term_string}\"},\"query-input\":{\"@type\":\"PropertyValueSpecification\",\"valueRequired\":true,\"valueName\":\"search_term_string\"}}],\"inLanguage\":\"de\"},{\"@type\":\"Organization\",\"@id\":\"https:\\\/\\\/www.powerjacks.com\\\/#organization\",\"name\":\"Power Jacks Limited\",\"url\":\"https:\\\/\\\/www.powerjacks.com\\\/\",\"logo\":{\"@type\":\"ImageObject\",\"inLanguage\":\"de\",\"@id\":\"https:\\\/\\\/www.powerjacks.com\\\/#\\\/schema\\\/logo\\\/image\\\/\",\"url\":\"https:\\\/\\\/www.powerjacks.com\\\/wp-content\\\/uploads\\\/2025\\\/12\\\/logo_2x.png\",\"contentUrl\":\"https:\\\/\\\/www.powerjacks.com\\\/wp-content\\\/uploads\\\/2025\\\/12\\\/logo_2x.png\",\"width\":430,\"height\":65,\"caption\":\"Power Jacks Limited\"},\"image\":{\"@id\":\"https:\\\/\\\/www.powerjacks.com\\\/#\\\/schema\\\/logo\\\/image\\\/\"},\"sameAs\":[\"https:\\\/\\\/www.facebook.com\\\/powerjacksltd\",\"https:\\\/\\\/x.com\\\/PowerJacksLtd\",\"https:\\\/\\\/www.linkedin.com\\\/company\\\/power-jacks-ltd?trk=company_name\",\"https:\\\/\\\/www.youtube.com\\\/@powerjacks\"]}]}<\/script>\n<!-- \/ Yoast SEO plugin. -->","yoast_head_json":{"title":"Renten | Power Jacks Limited","description":"Erfahren Sie mehr \u00fcber den Power Jacks Rentenplan. Entdecken Sie die Vorteile einer lohnenden Karriere bei Power Jacks - dem Spezialisten f\u00fcr elektromechanische Antriebe, Hebevorg\u00e4nge und Positionierung.","robots":{"index":"index","follow":"follow","max-snippet":"max-snippet:-1","max-image-preview":"max-image-preview:large","max-video-preview":"max-video-preview:-1"},"canonical":"https:\/\/www.powerjacks.com\/de\/?page_id=14434","og_locale":"de_DE","og_type":"article","og_title":"Renten | Power Jacks Limited","og_description":"Erfahren Sie mehr \u00fcber den Power Jacks Rentenplan. Entdecken Sie die Vorteile einer lohnenden Karriere bei Power Jacks - dem Spezialisten f\u00fcr elektromechanische Antriebe, Hebevorg\u00e4nge und Positionierung.","og_url":"https:\/\/www.powerjacks.com\/de\/?page_id=14434","og_site_name":"Power Jacks Limited","article_publisher":"https:\/\/www.facebook.com\/powerjacksltd","article_modified_time":"2026-02-17T13:32:23+00:00","og_image":[{"url":"https:\/\/www.powerjacks.com\/wp-content\/uploads\/2025\/06\/Downloads-Videos-768x1024.jpg","type":"","width":"","height":""}],"twitter_card":"summary_large_image","twitter_site":"@PowerJacksLtd","schema":{"@context":"https:\/\/schema.org","@graph":[{"@type":"WebPage","@id":"https:\/\/www.powerjacks.com\/de\/?page_id=14434","url":"https:\/\/www.powerjacks.com\/de\/?page_id=14434","name":"Renten | Power Jacks Limited","isPartOf":{"@id":"https:\/\/www.powerjacks.com\/#website"},"primaryImageOfPage":{"@id":"https:\/\/www.powerjacks.com\/de\/?page_id=14434#primaryimage"},"image":{"@id":"https:\/\/www.powerjacks.com\/de\/?page_id=14434#primaryimage"},"thumbnailUrl":"https:\/\/www.powerjacks.com\/wp-content\/uploads\/2025\/06\/Downloads-Videos-768x1024.jpg","datePublished":"2025-12-11T10:16:51+00:00","dateModified":"2026-02-17T13:32:23+00:00","description":"Erfahren Sie mehr \u00fcber den Power Jacks Rentenplan. Entdecken Sie die Vorteile einer lohnenden Karriere bei Power Jacks - dem Spezialisten f\u00fcr elektromechanische Antriebe, Hebevorg\u00e4nge und Positionierung.","breadcrumb":{"@id":"https:\/\/www.powerjacks.com\/de\/?page_id=14434#breadcrumb"},"inLanguage":"de","potentialAction":[{"@type":"ReadAction","target":["https:\/\/www.powerjacks.com\/de\/?page_id=14434"]}]},{"@type":"ImageObject","inLanguage":"de","@id":"https:\/\/www.powerjacks.com\/de\/?page_id=14434#primaryimage","url":"https:\/\/www.powerjacks.com\/wp-content\/uploads\/2025\/06\/Downloads-Videos-768x1024.jpg","contentUrl":"https:\/\/www.powerjacks.com\/wp-content\/uploads\/2025\/06\/Downloads-Videos-768x1024.jpg"},{"@type":"BreadcrumbList","@id":"https:\/\/www.powerjacks.com\/de\/?page_id=14434#breadcrumb","itemListElement":[{"@type":"ListItem","position":1,"name":"Home","item":"https:\/\/www.powerjacks.com\/de\/"},{"@type":"ListItem","position":2,"name":"Renten"}]},{"@type":"WebSite","@id":"https:\/\/www.powerjacks.com\/#website","url":"https:\/\/www.powerjacks.com\/","name":"Power Jacks Limited","description":"Stainless Steel Screw Jacks for Excellent Corrosion Resistance","publisher":{"@id":"https:\/\/www.powerjacks.com\/#organization"},"potentialAction":[{"@type":"SearchAction","target":{"@type":"EntryPoint","urlTemplate":"https:\/\/www.powerjacks.com\/?s={search_term_string}"},"query-input":{"@type":"PropertyValueSpecification","valueRequired":true,"valueName":"search_term_string"}}],"inLanguage":"de"},{"@type":"Organization","@id":"https:\/\/www.powerjacks.com\/#organization","name":"Power Jacks Limited","url":"https:\/\/www.powerjacks.com\/","logo":{"@type":"ImageObject","inLanguage":"de","@id":"https:\/\/www.powerjacks.com\/#\/schema\/logo\/image\/","url":"https:\/\/www.powerjacks.com\/wp-content\/uploads\/2025\/12\/logo_2x.png","contentUrl":"https:\/\/www.powerjacks.com\/wp-content\/uploads\/2025\/12\/logo_2x.png","width":430,"height":65,"caption":"Power Jacks Limited"},"image":{"@id":"https:\/\/www.powerjacks.com\/#\/schema\/logo\/image\/"},"sameAs":["https:\/\/www.facebook.com\/powerjacksltd","https:\/\/x.com\/PowerJacksLtd","https:\/\/www.linkedin.com\/company\/power-jacks-ltd?trk=company_name","https:\/\/www.youtube.com\/@powerjacks"]}]}},"_links":{"self":[{"href":"https:\/\/www.powerjacks.com\/de\/wp-json\/wp\/v2\/pages\/14434","targetHints":{"allow":["GET"]}}],"collection":[{"href":"https:\/\/www.powerjacks.com\/de\/wp-json\/wp\/v2\/pages"}],"about":[{"href":"https:\/\/www.powerjacks.com\/de\/wp-json\/wp\/v2\/types\/page"}],"author":[{"embeddable":true,"href":"https:\/\/www.powerjacks.com\/de\/wp-json\/wp\/v2\/users\/100"}],"replies":[{"embeddable":true,"href":"https:\/\/www.powerjacks.com\/de\/wp-json\/wp\/v2\/comments?post=14434"}],"version-history":[{"count":2,"href":"https:\/\/www.powerjacks.com\/de\/wp-json\/wp\/v2\/pages\/14434\/revisions"}],"predecessor-version":[{"id":14438,"href":"https:\/\/www.powerjacks.com\/de\/wp-json\/wp\/v2\/pages\/14434\/revisions\/14438"}],"wp:attachment":[{"href":"https:\/\/www.powerjacks.com\/de\/wp-json\/wp\/v2\/media?parent=14434"}],"curies":[{"name":"wp","href":"https:\/\/api.w.org\/{rel}","templated":true}]}}