{"id":260,"date":"2019-04-06T11:25:12","date_gmt":"2019-04-06T11:25:12","guid":{"rendered":"https:\/\/www.laszlo.www.powerjacks.com\/cookie-richtlinien-power-jacks\/"},"modified":"2026-02-17T13:31:29","modified_gmt":"2026-02-17T13:31:29","slug":"cookie-richtlinien-power-jacks","status":"publish","type":"page","link":"https:\/\/www.powerjacks.com\/de\/cookie-richtlinien-power-jacks\/","title":{"rendered":"Cookie-Richtlinie"},"content":{"rendered":"\n<div class=\"wp-block-cover subPageHero\" style=\"min-height:200px;aspect-ratio:unset;\"><img decoding=\"async\" width=\"768\" height=\"1024\" class=\"wp-block-cover__image-background wp-image-2634 size-large\" alt=\"\" src=\"https:\/\/www.powerjacks.com\/wp-content\/smush-webp\/2025\/06\/Downloads-Videos-768x1024.jpg.webp\" data-object-fit=\"cover\" srcset=\"https:\/\/www.powerjacks.com\/wp-content\/smush-webp\/2025\/06\/Downloads-Videos-768x1024.jpg.webp 768w, https:\/\/www.powerjacks.com\/wp-content\/smush-webp\/2025\/06\/Downloads-Videos-225x300.jpg.webp 225w, https:\/\/www.powerjacks.com\/wp-content\/smush-webp\/2025\/06\/Downloads-Videos-1152x1536.jpg.webp 1152w, https:\/\/www.powerjacks.com\/wp-content\/smush-webp\/2025\/06\/Downloads-Videos-scaled.jpg.webp 1536w, https:\/\/www.powerjacks.com\/wp-content\/smush-webp\/2025\/06\/Downloads-Videos-54x72.jpg.webp 54w, https:\/\/www.powerjacks.com\/wp-content\/smush-webp\/2025\/06\/Downloads-Videos-131x175.jpg.webp 131w, https:\/\/www.powerjacks.com\/wp-content\/smush-webp\/2025\/06\/Downloads-Videos-122x162.jpg.webp 122w, https:\/\/www.powerjacks.com\/wp-content\/smush-webp\/2025\/06\/Downloads-Videos-60x80.jpg.webp 60w, https:\/\/www.powerjacks.com\/wp-content\/smush-webp\/2025\/06\/Downloads-Videos-548x731.jpg.webp 548w, https:\/\/www.powerjacks.com\/wp-content\/smush-webp\/2025\/06\/Downloads-Videos-49x65.jpg.webp 49w, https:\/\/www.powerjacks.com\/wp-content\/smush-webp\/2025\/06\/Downloads-Videos-600x800.jpg.webp 600w\" sizes=\"(max-width: 768px) 100vw, 768px\" \/><span aria-hidden=\"true\" class=\"wp-block-cover__background has-background-dim-100 has-background-dim wp-block-cover__gradient-background has-background-gradient has-light-green-gradient-background\"><\/span><div class=\"wp-block-cover__inner-container has-global-padding is-layout-constrained wp-container-core-cover-is-layout-346627ba wp-block-cover-is-layout-constrained\"><h1 class=\"has-text-align-center wp-block-post-title\">Cookie-Richtlinie<\/h1><\/div><\/div>\n\n<div class=\"wp-block-group has-global-padding is-layout-constrained wp-block-group-is-layout-constrained\" style=\"padding-top:var(--wp--preset--spacing--90);padding-bottom:var(--wp--preset--spacing--90)\">\n<h2 class=\"wp-block-heading\">Erkl\u00e4rung zum Datenschutz<\/h2>\n\n\n\n<p>Power Jacks Ltd verpflichtet sich, Ihre Privatsph\u00e4re zu respektieren. Bitte lesen Sie die folgende Richtlinie, um zu verstehen, wie Ihre Daten behandelt werden. Diese Richtlinie kann sich von Zeit zu Zeit \u00e4ndern, daher sollten Sie sie regelm\u00e4\u00dfig \u00fcberpr\u00fcfen.<\/p>\n\n\n\n<h3 class=\"wp-block-heading\">Was sind Cookies?<\/h3>\n\n\n\n<p>Es gibt eine Technologie namens &#8222;Cookies&#8220;, die verwendet werden kann, um Ihnen ma\u00dfgeschneiderte Informationen von einer Website zu liefern. Ein Cookie ist ein Datenelement, das eine Website an Ihren Browser senden kann und das dann auf Ihrem Computersystem gespeichert werden kann. Dieses Datenelement ist ein St\u00fcck Text, kein Programm. Die Website kann nur auf die Informationen zugreifen, die in einem von der Website gesendeten Cookie enthalten sind. Wir haben keinen Zugriff auf andere Cookies, die von anderen Websites gesendet werden, oder auf die darin enthaltenen Informationen. Au\u00dferdem k\u00f6nnen wir Ihre E-Mail-Adresse oder andere Informationen \u00fcber Sie nicht durch die Verwendung eines Cookies in Erfahrung bringen. Die einzige M\u00f6glichkeit, wie wir solche Informationen erfahren k\u00f6nnen, ist, wenn Sie uns diese Informationen ausdr\u00fccklich \u00fcbermitteln.<\/p>\n\n\n\n<h3 class=\"wp-block-heading\">Warum verwendet die Website Cookies?<\/h3>\n\n\n\n<p>Power Jacks verwendet Cookies, um die Nutzung der Website zu verfolgen und Ihren Besuch auf der Website weiter zu optimieren. Durch die Verfolgung der Nutzung k\u00f6nnen wir am besten bestimmen, welche Funktionen der Website Ihnen am besten dienen.<\/p>\n\n\n\n<h3 class=\"wp-block-heading\">Kann ich die Annahme eines Cookies ablehnen?<\/h3>\n\n\n\n<p>Sie k\u00f6nnen die Annahme von Cookies, die von der Website gesendet werden, verweigern, indem Sie in Ihrem Browser eine Option zum Ablehnen von Cookies ausw\u00e4hlen oder das Cookie-Panel verwenden, um Ihre Wahl zu treffen. Welche Vorteile habe ich von Cookies? Insgesamt tr\u00e4gt die Verwendung von Cookies dazu bei, Ihnen ein individuelles Erlebnis auf der Website zu bieten. Durch die Verwendung von Cookies wissen wir, was funktioniert und was nicht. Diese Informationen werden dann verwendet, um unsere Website f\u00fcr Sie als Benutzer aktuell und relevant zu halten. Cookies erm\u00f6glichen auch die Personalisierung von Online-Diensten, die wir Ihnen anbieten.<\/p>\n\n\n\n<h3 class=\"wp-block-heading\">Die Informationen, die wir sammeln<\/h3>\n\n\n\n<p>Power Jacks wird sich bem\u00fchen, alle pers\u00f6nlichen Daten, die Sie in den \u00f6ffentlichen Bereichen dieser Website angeben, zu sch\u00fctzen, um sicherzustellen, dass sie vertraulich bleiben und nur f\u00fcr den auf unserer Website beschriebenen Zweck verwendet werden. Cookies bieten zus\u00e4tzliche Funktionen und helfen uns, die Nutzung unserer Website genauer zu analysieren.<\/p>\n\n\n\n<p>Sie k\u00f6nnen sich daf\u00fcr entscheiden, uns pers\u00f6nliche Daten wie Ihren Namen und Ihre Adresse mitzuteilen, damit wir auf Ihre Informationsanfragen reagieren k\u00f6nnen.<\/p>\n\n\n\n<ul class=\"wp-block-list\">\n<li>Um Ihnen Informationen zu senden, die Sie ausdr\u00fccklich angefordert haben<\/li>\n\n\n\n<li>Zur Bearbeitung von Online-Bewerbungen und f\u00fcr den Fall, dass Sie sich auf eine Stelle beworben haben, k\u00f6nnen wir Ihre Daten f\u00fcr einen angemessenen Zeitraum als Referenz f\u00fcr den Fall aufbewahren, dass sp\u00e4ter eine passende Stelle frei wird.<\/li>\n\n\n\n<li>Um uns zu helfen, die Website f\u00fcr Sie noch n\u00fctzlicher zu machen<\/li>\n\n\n\n<li>F\u00fcr Marketing- und Website-Benutzerforschung oder -analyse<\/li>\n\n\n\n<li>Informationen k\u00f6nnen auch zwischen Unternehmen innerhalb von Power Jacks und mit unseren ausgew\u00e4hlten Gesch\u00e4ftspartnern ausgetauscht werden, damit wir Ihre Anfragen und W\u00fcnsche effektiver und effizienter beantworten k\u00f6nnen.<\/li>\n<\/ul>\n\n\n\n<p>Wir werden Ihre Daten auf keinen Fall an Dritte verkaufen oder weitergeben, es sei denn, wir sind gesetzlich dazu verpflichtet.<\/p>\n\n\n\n<h3 class=\"wp-block-heading\">Ihre Rechte<\/h3>\n\n\n\n<p>Wenn Sie diese Website nutzen und uns personenbezogene Daten zur Verf\u00fcgung stellen, erkl\u00e4ren Sie sich damit einverstanden, dass wir Ihre personenbezogenen Daten f\u00fcr die in dieser Richtlinie dargelegten Zwecke verwenden d\u00fcrfen. Wenn Sie m\u00f6chten, dass Ihr Datensatz gel\u00f6scht oder ge\u00e4ndert wird, schreiben Sie bitte an Power Jacks unter der unten angegebenen Adresse und legen Sie einen Ausweis vor. Power Jacks ergreift alle angemessenen Sicherheitsma\u00dfnahmen, um pers\u00f6nliche Daten vor Verlust, unbefugtem Zugriff, Zerst\u00f6rung, Missbrauch, \u00c4nderung oder Offenlegung zu sch\u00fctzen. Soweit dies gesetzlich zul\u00e4ssig ist, \u00fcbernimmt Power Jacks keine Verantwortung f\u00fcr den unbefugten Zugriff auf pers\u00f6nliche Daten, die sich im Besitz von Power Jacks befinden.<\/p>\n<\/div>\n","protected":false},"excerpt":{"rendered":"<p>Erkl\u00e4rung zum Datenschutz Power Jacks Ltd verpflichtet sich, Ihre Privatsph\u00e4re zu respektieren. Bitte lesen Sie die folgende Richtlinie, um zu verstehen, wie Ihre Daten behandelt werden. Diese Richtlinie kann sich von Zeit zu Zeit \u00e4ndern, daher sollten Sie sie regelm\u00e4\u00dfig \u00fcberpr\u00fcfen. Was sind Cookies? Es gibt eine Technologie namens &#8222;Cookies&#8220;,&hellip;<\/p>\n","protected":false},"author":101,"featured_media":0,"parent":0,"menu_order":0,"comment_status":"closed","ping_status":"closed","template":"","meta":{"_acf_changed":false,"footnotes":""},"class_list":["post-260","page","type-page","status-publish","hentry"],"acf":[],"yoast_head":"<!-- This site is optimized with the Yoast SEO plugin v27.3 - https:\/\/yoast.com\/product\/yoast-seo-wordpress\/ -->\n<title>Cookie-Richtlinie | Power Jacks Limited<\/title>\n<meta name=\"description\" content=\"Lesen Sie den von . Cookies helfen unserer Website, korrekt zu funktionieren, und helfen uns auch dabei, die Benutzerfreundlichkeit zu verbessern.\" \/>\n<meta name=\"robots\" content=\"index, follow, max-snippet:-1, max-image-preview:large, max-video-preview:-1\" \/>\n<link rel=\"canonical\" href=\"https:\/\/www.powerjacks.com\/de\/cookie-richtlinien-power-jacks\/\" \/>\n<meta property=\"og:locale\" content=\"de_DE\" \/>\n<meta property=\"og:type\" content=\"article\" \/>\n<meta property=\"og:title\" content=\"Cookie-Richtlinie | Power Jacks Limited\" \/>\n<meta property=\"og:description\" content=\"Lesen Sie den von . Cookies helfen unserer Website, korrekt zu funktionieren, und helfen uns auch dabei, die Benutzerfreundlichkeit zu verbessern.\" \/>\n<meta property=\"og:url\" content=\"https:\/\/www.powerjacks.com\/de\/cookie-richtlinien-power-jacks\/\" \/>\n<meta property=\"og:site_name\" content=\"Power Jacks Limited\" \/>\n<meta property=\"article:publisher\" content=\"https:\/\/www.facebook.com\/powerjacksltd\" \/>\n<meta property=\"article:modified_time\" content=\"2026-02-17T13:31:29+00:00\" \/>\n<meta property=\"og:image\" content=\"https:\/\/www.powerjacks.com\/wp-content\/uploads\/2025\/06\/Downloads-Videos-scaled.jpg\" \/>\n\t<meta property=\"og:image:width\" content=\"1536\" \/>\n\t<meta property=\"og:image:height\" content=\"2048\" \/>\n\t<meta property=\"og:image:type\" content=\"image\/jpeg\" \/>\n<meta name=\"twitter:card\" content=\"summary_large_image\" \/>\n<meta name=\"twitter:site\" content=\"@PowerJacksLtd\" \/>\n<meta name=\"twitter:label1\" content=\"Gesch\u00e4tzte Lesezeit\" \/>\n\t<meta name=\"twitter:data1\" content=\"3 Minute\" \/>\n<script type=\"application\/ld+json\" class=\"yoast-schema-graph\">{\"@context\":\"https:\\\/\\\/schema.org\",\"@graph\":[{\"@type\":\"WebPage\",\"@id\":\"https:\\\/\\\/www.powerjacks.com\\\/de\\\/cookie-richtlinien-power-jacks\\\/\",\"url\":\"https:\\\/\\\/www.powerjacks.com\\\/de\\\/cookie-richtlinien-power-jacks\\\/\",\"name\":\"Cookie-Richtlinie | Power Jacks Limited\",\"isPartOf\":{\"@id\":\"https:\\\/\\\/www.powerjacks.com\\\/#website\"},\"primaryImageOfPage\":{\"@id\":\"https:\\\/\\\/www.powerjacks.com\\\/de\\\/cookie-richtlinien-power-jacks\\\/#primaryimage\"},\"image\":{\"@id\":\"https:\\\/\\\/www.powerjacks.com\\\/de\\\/cookie-richtlinien-power-jacks\\\/#primaryimage\"},\"thumbnailUrl\":\"https:\\\/\\\/www.powerjacks.com\\\/wp-content\\\/uploads\\\/2025\\\/06\\\/Downloads-Videos-768x1024.jpg\",\"datePublished\":\"2019-04-06T11:25:12+00:00\",\"dateModified\":\"2026-02-17T13:31:29+00:00\",\"description\":\"Lesen Sie den von . Cookies helfen unserer Website, korrekt zu funktionieren, und helfen uns auch dabei, die Benutzerfreundlichkeit zu verbessern.\",\"breadcrumb\":{\"@id\":\"https:\\\/\\\/www.powerjacks.com\\\/de\\\/cookie-richtlinien-power-jacks\\\/#breadcrumb\"},\"inLanguage\":\"de\",\"potentialAction\":[{\"@type\":\"ReadAction\",\"target\":[\"https:\\\/\\\/www.powerjacks.com\\\/de\\\/cookie-richtlinien-power-jacks\\\/\"]}]},{\"@type\":\"ImageObject\",\"inLanguage\":\"de\",\"@id\":\"https:\\\/\\\/www.powerjacks.com\\\/de\\\/cookie-richtlinien-power-jacks\\\/#primaryimage\",\"url\":\"https:\\\/\\\/www.powerjacks.com\\\/wp-content\\\/uploads\\\/2025\\\/06\\\/Downloads-Videos-768x1024.jpg\",\"contentUrl\":\"https:\\\/\\\/www.powerjacks.com\\\/wp-content\\\/uploads\\\/2025\\\/06\\\/Downloads-Videos-768x1024.jpg\"},{\"@type\":\"BreadcrumbList\",\"@id\":\"https:\\\/\\\/www.powerjacks.com\\\/de\\\/cookie-richtlinien-power-jacks\\\/#breadcrumb\",\"itemListElement\":[{\"@type\":\"ListItem\",\"position\":1,\"name\":\"Home\",\"item\":\"https:\\\/\\\/www.powerjacks.com\\\/de\\\/\"},{\"@type\":\"ListItem\",\"position\":2,\"name\":\"Cookie-Richtlinie\"}]},{\"@type\":\"WebSite\",\"@id\":\"https:\\\/\\\/www.powerjacks.com\\\/#website\",\"url\":\"https:\\\/\\\/www.powerjacks.com\\\/\",\"name\":\"Power Jacks Limited\",\"description\":\"Stainless Steel Screw Jacks for Excellent Corrosion Resistance\",\"publisher\":{\"@id\":\"https:\\\/\\\/www.powerjacks.com\\\/#organization\"},\"potentialAction\":[{\"@type\":\"SearchAction\",\"target\":{\"@type\":\"EntryPoint\",\"urlTemplate\":\"https:\\\/\\\/www.powerjacks.com\\\/?s={search_term_string}\"},\"query-input\":{\"@type\":\"PropertyValueSpecification\",\"valueRequired\":true,\"valueName\":\"search_term_string\"}}],\"inLanguage\":\"de\"},{\"@type\":\"Organization\",\"@id\":\"https:\\\/\\\/www.powerjacks.com\\\/#organization\",\"name\":\"Power Jacks Limited\",\"url\":\"https:\\\/\\\/www.powerjacks.com\\\/\",\"logo\":{\"@type\":\"ImageObject\",\"inLanguage\":\"de\",\"@id\":\"https:\\\/\\\/www.powerjacks.com\\\/#\\\/schema\\\/logo\\\/image\\\/\",\"url\":\"https:\\\/\\\/www.powerjacks.com\\\/wp-content\\\/uploads\\\/2025\\\/12\\\/logo_2x.png\",\"contentUrl\":\"https:\\\/\\\/www.powerjacks.com\\\/wp-content\\\/uploads\\\/2025\\\/12\\\/logo_2x.png\",\"width\":430,\"height\":65,\"caption\":\"Power Jacks Limited\"},\"image\":{\"@id\":\"https:\\\/\\\/www.powerjacks.com\\\/#\\\/schema\\\/logo\\\/image\\\/\"},\"sameAs\":[\"https:\\\/\\\/www.facebook.com\\\/powerjacksltd\",\"https:\\\/\\\/x.com\\\/PowerJacksLtd\",\"https:\\\/\\\/www.linkedin.com\\\/company\\\/power-jacks-ltd?trk=company_name\",\"https:\\\/\\\/www.youtube.com\\\/@powerjacks\"]}]}<\/script>\n<!-- \/ Yoast SEO plugin. -->","yoast_head_json":{"title":"Cookie-Richtlinie | Power Jacks Limited","description":"Lesen Sie den von . Cookies helfen unserer Website, korrekt zu funktionieren, und helfen uns auch dabei, die Benutzerfreundlichkeit zu verbessern.","robots":{"index":"index","follow":"follow","max-snippet":"max-snippet:-1","max-image-preview":"max-image-preview:large","max-video-preview":"max-video-preview:-1"},"canonical":"https:\/\/www.powerjacks.com\/de\/cookie-richtlinien-power-jacks\/","og_locale":"de_DE","og_type":"article","og_title":"Cookie-Richtlinie | Power Jacks Limited","og_description":"Lesen Sie den von . Cookies helfen unserer Website, korrekt zu funktionieren, und helfen uns auch dabei, die Benutzerfreundlichkeit zu verbessern.","og_url":"https:\/\/www.powerjacks.com\/de\/cookie-richtlinien-power-jacks\/","og_site_name":"Power Jacks Limited","article_publisher":"https:\/\/www.facebook.com\/powerjacksltd","article_modified_time":"2026-02-17T13:31:29+00:00","og_image":[{"width":1536,"height":2048,"url":"https:\/\/www.powerjacks.com\/wp-content\/uploads\/2025\/06\/Downloads-Videos-scaled.jpg","type":"image\/jpeg"}],"twitter_card":"summary_large_image","twitter_site":"@PowerJacksLtd","twitter_misc":{"Gesch\u00e4tzte Lesezeit":"3 Minute"},"schema":{"@context":"https:\/\/schema.org","@graph":[{"@type":"WebPage","@id":"https:\/\/www.powerjacks.com\/de\/cookie-richtlinien-power-jacks\/","url":"https:\/\/www.powerjacks.com\/de\/cookie-richtlinien-power-jacks\/","name":"Cookie-Richtlinie | Power Jacks Limited","isPartOf":{"@id":"https:\/\/www.powerjacks.com\/#website"},"primaryImageOfPage":{"@id":"https:\/\/www.powerjacks.com\/de\/cookie-richtlinien-power-jacks\/#primaryimage"},"image":{"@id":"https:\/\/www.powerjacks.com\/de\/cookie-richtlinien-power-jacks\/#primaryimage"},"thumbnailUrl":"https:\/\/www.powerjacks.com\/wp-content\/uploads\/2025\/06\/Downloads-Videos-768x1024.jpg","datePublished":"2019-04-06T11:25:12+00:00","dateModified":"2026-02-17T13:31:29+00:00","description":"Lesen Sie den von . Cookies helfen unserer Website, korrekt zu funktionieren, und helfen uns auch dabei, die Benutzerfreundlichkeit zu verbessern.","breadcrumb":{"@id":"https:\/\/www.powerjacks.com\/de\/cookie-richtlinien-power-jacks\/#breadcrumb"},"inLanguage":"de","potentialAction":[{"@type":"ReadAction","target":["https:\/\/www.powerjacks.com\/de\/cookie-richtlinien-power-jacks\/"]}]},{"@type":"ImageObject","inLanguage":"de","@id":"https:\/\/www.powerjacks.com\/de\/cookie-richtlinien-power-jacks\/#primaryimage","url":"https:\/\/www.powerjacks.com\/wp-content\/uploads\/2025\/06\/Downloads-Videos-768x1024.jpg","contentUrl":"https:\/\/www.powerjacks.com\/wp-content\/uploads\/2025\/06\/Downloads-Videos-768x1024.jpg"},{"@type":"BreadcrumbList","@id":"https:\/\/www.powerjacks.com\/de\/cookie-richtlinien-power-jacks\/#breadcrumb","itemListElement":[{"@type":"ListItem","position":1,"name":"Home","item":"https:\/\/www.powerjacks.com\/de\/"},{"@type":"ListItem","position":2,"name":"Cookie-Richtlinie"}]},{"@type":"WebSite","@id":"https:\/\/www.powerjacks.com\/#website","url":"https:\/\/www.powerjacks.com\/","name":"Power Jacks Limited","description":"Stainless Steel Screw Jacks for Excellent Corrosion Resistance","publisher":{"@id":"https:\/\/www.powerjacks.com\/#organization"},"potentialAction":[{"@type":"SearchAction","target":{"@type":"EntryPoint","urlTemplate":"https:\/\/www.powerjacks.com\/?s={search_term_string}"},"query-input":{"@type":"PropertyValueSpecification","valueRequired":true,"valueName":"search_term_string"}}],"inLanguage":"de"},{"@type":"Organization","@id":"https:\/\/www.powerjacks.com\/#organization","name":"Power Jacks Limited","url":"https:\/\/www.powerjacks.com\/","logo":{"@type":"ImageObject","inLanguage":"de","@id":"https:\/\/www.powerjacks.com\/#\/schema\/logo\/image\/","url":"https:\/\/www.powerjacks.com\/wp-content\/uploads\/2025\/12\/logo_2x.png","contentUrl":"https:\/\/www.powerjacks.com\/wp-content\/uploads\/2025\/12\/logo_2x.png","width":430,"height":65,"caption":"Power Jacks Limited"},"image":{"@id":"https:\/\/www.powerjacks.com\/#\/schema\/logo\/image\/"},"sameAs":["https:\/\/www.facebook.com\/powerjacksltd","https:\/\/x.com\/PowerJacksLtd","https:\/\/www.linkedin.com\/company\/power-jacks-ltd?trk=company_name","https:\/\/www.youtube.com\/@powerjacks"]}]}},"_links":{"self":[{"href":"https:\/\/www.powerjacks.com\/de\/wp-json\/wp\/v2\/pages\/260","targetHints":{"allow":["GET"]}}],"collection":[{"href":"https:\/\/www.powerjacks.com\/de\/wp-json\/wp\/v2\/pages"}],"about":[{"href":"https:\/\/www.powerjacks.com\/de\/wp-json\/wp\/v2\/types\/page"}],"author":[{"embeddable":true,"href":"https:\/\/www.powerjacks.com\/de\/wp-json\/wp\/v2\/users\/101"}],"replies":[{"embeddable":true,"href":"https:\/\/www.powerjacks.com\/de\/wp-json\/wp\/v2\/comments?post=260"}],"version-history":[{"count":3,"href":"https:\/\/www.powerjacks.com\/de\/wp-json\/wp\/v2\/pages\/260\/revisions"}],"predecessor-version":[{"id":14306,"href":"https:\/\/www.powerjacks.com\/de\/wp-json\/wp\/v2\/pages\/260\/revisions\/14306"}],"wp:attachment":[{"href":"https:\/\/www.powerjacks.com\/de\/wp-json\/wp\/v2\/media?parent=260"}],"curies":[{"name":"wp","href":"https:\/\/api.w.org\/{rel}","templated":true}]}}