{"id":14459,"date":"2025-07-09T07:15:57","date_gmt":"2025-07-09T07:15:57","guid":{"rendered":"https:\/\/www.powerjacks.com\/product\/serie-2000\/"},"modified":"2025-07-09T07:15:57","modified_gmt":"2025-07-09T07:15:57","slug":"serie-2000","status":"publish","type":"product","link":"https:\/\/www.powerjacks.com\/de\/produkt\/serie-2000\/","title":{"rendered":"Serie 2000"},"content":{"rendered":"","protected":false},"excerpt":{"rendered":"<p><strong>Ein kleines, kompaktes &#8222;Monoblock&#8220;-Kegelradgetriebe f\u00fcr die Kraft\u00fcbertragung und -verteilung bei niedrigen Drehmomenten bis zu 50Nm.<\/strong><\/p>\n<p>Erh\u00e4ltlich in Voll- und Hohlwellenausf\u00fchrung mit 2-, 3- und 4-Wege-Wellenkonfigurationen. Es gibt mehrere alternative Befestigungsm\u00f6glichkeiten \u00fcber jeweils 4 Befestigungsl\u00f6cher sowie \u00fcber 4 L\u00f6cher in integral gegossenen, kleinen Bodenbefestigungsnasen in gro\u00dfen Abst\u00e4nden f\u00fcr eine stabilere Befestigung oben oder unten &#8211; und damit universelle und au\u00dfergew\u00f6hnlich feste Befestigungsm\u00f6glichkeiten. Das Design bietet ein optisch ansprechendes, hochwertig verarbeitetes Geh\u00e4use, das im Druckgussverfahren aus einer leichten Aluminiumlegierung hergestellt wird. Eine Serie von Kegelradgetrieben mit Dreilochbefestigung im Getriebegeh\u00e4use ist ebenfalls als P4000-Serie erh\u00e4ltlich.   <\/p>\n","protected":false},"featured_media":10330,"template":"","meta":{"_acf_changed":false},"product_brand":[109],"product_cat":[340,341],"product_tag":[],"class_list":{"0":"post-14459","1":"product","2":"type-product","3":"status-publish","4":"has-post-thumbnail","6":"product_brand-powerjacks","7":"product_cat-kegelrad-getriebe","8":"product_cat-reichweite-p","10":"first","11":"instock","12":"taxable","13":"shipping-taxable","14":"product-type-simple"},"acf":{"preview_options":null},"yoast_head":"<!-- This site is optimized with the Yoast SEO plugin v27.3 - https:\/\/yoast.com\/product\/yoast-seo-wordpress\/ -->\n<title>Serie 2000 | Power Jacks Limited<\/title>\n<meta name=\"description\" content=\"Browse Serie 2000 from Power Jacks Limited.\" \/>\n<meta name=\"robots\" content=\"index, follow, max-snippet:-1, max-image-preview:large, max-video-preview:-1\" \/>\n<link rel=\"canonical\" href=\"https:\/\/www.powerjacks.com\/de\/produkt\/serie-2000\/\" \/>\n<meta property=\"og:locale\" content=\"de_DE\" \/>\n<meta property=\"og:type\" content=\"article\" \/>\n<meta property=\"og:title\" content=\"Serie 2000 | Power Jacks Limited\" \/>\n<meta property=\"og:description\" content=\"Browse Serie 2000 from Power Jacks Limited.\" \/>\n<meta property=\"og:url\" content=\"https:\/\/www.powerjacks.com\/de\/produkt\/serie-2000\/\" \/>\n<meta property=\"og:site_name\" content=\"Power Jacks Limited\" \/>\n<meta property=\"article:publisher\" content=\"https:\/\/www.facebook.com\/powerjacksltd\" \/>\n<meta property=\"og:image\" content=\"https:\/\/www.powerjacks.com\/wp-content\/uploads\/2025\/07\/Range-P2000-3Way-Solid-GB-2000x1600-1.jpg\" \/>\n\t<meta property=\"og:image:width\" content=\"2000\" \/>\n\t<meta property=\"og:image:height\" content=\"1600\" \/>\n\t<meta property=\"og:image:type\" content=\"image\/jpeg\" \/>\n<meta name=\"twitter:card\" content=\"summary_large_image\" \/>\n<meta name=\"twitter:site\" content=\"@PowerJacksLtd\" \/>\n<script type=\"application\/ld+json\" class=\"yoast-schema-graph\">{\"@context\":\"https:\\\/\\\/schema.org\",\"@graph\":[{\"@type\":\"WebPage\",\"@id\":\"https:\\\/\\\/www.powerjacks.com\\\/de\\\/produkt\\\/serie-2000\\\/\",\"url\":\"https:\\\/\\\/www.powerjacks.com\\\/de\\\/produkt\\\/serie-2000\\\/\",\"name\":\"Serie 2000 | Power Jacks Limited\",\"isPartOf\":{\"@id\":\"https:\\\/\\\/www.powerjacks.com\\\/#website\"},\"primaryImageOfPage\":{\"@id\":\"https:\\\/\\\/www.powerjacks.com\\\/de\\\/produkt\\\/serie-2000\\\/#primaryimage\"},\"image\":{\"@id\":\"https:\\\/\\\/www.powerjacks.com\\\/de\\\/produkt\\\/serie-2000\\\/#primaryimage\"},\"thumbnailUrl\":\"https:\\\/\\\/www.powerjacks.com\\\/wp-content\\\/uploads\\\/2025\\\/07\\\/Range-P2000-3Way-Solid-GB-2000x1600-1.jpg\",\"datePublished\":\"2025-07-09T07:15:57+00:00\",\"description\":\"Browse Serie 2000 from Power Jacks Limited.\",\"breadcrumb\":{\"@id\":\"https:\\\/\\\/www.powerjacks.com\\\/de\\\/produkt\\\/serie-2000\\\/#breadcrumb\"},\"inLanguage\":\"de\",\"potentialAction\":[{\"@type\":\"ReadAction\",\"target\":[\"https:\\\/\\\/www.powerjacks.com\\\/de\\\/produkt\\\/serie-2000\\\/\"]}]},{\"@type\":\"ImageObject\",\"inLanguage\":\"de\",\"@id\":\"https:\\\/\\\/www.powerjacks.com\\\/de\\\/produkt\\\/serie-2000\\\/#primaryimage\",\"url\":\"https:\\\/\\\/www.powerjacks.com\\\/wp-content\\\/uploads\\\/2025\\\/07\\\/Range-P2000-3Way-Solid-GB-2000x1600-1.jpg\",\"contentUrl\":\"https:\\\/\\\/www.powerjacks.com\\\/wp-content\\\/uploads\\\/2025\\\/07\\\/Range-P2000-3Way-Solid-GB-2000x1600-1.jpg\",\"width\":2000,\"height\":1600,\"caption\":\"Range-P Kegelradgetriebe, Serie 2000, 3-Wege, Vollwelle\"},{\"@type\":\"BreadcrumbList\",\"@id\":\"https:\\\/\\\/www.powerjacks.com\\\/de\\\/produkt\\\/serie-2000\\\/#breadcrumb\",\"itemListElement\":[{\"@type\":\"ListItem\",\"position\":1,\"name\":\"Home\",\"item\":\"https:\\\/\\\/www.powerjacks.com\\\/de\\\/\"},{\"@type\":\"ListItem\",\"position\":2,\"name\":\"Products\",\"item\":\"https:\\\/\\\/www.powerjacks.com\\\/society-underwater-technology-2\\\/\"},{\"@type\":\"ListItem\",\"position\":3,\"name\":\"Serie 2000\"}]},{\"@type\":\"WebSite\",\"@id\":\"https:\\\/\\\/www.powerjacks.com\\\/#website\",\"url\":\"https:\\\/\\\/www.powerjacks.com\\\/\",\"name\":\"Power Jacks Limited\",\"description\":\"Stainless Steel Screw Jacks for Excellent Corrosion Resistance\",\"publisher\":{\"@id\":\"https:\\\/\\\/www.powerjacks.com\\\/#organization\"},\"potentialAction\":[{\"@type\":\"SearchAction\",\"target\":{\"@type\":\"EntryPoint\",\"urlTemplate\":\"https:\\\/\\\/www.powerjacks.com\\\/?s={search_term_string}\"},\"query-input\":{\"@type\":\"PropertyValueSpecification\",\"valueRequired\":true,\"valueName\":\"search_term_string\"}}],\"inLanguage\":\"de\"},{\"@type\":\"Organization\",\"@id\":\"https:\\\/\\\/www.powerjacks.com\\\/#organization\",\"name\":\"Power Jacks Limited\",\"url\":\"https:\\\/\\\/www.powerjacks.com\\\/\",\"logo\":{\"@type\":\"ImageObject\",\"inLanguage\":\"de\",\"@id\":\"https:\\\/\\\/www.powerjacks.com\\\/#\\\/schema\\\/logo\\\/image\\\/\",\"url\":\"https:\\\/\\\/www.powerjacks.com\\\/wp-content\\\/uploads\\\/2025\\\/12\\\/logo_2x.png\",\"contentUrl\":\"https:\\\/\\\/www.powerjacks.com\\\/wp-content\\\/uploads\\\/2025\\\/12\\\/logo_2x.png\",\"width\":430,\"height\":65,\"caption\":\"Power Jacks Limited\"},\"image\":{\"@id\":\"https:\\\/\\\/www.powerjacks.com\\\/#\\\/schema\\\/logo\\\/image\\\/\"},\"sameAs\":[\"https:\\\/\\\/www.facebook.com\\\/powerjacksltd\",\"https:\\\/\\\/x.com\\\/PowerJacksLtd\",\"https:\\\/\\\/www.linkedin.com\\\/company\\\/power-jacks-ltd?trk=company_name\",\"https:\\\/\\\/www.youtube.com\\\/@powerjacks\"]}]}<\/script>\n<!-- \/ Yoast SEO plugin. -->","yoast_head_json":{"title":"Serie 2000 | Power Jacks Limited","description":"Browse Serie 2000 from Power Jacks Limited.","robots":{"index":"index","follow":"follow","max-snippet":"max-snippet:-1","max-image-preview":"max-image-preview:large","max-video-preview":"max-video-preview:-1"},"canonical":"https:\/\/www.powerjacks.com\/de\/produkt\/serie-2000\/","og_locale":"de_DE","og_type":"article","og_title":"Serie 2000 | Power Jacks Limited","og_description":"Browse Serie 2000 from Power Jacks Limited.","og_url":"https:\/\/www.powerjacks.com\/de\/produkt\/serie-2000\/","og_site_name":"Power Jacks Limited","article_publisher":"https:\/\/www.facebook.com\/powerjacksltd","og_image":[{"width":2000,"height":1600,"url":"https:\/\/www.powerjacks.com\/wp-content\/uploads\/2025\/07\/Range-P2000-3Way-Solid-GB-2000x1600-1.jpg","type":"image\/jpeg"}],"twitter_card":"summary_large_image","twitter_site":"@PowerJacksLtd","schema":{"@context":"https:\/\/schema.org","@graph":[{"@type":"WebPage","@id":"https:\/\/www.powerjacks.com\/de\/produkt\/serie-2000\/","url":"https:\/\/www.powerjacks.com\/de\/produkt\/serie-2000\/","name":"Serie 2000 | Power Jacks Limited","isPartOf":{"@id":"https:\/\/www.powerjacks.com\/#website"},"primaryImageOfPage":{"@id":"https:\/\/www.powerjacks.com\/de\/produkt\/serie-2000\/#primaryimage"},"image":{"@id":"https:\/\/www.powerjacks.com\/de\/produkt\/serie-2000\/#primaryimage"},"thumbnailUrl":"https:\/\/www.powerjacks.com\/wp-content\/uploads\/2025\/07\/Range-P2000-3Way-Solid-GB-2000x1600-1.jpg","datePublished":"2025-07-09T07:15:57+00:00","description":"Browse Serie 2000 from Power Jacks Limited.","breadcrumb":{"@id":"https:\/\/www.powerjacks.com\/de\/produkt\/serie-2000\/#breadcrumb"},"inLanguage":"de","potentialAction":[{"@type":"ReadAction","target":["https:\/\/www.powerjacks.com\/de\/produkt\/serie-2000\/"]}]},{"@type":"ImageObject","inLanguage":"de","@id":"https:\/\/www.powerjacks.com\/de\/produkt\/serie-2000\/#primaryimage","url":"https:\/\/www.powerjacks.com\/wp-content\/uploads\/2025\/07\/Range-P2000-3Way-Solid-GB-2000x1600-1.jpg","contentUrl":"https:\/\/www.powerjacks.com\/wp-content\/uploads\/2025\/07\/Range-P2000-3Way-Solid-GB-2000x1600-1.jpg","width":2000,"height":1600,"caption":"Range-P Kegelradgetriebe, Serie 2000, 3-Wege, Vollwelle"},{"@type":"BreadcrumbList","@id":"https:\/\/www.powerjacks.com\/de\/produkt\/serie-2000\/#breadcrumb","itemListElement":[{"@type":"ListItem","position":1,"name":"Home","item":"https:\/\/www.powerjacks.com\/de\/"},{"@type":"ListItem","position":2,"name":"Products","item":"https:\/\/www.powerjacks.com\/society-underwater-technology-2\/"},{"@type":"ListItem","position":3,"name":"Serie 2000"}]},{"@type":"WebSite","@id":"https:\/\/www.powerjacks.com\/#website","url":"https:\/\/www.powerjacks.com\/","name":"Power Jacks Limited","description":"Stainless Steel Screw Jacks for Excellent Corrosion Resistance","publisher":{"@id":"https:\/\/www.powerjacks.com\/#organization"},"potentialAction":[{"@type":"SearchAction","target":{"@type":"EntryPoint","urlTemplate":"https:\/\/www.powerjacks.com\/?s={search_term_string}"},"query-input":{"@type":"PropertyValueSpecification","valueRequired":true,"valueName":"search_term_string"}}],"inLanguage":"de"},{"@type":"Organization","@id":"https:\/\/www.powerjacks.com\/#organization","name":"Power Jacks Limited","url":"https:\/\/www.powerjacks.com\/","logo":{"@type":"ImageObject","inLanguage":"de","@id":"https:\/\/www.powerjacks.com\/#\/schema\/logo\/image\/","url":"https:\/\/www.powerjacks.com\/wp-content\/uploads\/2025\/12\/logo_2x.png","contentUrl":"https:\/\/www.powerjacks.com\/wp-content\/uploads\/2025\/12\/logo_2x.png","width":430,"height":65,"caption":"Power Jacks Limited"},"image":{"@id":"https:\/\/www.powerjacks.com\/#\/schema\/logo\/image\/"},"sameAs":["https:\/\/www.facebook.com\/powerjacksltd","https:\/\/x.com\/PowerJacksLtd","https:\/\/www.linkedin.com\/company\/power-jacks-ltd?trk=company_name","https:\/\/www.youtube.com\/@powerjacks"]}]}},"_links":{"self":[{"href":"https:\/\/www.powerjacks.com\/de\/wp-json\/wp\/v2\/product\/14459","targetHints":{"allow":["GET"]}}],"collection":[{"href":"https:\/\/www.powerjacks.com\/de\/wp-json\/wp\/v2\/product"}],"about":[{"href":"https:\/\/www.powerjacks.com\/de\/wp-json\/wp\/v2\/types\/product"}],"wp:featuredmedia":[{"embeddable":true,"href":"https:\/\/www.powerjacks.com\/de\/wp-json\/wp\/v2\/media\/10330"}],"wp:attachment":[{"href":"https:\/\/www.powerjacks.com\/de\/wp-json\/wp\/v2\/media?parent=14459"}],"wp:term":[{"taxonomy":"product_brand","embeddable":true,"href":"https:\/\/www.powerjacks.com\/de\/wp-json\/wp\/v2\/product_brand?post=14459"},{"taxonomy":"product_cat","embeddable":true,"href":"https:\/\/www.powerjacks.com\/de\/wp-json\/wp\/v2\/product_cat?post=14459"},{"taxonomy":"product_tag","embeddable":true,"href":"https:\/\/www.powerjacks.com\/de\/wp-json\/wp\/v2\/product_tag?post=14459"}],"curies":[{"name":"wp","href":"https:\/\/api.w.org\/{rel}","templated":true}]}}