{"id":14460,"date":"2025-06-04T23:10:09","date_gmt":"2025-06-04T23:10:09","guid":{"rendered":"https:\/\/www.powerjacks.com\/product\/serien-35-37-38-39-40-und-42\/"},"modified":"2025-06-04T23:10:09","modified_gmt":"2025-06-04T23:10:09","slug":"serien-35-37-38-39-40-und-42","status":"publish","type":"product","link":"https:\/\/www.powerjacks.com\/de\/produkt\/serien-35-37-38-39-40-und-42\/","title":{"rendered":"Serien 35, 37, 38, 39, 40 und 42"},"content":{"rendered":"","protected":false},"excerpt":{"rendered":"<p><strong>Das Range-U Kegelradgetriebe ist Teil der U-Serie von Power Jacks: eine Reihe von elektromechanischen Unterwasserprodukten, die speziell f\u00fcr den Betrieb mit maximaler Effizienz in einer Unterwasserumgebung entwickelt wurden.<\/strong><\/p>\n<p>Die Range-U Kegelradgetriebe haben eine bew\u00e4hrte Tiefenleistung von bis zu 3.000 m und eine Standardkapazit\u00e4t von bis zu 20.000 Nm. Auf Anfrage k\u00f6nnen sie sogar noch tiefer gehen. <\/p>\n<p>Sie verf\u00fcgen \u00fcber alle Qualit\u00e4ten, die Sie von Power Jacks Produkten erwarten &#8211; St\u00e4rke, Zuverl\u00e4ssigkeit, Langlebigkeit und hohe Leistung. Und das bedeutet, dass sie ideal f\u00fcr den Einsatz unter den h\u00e4rtesten Unterwasserbedingungen geeignet sind, \u00fcberall auf der Welt. <\/p>\n","protected":false},"featured_media":10318,"template":"","meta":{"_acf_changed":false},"product_brand":[109],"product_cat":[342,340],"product_tag":[],"class_list":{"0":"post-14460","1":"product","2":"type-product","3":"status-publish","4":"has-post-thumbnail","6":"product_brand-powerjacks","7":"product_cat-range-u","8":"product_cat-kegelrad-getriebe","10":"first","11":"instock","12":"taxable","13":"shipping-taxable","14":"product-type-simple"},"acf":{"preview_options":null},"yoast_head":"<!-- This site is optimized with the Yoast SEO plugin v27.3 - https:\/\/yoast.com\/product\/yoast-seo-wordpress\/ -->\n<title>Serien 35, 37, 38, 39, 40 und 42 | Power Jacks Limited<\/title>\n<meta name=\"description\" content=\"Browse Serien 35, 37, 38, 39, 40 und 42 from Power Jacks Limited.\" \/>\n<meta name=\"robots\" content=\"index, follow, max-snippet:-1, max-image-preview:large, max-video-preview:-1\" \/>\n<link rel=\"canonical\" href=\"https:\/\/www.powerjacks.com\/de\/produkt\/serien-35-37-38-39-40-und-42\/\" \/>\n<meta property=\"og:locale\" content=\"de_DE\" \/>\n<meta property=\"og:type\" content=\"article\" \/>\n<meta property=\"og:title\" content=\"Serien 35, 37, 38, 39, 40 und 42 | Power Jacks Limited\" \/>\n<meta property=\"og:description\" content=\"Browse Serien 35, 37, 38, 39, 40 und 42 from Power Jacks Limited.\" \/>\n<meta property=\"og:url\" content=\"https:\/\/www.powerjacks.com\/de\/produkt\/serien-35-37-38-39-40-und-42\/\" \/>\n<meta property=\"og:site_name\" content=\"Power Jacks Limited\" \/>\n<meta property=\"article:publisher\" content=\"https:\/\/www.facebook.com\/powerjacksltd\" \/>\n<meta property=\"og:image\" content=\"https:\/\/www.powerjacks.com\/wp-content\/uploads\/2025\/06\/Range-U-BevelGearbox-Group-GB-2000x1600-1.jpg\" \/>\n\t<meta property=\"og:image:width\" content=\"2000\" \/>\n\t<meta property=\"og:image:height\" content=\"1600\" \/>\n\t<meta property=\"og:image:type\" content=\"image\/jpeg\" \/>\n<meta name=\"twitter:card\" content=\"summary_large_image\" \/>\n<meta name=\"twitter:site\" content=\"@PowerJacksLtd\" \/>\n<script type=\"application\/ld+json\" class=\"yoast-schema-graph\">{\"@context\":\"https:\\\/\\\/schema.org\",\"@graph\":[{\"@type\":\"WebPage\",\"@id\":\"https:\\\/\\\/www.powerjacks.com\\\/de\\\/produkt\\\/serien-35-37-38-39-40-und-42\\\/\",\"url\":\"https:\\\/\\\/www.powerjacks.com\\\/de\\\/produkt\\\/serien-35-37-38-39-40-und-42\\\/\",\"name\":\"Serien 35, 37, 38, 39, 40 und 42 | Power Jacks Limited\",\"isPartOf\":{\"@id\":\"https:\\\/\\\/www.powerjacks.com\\\/#website\"},\"primaryImageOfPage\":{\"@id\":\"https:\\\/\\\/www.powerjacks.com\\\/de\\\/produkt\\\/serien-35-37-38-39-40-und-42\\\/#primaryimage\"},\"image\":{\"@id\":\"https:\\\/\\\/www.powerjacks.com\\\/de\\\/produkt\\\/serien-35-37-38-39-40-und-42\\\/#primaryimage\"},\"thumbnailUrl\":\"https:\\\/\\\/www.powerjacks.com\\\/wp-content\\\/uploads\\\/2025\\\/06\\\/Range-U-BevelGearbox-Group-GB-2000x1600-1.jpg\",\"datePublished\":\"2025-06-04T23:10:09+00:00\",\"description\":\"Browse Serien 35, 37, 38, 39, 40 und 42 from Power Jacks Limited.\",\"breadcrumb\":{\"@id\":\"https:\\\/\\\/www.powerjacks.com\\\/de\\\/produkt\\\/serien-35-37-38-39-40-und-42\\\/#breadcrumb\"},\"inLanguage\":\"de\",\"potentialAction\":[{\"@type\":\"ReadAction\",\"target\":[\"https:\\\/\\\/www.powerjacks.com\\\/de\\\/produkt\\\/serien-35-37-38-39-40-und-42\\\/\"]}]},{\"@type\":\"ImageObject\",\"inLanguage\":\"de\",\"@id\":\"https:\\\/\\\/www.powerjacks.com\\\/de\\\/produkt\\\/serien-35-37-38-39-40-und-42\\\/#primaryimage\",\"url\":\"https:\\\/\\\/www.powerjacks.com\\\/wp-content\\\/uploads\\\/2025\\\/06\\\/Range-U-BevelGearbox-Group-GB-2000x1600-1.jpg\",\"contentUrl\":\"https:\\\/\\\/www.powerjacks.com\\\/wp-content\\\/uploads\\\/2025\\\/06\\\/Range-U-BevelGearbox-Group-GB-2000x1600-1.jpg\",\"width\":2000,\"height\":1600,\"caption\":\"Range-U Unterwasser-Kegelradgetriebe, Gruppe, 4 Einheiten\"},{\"@type\":\"BreadcrumbList\",\"@id\":\"https:\\\/\\\/www.powerjacks.com\\\/de\\\/produkt\\\/serien-35-37-38-39-40-und-42\\\/#breadcrumb\",\"itemListElement\":[{\"@type\":\"ListItem\",\"position\":1,\"name\":\"Home\",\"item\":\"https:\\\/\\\/www.powerjacks.com\\\/de\\\/\"},{\"@type\":\"ListItem\",\"position\":2,\"name\":\"Products\",\"item\":\"https:\\\/\\\/www.powerjacks.com\\\/society-underwater-technology-2\\\/\"},{\"@type\":\"ListItem\",\"position\":3,\"name\":\"Serien 35, 37, 38, 39, 40 und 42\"}]},{\"@type\":\"WebSite\",\"@id\":\"https:\\\/\\\/www.powerjacks.com\\\/#website\",\"url\":\"https:\\\/\\\/www.powerjacks.com\\\/\",\"name\":\"Power Jacks Limited\",\"description\":\"Stainless Steel Screw Jacks for Excellent Corrosion Resistance\",\"publisher\":{\"@id\":\"https:\\\/\\\/www.powerjacks.com\\\/#organization\"},\"potentialAction\":[{\"@type\":\"SearchAction\",\"target\":{\"@type\":\"EntryPoint\",\"urlTemplate\":\"https:\\\/\\\/www.powerjacks.com\\\/?s={search_term_string}\"},\"query-input\":{\"@type\":\"PropertyValueSpecification\",\"valueRequired\":true,\"valueName\":\"search_term_string\"}}],\"inLanguage\":\"de\"},{\"@type\":\"Organization\",\"@id\":\"https:\\\/\\\/www.powerjacks.com\\\/#organization\",\"name\":\"Power Jacks Limited\",\"url\":\"https:\\\/\\\/www.powerjacks.com\\\/\",\"logo\":{\"@type\":\"ImageObject\",\"inLanguage\":\"de\",\"@id\":\"https:\\\/\\\/www.powerjacks.com\\\/#\\\/schema\\\/logo\\\/image\\\/\",\"url\":\"https:\\\/\\\/www.powerjacks.com\\\/wp-content\\\/uploads\\\/2025\\\/12\\\/logo_2x.png\",\"contentUrl\":\"https:\\\/\\\/www.powerjacks.com\\\/wp-content\\\/uploads\\\/2025\\\/12\\\/logo_2x.png\",\"width\":430,\"height\":65,\"caption\":\"Power Jacks Limited\"},\"image\":{\"@id\":\"https:\\\/\\\/www.powerjacks.com\\\/#\\\/schema\\\/logo\\\/image\\\/\"},\"sameAs\":[\"https:\\\/\\\/www.facebook.com\\\/powerjacksltd\",\"https:\\\/\\\/x.com\\\/PowerJacksLtd\",\"https:\\\/\\\/www.linkedin.com\\\/company\\\/power-jacks-ltd?trk=company_name\",\"https:\\\/\\\/www.youtube.com\\\/@powerjacks\"]}]}<\/script>\n<!-- \/ Yoast SEO plugin. -->","yoast_head_json":{"title":"Serien 35, 37, 38, 39, 40 und 42 | Power Jacks Limited","description":"Browse Serien 35, 37, 38, 39, 40 und 42 from Power Jacks Limited.","robots":{"index":"index","follow":"follow","max-snippet":"max-snippet:-1","max-image-preview":"max-image-preview:large","max-video-preview":"max-video-preview:-1"},"canonical":"https:\/\/www.powerjacks.com\/de\/produkt\/serien-35-37-38-39-40-und-42\/","og_locale":"de_DE","og_type":"article","og_title":"Serien 35, 37, 38, 39, 40 und 42 | Power Jacks Limited","og_description":"Browse Serien 35, 37, 38, 39, 40 und 42 from Power Jacks Limited.","og_url":"https:\/\/www.powerjacks.com\/de\/produkt\/serien-35-37-38-39-40-und-42\/","og_site_name":"Power Jacks Limited","article_publisher":"https:\/\/www.facebook.com\/powerjacksltd","og_image":[{"width":2000,"height":1600,"url":"https:\/\/www.powerjacks.com\/wp-content\/uploads\/2025\/06\/Range-U-BevelGearbox-Group-GB-2000x1600-1.jpg","type":"image\/jpeg"}],"twitter_card":"summary_large_image","twitter_site":"@PowerJacksLtd","schema":{"@context":"https:\/\/schema.org","@graph":[{"@type":"WebPage","@id":"https:\/\/www.powerjacks.com\/de\/produkt\/serien-35-37-38-39-40-und-42\/","url":"https:\/\/www.powerjacks.com\/de\/produkt\/serien-35-37-38-39-40-und-42\/","name":"Serien 35, 37, 38, 39, 40 und 42 | Power Jacks Limited","isPartOf":{"@id":"https:\/\/www.powerjacks.com\/#website"},"primaryImageOfPage":{"@id":"https:\/\/www.powerjacks.com\/de\/produkt\/serien-35-37-38-39-40-und-42\/#primaryimage"},"image":{"@id":"https:\/\/www.powerjacks.com\/de\/produkt\/serien-35-37-38-39-40-und-42\/#primaryimage"},"thumbnailUrl":"https:\/\/www.powerjacks.com\/wp-content\/uploads\/2025\/06\/Range-U-BevelGearbox-Group-GB-2000x1600-1.jpg","datePublished":"2025-06-04T23:10:09+00:00","description":"Browse Serien 35, 37, 38, 39, 40 und 42 from Power Jacks Limited.","breadcrumb":{"@id":"https:\/\/www.powerjacks.com\/de\/produkt\/serien-35-37-38-39-40-und-42\/#breadcrumb"},"inLanguage":"de","potentialAction":[{"@type":"ReadAction","target":["https:\/\/www.powerjacks.com\/de\/produkt\/serien-35-37-38-39-40-und-42\/"]}]},{"@type":"ImageObject","inLanguage":"de","@id":"https:\/\/www.powerjacks.com\/de\/produkt\/serien-35-37-38-39-40-und-42\/#primaryimage","url":"https:\/\/www.powerjacks.com\/wp-content\/uploads\/2025\/06\/Range-U-BevelGearbox-Group-GB-2000x1600-1.jpg","contentUrl":"https:\/\/www.powerjacks.com\/wp-content\/uploads\/2025\/06\/Range-U-BevelGearbox-Group-GB-2000x1600-1.jpg","width":2000,"height":1600,"caption":"Range-U Unterwasser-Kegelradgetriebe, Gruppe, 4 Einheiten"},{"@type":"BreadcrumbList","@id":"https:\/\/www.powerjacks.com\/de\/produkt\/serien-35-37-38-39-40-und-42\/#breadcrumb","itemListElement":[{"@type":"ListItem","position":1,"name":"Home","item":"https:\/\/www.powerjacks.com\/de\/"},{"@type":"ListItem","position":2,"name":"Products","item":"https:\/\/www.powerjacks.com\/society-underwater-technology-2\/"},{"@type":"ListItem","position":3,"name":"Serien 35, 37, 38, 39, 40 und 42"}]},{"@type":"WebSite","@id":"https:\/\/www.powerjacks.com\/#website","url":"https:\/\/www.powerjacks.com\/","name":"Power Jacks Limited","description":"Stainless Steel Screw Jacks for Excellent Corrosion Resistance","publisher":{"@id":"https:\/\/www.powerjacks.com\/#organization"},"potentialAction":[{"@type":"SearchAction","target":{"@type":"EntryPoint","urlTemplate":"https:\/\/www.powerjacks.com\/?s={search_term_string}"},"query-input":{"@type":"PropertyValueSpecification","valueRequired":true,"valueName":"search_term_string"}}],"inLanguage":"de"},{"@type":"Organization","@id":"https:\/\/www.powerjacks.com\/#organization","name":"Power Jacks Limited","url":"https:\/\/www.powerjacks.com\/","logo":{"@type":"ImageObject","inLanguage":"de","@id":"https:\/\/www.powerjacks.com\/#\/schema\/logo\/image\/","url":"https:\/\/www.powerjacks.com\/wp-content\/uploads\/2025\/12\/logo_2x.png","contentUrl":"https:\/\/www.powerjacks.com\/wp-content\/uploads\/2025\/12\/logo_2x.png","width":430,"height":65,"caption":"Power Jacks Limited"},"image":{"@id":"https:\/\/www.powerjacks.com\/#\/schema\/logo\/image\/"},"sameAs":["https:\/\/www.facebook.com\/powerjacksltd","https:\/\/x.com\/PowerJacksLtd","https:\/\/www.linkedin.com\/company\/power-jacks-ltd?trk=company_name","https:\/\/www.youtube.com\/@powerjacks"]}]}},"_links":{"self":[{"href":"https:\/\/www.powerjacks.com\/de\/wp-json\/wp\/v2\/product\/14460","targetHints":{"allow":["GET"]}}],"collection":[{"href":"https:\/\/www.powerjacks.com\/de\/wp-json\/wp\/v2\/product"}],"about":[{"href":"https:\/\/www.powerjacks.com\/de\/wp-json\/wp\/v2\/types\/product"}],"wp:featuredmedia":[{"embeddable":true,"href":"https:\/\/www.powerjacks.com\/de\/wp-json\/wp\/v2\/media\/10318"}],"wp:attachment":[{"href":"https:\/\/www.powerjacks.com\/de\/wp-json\/wp\/v2\/media?parent=14460"}],"wp:term":[{"taxonomy":"product_brand","embeddable":true,"href":"https:\/\/www.powerjacks.com\/de\/wp-json\/wp\/v2\/product_brand?post=14460"},{"taxonomy":"product_cat","embeddable":true,"href":"https:\/\/www.powerjacks.com\/de\/wp-json\/wp\/v2\/product_cat?post=14460"},{"taxonomy":"product_tag","embeddable":true,"href":"https:\/\/www.powerjacks.com\/de\/wp-json\/wp\/v2\/product_tag?post=14460"}],"curies":[{"name":"wp","href":"https:\/\/api.w.org\/{rel}","templated":true}]}}