{"id":14464,"date":"2025-08-15T15:03:37","date_gmt":"2025-08-15T15:03:37","guid":{"rendered":"https:\/\/www.powerjacks.com\/product\/metrisches-spindelhubgetriebe-2\/"},"modified":"2026-02-20T08:55:16","modified_gmt":"2026-02-20T08:55:16","slug":"metrisches-spindelhubgetriebe-2","status":"publish","type":"product","link":"https:\/\/www.powerjacks.com\/de\/produkt\/metrisches-spindelhubgetriebe-2\/","title":{"rendered":"TrapezSpindlehubgetribe"},"content":{"rendered":"","protected":false},"excerpt":{"rendered":"<p><strong>Die TrapezSpindlehubgetribe der E-Serie sind ideal f\u00fcr Positionierungs-, Hebe- und Bet\u00e4tigungsanwendungen mit geringer Belastung.<\/strong><\/p>\n<p>Die Kapazit\u00e4t reicht standardm\u00e4\u00dfig von 5kN bis 2.000kN; als kundenspezifisches Design kann sie bis zu 3.500kN betragen. Sie sind in den Ausf\u00fchrungen mit translatorischer und rotierender Schraube erh\u00e4ltlich. Sie verf\u00fcgen \u00fcber eine Vielzahl von Bedienelementen wie Verdrehsicherung (verkeilt), Anti-Backlash, Sicherheitsmutter und doppelter Gabelkopf. Die Spindelhubgetriebe k\u00f6nnen von unserem Ingenieursteam vollst\u00e4ndig an Ihre Anforderungen angepasst werden, so dass sie genau Ihren Anforderungen entsprechen.   <\/p>\n","protected":false},"featured_media":9160,"template":"","meta":{"_acf_changed":false},"product_brand":[109],"product_cat":[346,376],"product_tag":[],"class_list":{"0":"post-14464","1":"product","2":"type-product","3":"status-publish","4":"has-post-thumbnail","6":"product_brand-powerjacks","7":"product_cat-e-serie","8":"product_cat-e-serie-3","10":"first","11":"instock","12":"taxable","13":"shipping-taxable","14":"product-type-simple"},"acf":{"preview_options":[{"code":"EMT0025-U001100-0100-EB00-0000","variables":"","description":"\u00dcbersetzungsschraube, aufrecht","use_variables":false},{"code":"EMR0025-U001100-0100-PB00-0000","variables":"","description":"Rotierende Schraube, aufrecht","use_variables":false},{"code":"EMT0025-U0A1100-0100-EB00-0000","variables":"","description":"\u00dcbersetzungsschraube, Anti-Backlash, aufrecht","use_variables":false},{"code":"EMT0025-UK01100-0100-EB00-0000","variables":"","description":"Translationsschraube, Anti-Rotation (Passfeder), aufrecht","use_variables":false},{"code":"EMT0025-UKA1100-0100-EB00-0000","variables":"","description":"\u00dcbersetzungsschraube, Anti-Backlash & Anti-Rotation (Passfeder), aufrecht","use_variables":false},{"code":"EMT0025-I001100-0100-EB00-0000","variables":"","description":"\u00dcbersetzungsschraube, invertiert","use_variables":false},{"code":"EMR0025-I001100-0100-PB00-0000","variables":"","description":"Rotierende Schraube, invertiert","use_variables":false},{"code":"EMT0025-I0A1100-0100-EB00-0000","variables":"","description":"\u00dcbersetzungsschraube, Anti-Backlash, invertiert","use_variables":false},{"code":"EMT0025-IK01100-0100-EB00-0000","variables":"","description":"Translationsschraube, Anti-Rotation (Passfeder), invertiert","use_variables":false},{"code":"EMT0025-IKA1100-0100-EB00-0000","variables":"","description":"\u00dcbersetzungsschraube, Anti-Backlash & Anti-Rotation (Passfeder), invertiert","use_variables":false}]},"yoast_head":"<!-- This site is optimized with the Yoast SEO plugin v27.3 - https:\/\/yoast.com\/product\/yoast-seo-wordpress\/ -->\n<title>TrapezSpindlehubgetribe | Power Jacks Limited<\/title>\n<meta name=\"description\" content=\"Browse TrapezSpindlehubgetribe from Power Jacks Limited.\" \/>\n<meta name=\"robots\" content=\"index, follow, max-snippet:-1, max-image-preview:large, max-video-preview:-1\" \/>\n<link rel=\"canonical\" href=\"https:\/\/www.powerjacks.com\/de\/produkt\/metrisches-spindelhubgetriebe-2\/\" \/>\n<meta property=\"og:locale\" content=\"de_DE\" \/>\n<meta property=\"og:type\" content=\"article\" \/>\n<meta property=\"og:title\" content=\"TrapezSpindlehubgetribe | Power Jacks Limited\" \/>\n<meta property=\"og:description\" content=\"Browse TrapezSpindlehubgetribe from Power Jacks Limited.\" \/>\n<meta property=\"og:url\" content=\"https:\/\/www.powerjacks.com\/de\/produkt\/metrisches-spindelhubgetriebe-2\/\" \/>\n<meta property=\"og:site_name\" content=\"Power Jacks Limited\" \/>\n<meta property=\"article:publisher\" content=\"https:\/\/www.facebook.com\/powerjacksltd\" \/>\n<meta property=\"article:modified_time\" content=\"2026-02-20T08:55:16+00:00\" \/>\n<meta property=\"og:image\" content=\"https:\/\/www.powerjacks.com\/wp-content\/uploads\/2025\/08\/E-Series-Machine_Screw_Jacks-Pair-2000x1600-GB.jpg\" \/>\n\t<meta property=\"og:image:width\" content=\"2000\" \/>\n\t<meta property=\"og:image:height\" content=\"1600\" \/>\n\t<meta property=\"og:image:type\" content=\"image\/jpeg\" \/>\n<meta name=\"twitter:card\" content=\"summary_large_image\" \/>\n<meta name=\"twitter:site\" content=\"@PowerJacksLtd\" \/>\n<script type=\"application\/ld+json\" class=\"yoast-schema-graph\">{\"@context\":\"https:\\\/\\\/schema.org\",\"@graph\":[{\"@type\":\"WebPage\",\"@id\":\"https:\\\/\\\/www.powerjacks.com\\\/de\\\/produkt\\\/metrisches-spindelhubgetriebe-2\\\/\",\"url\":\"https:\\\/\\\/www.powerjacks.com\\\/de\\\/produkt\\\/metrisches-spindelhubgetriebe-2\\\/\",\"name\":\"TrapezSpindlehubgetribe | Power Jacks Limited\",\"isPartOf\":{\"@id\":\"https:\\\/\\\/www.powerjacks.com\\\/#website\"},\"primaryImageOfPage\":{\"@id\":\"https:\\\/\\\/www.powerjacks.com\\\/de\\\/produkt\\\/metrisches-spindelhubgetriebe-2\\\/#primaryimage\"},\"image\":{\"@id\":\"https:\\\/\\\/www.powerjacks.com\\\/de\\\/produkt\\\/metrisches-spindelhubgetriebe-2\\\/#primaryimage\"},\"thumbnailUrl\":\"https:\\\/\\\/www.powerjacks.com\\\/wp-content\\\/uploads\\\/2025\\\/08\\\/E-Series-Machine_Screw_Jacks-Pair-2000x1600-GB.jpg\",\"datePublished\":\"2025-08-15T15:03:37+00:00\",\"dateModified\":\"2026-02-20T08:55:16+00:00\",\"description\":\"Browse TrapezSpindlehubgetribe from Power Jacks Limited.\",\"breadcrumb\":{\"@id\":\"https:\\\/\\\/www.powerjacks.com\\\/de\\\/produkt\\\/metrisches-spindelhubgetriebe-2\\\/#breadcrumb\"},\"inLanguage\":\"de\",\"potentialAction\":[{\"@type\":\"ReadAction\",\"target\":[\"https:\\\/\\\/www.powerjacks.com\\\/de\\\/produkt\\\/metrisches-spindelhubgetriebe-2\\\/\"]}]},{\"@type\":\"ImageObject\",\"inLanguage\":\"de\",\"@id\":\"https:\\\/\\\/www.powerjacks.com\\\/de\\\/produkt\\\/metrisches-spindelhubgetriebe-2\\\/#primaryimage\",\"url\":\"https:\\\/\\\/www.powerjacks.com\\\/wp-content\\\/uploads\\\/2025\\\/08\\\/E-Series-Machine_Screw_Jacks-Pair-2000x1600-GB.jpg\",\"contentUrl\":\"https:\\\/\\\/www.powerjacks.com\\\/wp-content\\\/uploads\\\/2025\\\/08\\\/E-Series-Machine_Screw_Jacks-Pair-2000x1600-GB.jpg\",\"width\":2000,\"height\":1600,\"caption\":\"Maschinenspindelhubelemente der E-Serie, Translating Screw, Rotating Screw\"},{\"@type\":\"BreadcrumbList\",\"@id\":\"https:\\\/\\\/www.powerjacks.com\\\/de\\\/produkt\\\/metrisches-spindelhubgetriebe-2\\\/#breadcrumb\",\"itemListElement\":[{\"@type\":\"ListItem\",\"position\":1,\"name\":\"Home\",\"item\":\"https:\\\/\\\/www.powerjacks.com\\\/de\\\/\"},{\"@type\":\"ListItem\",\"position\":2,\"name\":\"Products\",\"item\":\"https:\\\/\\\/www.powerjacks.com\\\/society-underwater-technology-2\\\/\"},{\"@type\":\"ListItem\",\"position\":3,\"name\":\"TrapezSpindlehubgetribe\"}]},{\"@type\":\"WebSite\",\"@id\":\"https:\\\/\\\/www.powerjacks.com\\\/#website\",\"url\":\"https:\\\/\\\/www.powerjacks.com\\\/\",\"name\":\"Power Jacks Limited\",\"description\":\"Stainless Steel Screw Jacks for Excellent Corrosion Resistance\",\"publisher\":{\"@id\":\"https:\\\/\\\/www.powerjacks.com\\\/#organization\"},\"potentialAction\":[{\"@type\":\"SearchAction\",\"target\":{\"@type\":\"EntryPoint\",\"urlTemplate\":\"https:\\\/\\\/www.powerjacks.com\\\/?s={search_term_string}\"},\"query-input\":{\"@type\":\"PropertyValueSpecification\",\"valueRequired\":true,\"valueName\":\"search_term_string\"}}],\"inLanguage\":\"de\"},{\"@type\":\"Organization\",\"@id\":\"https:\\\/\\\/www.powerjacks.com\\\/#organization\",\"name\":\"Power Jacks Limited\",\"url\":\"https:\\\/\\\/www.powerjacks.com\\\/\",\"logo\":{\"@type\":\"ImageObject\",\"inLanguage\":\"de\",\"@id\":\"https:\\\/\\\/www.powerjacks.com\\\/#\\\/schema\\\/logo\\\/image\\\/\",\"url\":\"https:\\\/\\\/www.powerjacks.com\\\/wp-content\\\/uploads\\\/2025\\\/12\\\/logo_2x.png\",\"contentUrl\":\"https:\\\/\\\/www.powerjacks.com\\\/wp-content\\\/uploads\\\/2025\\\/12\\\/logo_2x.png\",\"width\":430,\"height\":65,\"caption\":\"Power Jacks Limited\"},\"image\":{\"@id\":\"https:\\\/\\\/www.powerjacks.com\\\/#\\\/schema\\\/logo\\\/image\\\/\"},\"sameAs\":[\"https:\\\/\\\/www.facebook.com\\\/powerjacksltd\",\"https:\\\/\\\/x.com\\\/PowerJacksLtd\",\"https:\\\/\\\/www.linkedin.com\\\/company\\\/power-jacks-ltd?trk=company_name\",\"https:\\\/\\\/www.youtube.com\\\/@powerjacks\"]}]}<\/script>\n<!-- \/ Yoast SEO plugin. -->","yoast_head_json":{"title":"TrapezSpindlehubgetribe | Power Jacks Limited","description":"Browse TrapezSpindlehubgetribe from Power Jacks Limited.","robots":{"index":"index","follow":"follow","max-snippet":"max-snippet:-1","max-image-preview":"max-image-preview:large","max-video-preview":"max-video-preview:-1"},"canonical":"https:\/\/www.powerjacks.com\/de\/produkt\/metrisches-spindelhubgetriebe-2\/","og_locale":"de_DE","og_type":"article","og_title":"TrapezSpindlehubgetribe | Power Jacks Limited","og_description":"Browse TrapezSpindlehubgetribe from Power Jacks Limited.","og_url":"https:\/\/www.powerjacks.com\/de\/produkt\/metrisches-spindelhubgetriebe-2\/","og_site_name":"Power Jacks Limited","article_publisher":"https:\/\/www.facebook.com\/powerjacksltd","article_modified_time":"2026-02-20T08:55:16+00:00","og_image":[{"width":2000,"height":1600,"url":"https:\/\/www.powerjacks.com\/wp-content\/uploads\/2025\/08\/E-Series-Machine_Screw_Jacks-Pair-2000x1600-GB.jpg","type":"image\/jpeg"}],"twitter_card":"summary_large_image","twitter_site":"@PowerJacksLtd","schema":{"@context":"https:\/\/schema.org","@graph":[{"@type":"WebPage","@id":"https:\/\/www.powerjacks.com\/de\/produkt\/metrisches-spindelhubgetriebe-2\/","url":"https:\/\/www.powerjacks.com\/de\/produkt\/metrisches-spindelhubgetriebe-2\/","name":"TrapezSpindlehubgetribe | Power Jacks Limited","isPartOf":{"@id":"https:\/\/www.powerjacks.com\/#website"},"primaryImageOfPage":{"@id":"https:\/\/www.powerjacks.com\/de\/produkt\/metrisches-spindelhubgetriebe-2\/#primaryimage"},"image":{"@id":"https:\/\/www.powerjacks.com\/de\/produkt\/metrisches-spindelhubgetriebe-2\/#primaryimage"},"thumbnailUrl":"https:\/\/www.powerjacks.com\/wp-content\/uploads\/2025\/08\/E-Series-Machine_Screw_Jacks-Pair-2000x1600-GB.jpg","datePublished":"2025-08-15T15:03:37+00:00","dateModified":"2026-02-20T08:55:16+00:00","description":"Browse TrapezSpindlehubgetribe from Power Jacks Limited.","breadcrumb":{"@id":"https:\/\/www.powerjacks.com\/de\/produkt\/metrisches-spindelhubgetriebe-2\/#breadcrumb"},"inLanguage":"de","potentialAction":[{"@type":"ReadAction","target":["https:\/\/www.powerjacks.com\/de\/produkt\/metrisches-spindelhubgetriebe-2\/"]}]},{"@type":"ImageObject","inLanguage":"de","@id":"https:\/\/www.powerjacks.com\/de\/produkt\/metrisches-spindelhubgetriebe-2\/#primaryimage","url":"https:\/\/www.powerjacks.com\/wp-content\/uploads\/2025\/08\/E-Series-Machine_Screw_Jacks-Pair-2000x1600-GB.jpg","contentUrl":"https:\/\/www.powerjacks.com\/wp-content\/uploads\/2025\/08\/E-Series-Machine_Screw_Jacks-Pair-2000x1600-GB.jpg","width":2000,"height":1600,"caption":"Maschinenspindelhubelemente der E-Serie, Translating Screw, Rotating Screw"},{"@type":"BreadcrumbList","@id":"https:\/\/www.powerjacks.com\/de\/produkt\/metrisches-spindelhubgetriebe-2\/#breadcrumb","itemListElement":[{"@type":"ListItem","position":1,"name":"Home","item":"https:\/\/www.powerjacks.com\/de\/"},{"@type":"ListItem","position":2,"name":"Products","item":"https:\/\/www.powerjacks.com\/society-underwater-technology-2\/"},{"@type":"ListItem","position":3,"name":"TrapezSpindlehubgetribe"}]},{"@type":"WebSite","@id":"https:\/\/www.powerjacks.com\/#website","url":"https:\/\/www.powerjacks.com\/","name":"Power Jacks Limited","description":"Stainless Steel Screw Jacks for Excellent Corrosion Resistance","publisher":{"@id":"https:\/\/www.powerjacks.com\/#organization"},"potentialAction":[{"@type":"SearchAction","target":{"@type":"EntryPoint","urlTemplate":"https:\/\/www.powerjacks.com\/?s={search_term_string}"},"query-input":{"@type":"PropertyValueSpecification","valueRequired":true,"valueName":"search_term_string"}}],"inLanguage":"de"},{"@type":"Organization","@id":"https:\/\/www.powerjacks.com\/#organization","name":"Power Jacks Limited","url":"https:\/\/www.powerjacks.com\/","logo":{"@type":"ImageObject","inLanguage":"de","@id":"https:\/\/www.powerjacks.com\/#\/schema\/logo\/image\/","url":"https:\/\/www.powerjacks.com\/wp-content\/uploads\/2025\/12\/logo_2x.png","contentUrl":"https:\/\/www.powerjacks.com\/wp-content\/uploads\/2025\/12\/logo_2x.png","width":430,"height":65,"caption":"Power Jacks Limited"},"image":{"@id":"https:\/\/www.powerjacks.com\/#\/schema\/logo\/image\/"},"sameAs":["https:\/\/www.facebook.com\/powerjacksltd","https:\/\/x.com\/PowerJacksLtd","https:\/\/www.linkedin.com\/company\/power-jacks-ltd?trk=company_name","https:\/\/www.youtube.com\/@powerjacks"]}]}},"_links":{"self":[{"href":"https:\/\/www.powerjacks.com\/de\/wp-json\/wp\/v2\/product\/14464","targetHints":{"allow":["GET"]}}],"collection":[{"href":"https:\/\/www.powerjacks.com\/de\/wp-json\/wp\/v2\/product"}],"about":[{"href":"https:\/\/www.powerjacks.com\/de\/wp-json\/wp\/v2\/types\/product"}],"wp:featuredmedia":[{"embeddable":true,"href":"https:\/\/www.powerjacks.com\/de\/wp-json\/wp\/v2\/media\/9160"}],"wp:attachment":[{"href":"https:\/\/www.powerjacks.com\/de\/wp-json\/wp\/v2\/media?parent=14464"}],"wp:term":[{"taxonomy":"product_brand","embeddable":true,"href":"https:\/\/www.powerjacks.com\/de\/wp-json\/wp\/v2\/product_brand?post=14464"},{"taxonomy":"product_cat","embeddable":true,"href":"https:\/\/www.powerjacks.com\/de\/wp-json\/wp\/v2\/product_cat?post=14464"},{"taxonomy":"product_tag","embeddable":true,"href":"https:\/\/www.powerjacks.com\/de\/wp-json\/wp\/v2\/product_tag?post=14464"}],"curies":[{"name":"wp","href":"https:\/\/api.w.org\/{rel}","templated":true}]}}