{"id":14469,"date":"2025-08-19T11:11:17","date_gmt":"2025-08-19T11:11:17","guid":{"rendered":"https:\/\/www.powerjacks.com\/product\/rollen-schrauben-aktuator\/"},"modified":"2025-08-19T11:11:17","modified_gmt":"2025-08-19T11:11:17","slug":"rollen-schrauben-aktuator","status":"publish","type":"product","link":"https:\/\/www.powerjacks.com\/de\/produkt\/rollen-schrauben-aktuator\/","title":{"rendered":"Rollen-Schrauben-Aktuator"},"content":{"rendered":"","protected":false},"excerpt":{"rendered":"<p><strong>Hochleistungsantrieb mit der Planetenrollengewinde-Version des elektrischen Linearantriebs von Rolaram, der eine hohe Belastbarkeit auf kleinem Raum bietet.<\/strong><\/p>\n<p>Der Rolaram Rollengewindetrieb liefert kritische Antriebe f\u00fcr anspruchsvolle Systeme in jedem Industriesektor f\u00fcr hohe Geschwindigkeit, hohe Einschaltdauer, hohe Genauigkeit und lange Lebensdauer in einer robusten und zuverl\u00e4ssigen Konstruktion.<\/p>\n<p>Es gibt 7 Standardmodelle der Rolaram-Linearantriebe, die mit Planetenrollengewindetrieb erh\u00e4ltlich sind: R075, R100, R125, R150, R175, R225 und B250. Sie bieten eine Reihe von dynamischen Standardlasten von bis zu 400kN und lineare Standardgeschwindigkeiten von bis zu 7500 mm\/min. Es sind kundenspezifische und ma\u00dfgeschneiderte L\u00f6sungen erh\u00e4ltlich, einschlie\u00dflich Designs f\u00fcr h\u00f6here Lasten und Geschwindigkeiten.  <\/p>\n","protected":false},"featured_media":9936,"template":"","meta":{"_acf_changed":false},"product_brand":[109],"product_cat":[350,349],"product_tag":[],"class_list":{"0":"post-14469","1":"product","2":"type-product","3":"status-publish","4":"has-post-thumbnail","6":"product_brand-powerjacks","7":"product_cat-rolaram","8":"product_cat-elektrische-linearaktuatoren","10":"first","11":"instock","12":"taxable","13":"shipping-taxable","14":"product-type-simple"},"acf":{"preview_options":null},"yoast_head":"<!-- This site is optimized with the Yoast SEO plugin v27.3 - https:\/\/yoast.com\/product\/yoast-seo-wordpress\/ -->\n<title>Rollen-Schrauben-Aktuator | Power Jacks Limited<\/title>\n<meta name=\"description\" content=\"Browse Rollen-Schrauben-Aktuator from Power Jacks Limited.\" \/>\n<meta name=\"robots\" content=\"index, follow, max-snippet:-1, max-image-preview:large, max-video-preview:-1\" \/>\n<link rel=\"canonical\" href=\"https:\/\/www.powerjacks.com\/de\/produkt\/rollen-schrauben-aktuator\/\" \/>\n<meta property=\"og:locale\" content=\"de_DE\" \/>\n<meta property=\"og:type\" content=\"article\" \/>\n<meta property=\"og:title\" content=\"Rollen-Schrauben-Aktuator | Power Jacks Limited\" \/>\n<meta property=\"og:description\" content=\"Browse Rollen-Schrauben-Aktuator from Power Jacks Limited.\" \/>\n<meta property=\"og:url\" content=\"https:\/\/www.powerjacks.com\/de\/produkt\/rollen-schrauben-aktuator\/\" \/>\n<meta property=\"og:site_name\" content=\"Power Jacks Limited\" \/>\n<meta property=\"article:publisher\" content=\"https:\/\/www.facebook.com\/powerjacksltd\" \/>\n<meta property=\"og:image\" content=\"https:\/\/www.powerjacks.com\/wp-content\/uploads\/2025\/11\/Roloram-Parallel-ISO-View-2-GB-548x469-1.jpg\" \/>\n\t<meta property=\"og:image:width\" content=\"548\" \/>\n\t<meta property=\"og:image:height\" content=\"469\" \/>\n\t<meta property=\"og:image:type\" content=\"image\/jpeg\" \/>\n<meta name=\"twitter:card\" content=\"summary_large_image\" \/>\n<meta name=\"twitter:site\" content=\"@PowerJacksLtd\" \/>\n<script type=\"application\/ld+json\" class=\"yoast-schema-graph\">{\"@context\":\"https:\\\/\\\/schema.org\",\"@graph\":[{\"@type\":\"WebPage\",\"@id\":\"https:\\\/\\\/www.powerjacks.com\\\/de\\\/produkt\\\/rollen-schrauben-aktuator\\\/\",\"url\":\"https:\\\/\\\/www.powerjacks.com\\\/de\\\/produkt\\\/rollen-schrauben-aktuator\\\/\",\"name\":\"Rollen-Schrauben-Aktuator | Power Jacks Limited\",\"isPartOf\":{\"@id\":\"https:\\\/\\\/www.powerjacks.com\\\/#website\"},\"primaryImageOfPage\":{\"@id\":\"https:\\\/\\\/www.powerjacks.com\\\/de\\\/produkt\\\/rollen-schrauben-aktuator\\\/#primaryimage\"},\"image\":{\"@id\":\"https:\\\/\\\/www.powerjacks.com\\\/de\\\/produkt\\\/rollen-schrauben-aktuator\\\/#primaryimage\"},\"thumbnailUrl\":\"https:\\\/\\\/www.powerjacks.com\\\/wp-content\\\/uploads\\\/2025\\\/11\\\/Roloram-Parallel-ISO-View-2-GB-548x469-1.jpg\",\"datePublished\":\"2025-08-19T11:11:17+00:00\",\"description\":\"Browse Rollen-Schrauben-Aktuator from Power Jacks Limited.\",\"breadcrumb\":{\"@id\":\"https:\\\/\\\/www.powerjacks.com\\\/de\\\/produkt\\\/rollen-schrauben-aktuator\\\/#breadcrumb\"},\"inLanguage\":\"de\",\"potentialAction\":[{\"@type\":\"ReadAction\",\"target\":[\"https:\\\/\\\/www.powerjacks.com\\\/de\\\/produkt\\\/rollen-schrauben-aktuator\\\/\"]}]},{\"@type\":\"ImageObject\",\"inLanguage\":\"de\",\"@id\":\"https:\\\/\\\/www.powerjacks.com\\\/de\\\/produkt\\\/rollen-schrauben-aktuator\\\/#primaryimage\",\"url\":\"https:\\\/\\\/www.powerjacks.com\\\/wp-content\\\/uploads\\\/2025\\\/11\\\/Roloram-Parallel-ISO-View-2-GB-548x469-1.jpg\",\"contentUrl\":\"https:\\\/\\\/www.powerjacks.com\\\/wp-content\\\/uploads\\\/2025\\\/11\\\/Roloram-Parallel-ISO-View-2-GB-548x469-1.jpg\",\"width\":548,\"height\":469,\"caption\":\"Rolaram Elektrischer Linearantrieb, Rollengewinde, Parallelmotor, Gabelkopf, ISO Ansicht 2\"},{\"@type\":\"BreadcrumbList\",\"@id\":\"https:\\\/\\\/www.powerjacks.com\\\/de\\\/produkt\\\/rollen-schrauben-aktuator\\\/#breadcrumb\",\"itemListElement\":[{\"@type\":\"ListItem\",\"position\":1,\"name\":\"Home\",\"item\":\"https:\\\/\\\/www.powerjacks.com\\\/de\\\/\"},{\"@type\":\"ListItem\",\"position\":2,\"name\":\"Products\",\"item\":\"https:\\\/\\\/www.powerjacks.com\\\/society-underwater-technology-2\\\/\"},{\"@type\":\"ListItem\",\"position\":3,\"name\":\"Rollen-Schrauben-Aktuator\"}]},{\"@type\":\"WebSite\",\"@id\":\"https:\\\/\\\/www.powerjacks.com\\\/#website\",\"url\":\"https:\\\/\\\/www.powerjacks.com\\\/\",\"name\":\"Power Jacks Limited\",\"description\":\"Stainless Steel Screw Jacks for Excellent Corrosion Resistance\",\"publisher\":{\"@id\":\"https:\\\/\\\/www.powerjacks.com\\\/#organization\"},\"potentialAction\":[{\"@type\":\"SearchAction\",\"target\":{\"@type\":\"EntryPoint\",\"urlTemplate\":\"https:\\\/\\\/www.powerjacks.com\\\/?s={search_term_string}\"},\"query-input\":{\"@type\":\"PropertyValueSpecification\",\"valueRequired\":true,\"valueName\":\"search_term_string\"}}],\"inLanguage\":\"de\"},{\"@type\":\"Organization\",\"@id\":\"https:\\\/\\\/www.powerjacks.com\\\/#organization\",\"name\":\"Power Jacks Limited\",\"url\":\"https:\\\/\\\/www.powerjacks.com\\\/\",\"logo\":{\"@type\":\"ImageObject\",\"inLanguage\":\"de\",\"@id\":\"https:\\\/\\\/www.powerjacks.com\\\/#\\\/schema\\\/logo\\\/image\\\/\",\"url\":\"https:\\\/\\\/www.powerjacks.com\\\/wp-content\\\/uploads\\\/2025\\\/12\\\/logo_2x.png\",\"contentUrl\":\"https:\\\/\\\/www.powerjacks.com\\\/wp-content\\\/uploads\\\/2025\\\/12\\\/logo_2x.png\",\"width\":430,\"height\":65,\"caption\":\"Power Jacks Limited\"},\"image\":{\"@id\":\"https:\\\/\\\/www.powerjacks.com\\\/#\\\/schema\\\/logo\\\/image\\\/\"},\"sameAs\":[\"https:\\\/\\\/www.facebook.com\\\/powerjacksltd\",\"https:\\\/\\\/x.com\\\/PowerJacksLtd\",\"https:\\\/\\\/www.linkedin.com\\\/company\\\/power-jacks-ltd?trk=company_name\",\"https:\\\/\\\/www.youtube.com\\\/@powerjacks\"]}]}<\/script>\n<!-- \/ Yoast SEO plugin. -->","yoast_head_json":{"title":"Rollen-Schrauben-Aktuator | Power Jacks Limited","description":"Browse Rollen-Schrauben-Aktuator from Power Jacks Limited.","robots":{"index":"index","follow":"follow","max-snippet":"max-snippet:-1","max-image-preview":"max-image-preview:large","max-video-preview":"max-video-preview:-1"},"canonical":"https:\/\/www.powerjacks.com\/de\/produkt\/rollen-schrauben-aktuator\/","og_locale":"de_DE","og_type":"article","og_title":"Rollen-Schrauben-Aktuator | Power Jacks Limited","og_description":"Browse Rollen-Schrauben-Aktuator from Power Jacks Limited.","og_url":"https:\/\/www.powerjacks.com\/de\/produkt\/rollen-schrauben-aktuator\/","og_site_name":"Power Jacks Limited","article_publisher":"https:\/\/www.facebook.com\/powerjacksltd","og_image":[{"width":548,"height":469,"url":"https:\/\/www.powerjacks.com\/wp-content\/uploads\/2025\/11\/Roloram-Parallel-ISO-View-2-GB-548x469-1.jpg","type":"image\/jpeg"}],"twitter_card":"summary_large_image","twitter_site":"@PowerJacksLtd","schema":{"@context":"https:\/\/schema.org","@graph":[{"@type":"WebPage","@id":"https:\/\/www.powerjacks.com\/de\/produkt\/rollen-schrauben-aktuator\/","url":"https:\/\/www.powerjacks.com\/de\/produkt\/rollen-schrauben-aktuator\/","name":"Rollen-Schrauben-Aktuator | Power Jacks Limited","isPartOf":{"@id":"https:\/\/www.powerjacks.com\/#website"},"primaryImageOfPage":{"@id":"https:\/\/www.powerjacks.com\/de\/produkt\/rollen-schrauben-aktuator\/#primaryimage"},"image":{"@id":"https:\/\/www.powerjacks.com\/de\/produkt\/rollen-schrauben-aktuator\/#primaryimage"},"thumbnailUrl":"https:\/\/www.powerjacks.com\/wp-content\/uploads\/2025\/11\/Roloram-Parallel-ISO-View-2-GB-548x469-1.jpg","datePublished":"2025-08-19T11:11:17+00:00","description":"Browse Rollen-Schrauben-Aktuator from Power Jacks Limited.","breadcrumb":{"@id":"https:\/\/www.powerjacks.com\/de\/produkt\/rollen-schrauben-aktuator\/#breadcrumb"},"inLanguage":"de","potentialAction":[{"@type":"ReadAction","target":["https:\/\/www.powerjacks.com\/de\/produkt\/rollen-schrauben-aktuator\/"]}]},{"@type":"ImageObject","inLanguage":"de","@id":"https:\/\/www.powerjacks.com\/de\/produkt\/rollen-schrauben-aktuator\/#primaryimage","url":"https:\/\/www.powerjacks.com\/wp-content\/uploads\/2025\/11\/Roloram-Parallel-ISO-View-2-GB-548x469-1.jpg","contentUrl":"https:\/\/www.powerjacks.com\/wp-content\/uploads\/2025\/11\/Roloram-Parallel-ISO-View-2-GB-548x469-1.jpg","width":548,"height":469,"caption":"Rolaram Elektrischer Linearantrieb, Rollengewinde, Parallelmotor, Gabelkopf, ISO Ansicht 2"},{"@type":"BreadcrumbList","@id":"https:\/\/www.powerjacks.com\/de\/produkt\/rollen-schrauben-aktuator\/#breadcrumb","itemListElement":[{"@type":"ListItem","position":1,"name":"Home","item":"https:\/\/www.powerjacks.com\/de\/"},{"@type":"ListItem","position":2,"name":"Products","item":"https:\/\/www.powerjacks.com\/society-underwater-technology-2\/"},{"@type":"ListItem","position":3,"name":"Rollen-Schrauben-Aktuator"}]},{"@type":"WebSite","@id":"https:\/\/www.powerjacks.com\/#website","url":"https:\/\/www.powerjacks.com\/","name":"Power Jacks Limited","description":"Stainless Steel Screw Jacks for Excellent Corrosion Resistance","publisher":{"@id":"https:\/\/www.powerjacks.com\/#organization"},"potentialAction":[{"@type":"SearchAction","target":{"@type":"EntryPoint","urlTemplate":"https:\/\/www.powerjacks.com\/?s={search_term_string}"},"query-input":{"@type":"PropertyValueSpecification","valueRequired":true,"valueName":"search_term_string"}}],"inLanguage":"de"},{"@type":"Organization","@id":"https:\/\/www.powerjacks.com\/#organization","name":"Power Jacks Limited","url":"https:\/\/www.powerjacks.com\/","logo":{"@type":"ImageObject","inLanguage":"de","@id":"https:\/\/www.powerjacks.com\/#\/schema\/logo\/image\/","url":"https:\/\/www.powerjacks.com\/wp-content\/uploads\/2025\/12\/logo_2x.png","contentUrl":"https:\/\/www.powerjacks.com\/wp-content\/uploads\/2025\/12\/logo_2x.png","width":430,"height":65,"caption":"Power Jacks Limited"},"image":{"@id":"https:\/\/www.powerjacks.com\/#\/schema\/logo\/image\/"},"sameAs":["https:\/\/www.facebook.com\/powerjacksltd","https:\/\/x.com\/PowerJacksLtd","https:\/\/www.linkedin.com\/company\/power-jacks-ltd?trk=company_name","https:\/\/www.youtube.com\/@powerjacks"]}]}},"_links":{"self":[{"href":"https:\/\/www.powerjacks.com\/de\/wp-json\/wp\/v2\/product\/14469","targetHints":{"allow":["GET"]}}],"collection":[{"href":"https:\/\/www.powerjacks.com\/de\/wp-json\/wp\/v2\/product"}],"about":[{"href":"https:\/\/www.powerjacks.com\/de\/wp-json\/wp\/v2\/types\/product"}],"wp:featuredmedia":[{"embeddable":true,"href":"https:\/\/www.powerjacks.com\/de\/wp-json\/wp\/v2\/media\/9936"}],"wp:attachment":[{"href":"https:\/\/www.powerjacks.com\/de\/wp-json\/wp\/v2\/media?parent=14469"}],"wp:term":[{"taxonomy":"product_brand","embeddable":true,"href":"https:\/\/www.powerjacks.com\/de\/wp-json\/wp\/v2\/product_brand?post=14469"},{"taxonomy":"product_cat","embeddable":true,"href":"https:\/\/www.powerjacks.com\/de\/wp-json\/wp\/v2\/product_cat?post=14469"},{"taxonomy":"product_tag","embeddable":true,"href":"https:\/\/www.powerjacks.com\/de\/wp-json\/wp\/v2\/product_tag?post=14469"}],"curies":[{"name":"wp","href":"https:\/\/api.w.org\/{rel}","templated":true}]}}