{"id":14470,"date":"2025-08-19T09:56:12","date_gmt":"2025-08-19T09:56:12","guid":{"rendered":"https:\/\/www.powerjacks.com\/product\/anoden-spindelhubgetriebe\/"},"modified":"2025-08-19T09:56:12","modified_gmt":"2025-08-19T09:56:12","slug":"anoden-spindelhubgetriebe","status":"publish","type":"product","link":"https:\/\/www.powerjacks.com\/de\/produkt\/anoden-spindelhubgetriebe\/","title":{"rendered":"Anoden-Spindelhubgetriebe"},"content":{"rendered":"<div class=\"row\">\n<div class=\"col-sm-12 pad-bottom-sm\">\n<h3 class=\"col-xs-6 col-sm-3 text-center\">Anodenstrahl-Positionierungssystem<\/h3>\n<\/div>\n<\/div>\n<p>Power Jacks entwickelt st\u00e4ndig neue Produkte, um die Designs seiner Kunden auf dem neuesten Stand der Technik und Leistung zu halten. Wir unterst\u00fctzen jedoch nach wie vor alle unsere \u00e4lteren Technologien (einschlie\u00dflich Druckluftgetriebemotoren), die immer noch weltweit im Einsatz sind. Eine der neuesten Entwicklungen ist die Anodenpresse AMT0300. Er ist der Eckpfeiler des Anodenstrahlpositionierungssystems der Generation 4. Das System wurde entwickelt, um die Anforderungen der neuesten Topfdesigns zu erf\u00fcllen, bei denen die physische Gr\u00f6\u00dfe und die Leistungsanforderungen erheblich gestiegen sind. Sowohl der neue Anodenheber als auch sein System haben die Tests an den Potlines erfolgreich abgeschlossen und werden nun in gro\u00dfen Potlines eingesetzt.     <\/p>\n<h3>Anode Jack Hauptmerkmale<\/h3>\n<ul>\n<li>Aufrechte oder umgekehrte Schraubenausf\u00fchrungen sind verf\u00fcgbar<\/li>\n<li>Translatorische oder rotierende Schneckenausf\u00fchrung<\/li>\n<li>Die Heber k\u00f6nnen gro\u00dfe \u00dcberlastkapazit\u00e4ten aufnehmen, um mit seitlichen Belastungen und gefrorenen Topf\u00fcberlasten fertig zu werden<\/li>\n<li>Einteiliger geschmiedeter Gelenkkopf und Hebeschraube<\/li>\n<li>Hochpr\u00e4zise gefr\u00e4stes Schraubgewinde<\/li>\n<li>Pr\u00e4zisions-Schneckenradsatz f\u00fcr hohe Beanspruchung<\/li>\n<li>Doppelte Lagerung der Schneckenwelle<\/li>\n<li>Erweitertes Schutzrohr oben und unten<\/li>\n<li>Hochtemperaturfett<\/li>\n<li>Sechskant-Antriebsenden<\/li>\n<li>Hochtemperaturlackierung aus gl\u00e4nzendem Aluminium<\/li>\n<li>Erh\u00e4ltlich als einzelne motorisierte Heber oder als mehrere Einheiten in einem Hebesystem<\/li>\n<\/ul>\n<h3>Optionale Artikel<\/h3>\n<ul>\n<li>Optionaler Hochtemperatur-Faltenbalgschutz f\u00fcr \u00dcbersetzungsstange<\/li>\n<li>Ger\u00e4t zur Positionsr\u00fcckmeldung<\/li>\n<li>Tragen Sie den Monitor mit oder ohne Feedback-Ger\u00e4t<\/li>\n<li>Vorbereitung f\u00fcr den Anschluss an ein Autoschmiersystem<\/li>\n<li>Ma\u00dfgeschneiderte Sockelhalterungen und\/oder Stangenausf\u00fchrungen sind erh\u00e4ltlich<\/li>\n<\/ul>\n","protected":false},"excerpt":{"rendered":"<p><strong>Die ultimative L\u00f6sung f\u00fcr die Positionierung von Anodenstrahlen zur Erzielung hoher Ertr\u00e4ge in Aluminiumh\u00fctten. Diese hochpr\u00e4zisen Anodenhubgetriebe mit Maschinengewinde sind in 3 Modellvarianten erh\u00e4ltlich: Standard-, Schwenk- und Hochleistungsmodelle &#8211; alle sind entweder mit translatorischen oder rotierenden Spindelkonfigurationen mit oder ohne integrierten Elektromotor und einer Belastbarkeit von 130kN bis 500kN und Sonderausf\u00fchrungen von bis zu 2.000kN erh\u00e4ltlich.<\/strong><\/p>\n<p>Mit einem einteiligen, geschmiedeten Gelenkkopf und einer Hebespindel k\u00f6nnen die Anodenheber der A-Serie aufrecht oder invertiert installiert werden und sind in der Lage, hohen Temperaturen und Arbeitszyklen standzuhalten, so dass sie in rauen industriellen Umgebungen eingesetzt werden k\u00f6nnen.<\/p>\n","protected":false},"featured_media":9864,"template":"","meta":{"_acf_changed":false},"product_brand":[109],"product_cat":[351],"product_tag":[],"class_list":{"0":"post-14470","1":"product","2":"type-product","3":"status-publish","4":"has-post-thumbnail","6":"product_brand-powerjacks","7":"product_cat-a-serie","9":"first","10":"instock","11":"taxable","12":"shipping-taxable","13":"product-type-simple"},"acf":{"preview_options":null},"yoast_head":"<!-- This site is optimized with the Yoast SEO plugin v27.3 - https:\/\/yoast.com\/product\/yoast-seo-wordpress\/ -->\n<title>Anoden-Spindelhubgetriebe | Power Jacks Limited<\/title>\n<meta name=\"description\" content=\"Browse Anoden-Spindelhubgetriebe from Power Jacks Limited.\" \/>\n<meta name=\"robots\" content=\"index, follow, max-snippet:-1, max-image-preview:large, max-video-preview:-1\" \/>\n<link rel=\"canonical\" href=\"https:\/\/www.powerjacks.com\/de\/produkt\/anoden-spindelhubgetriebe\/\" \/>\n<meta property=\"og:locale\" content=\"de_DE\" \/>\n<meta property=\"og:type\" content=\"article\" \/>\n<meta property=\"og:title\" content=\"Anoden-Spindelhubgetriebe | Power Jacks Limited\" \/>\n<meta property=\"og:description\" content=\"Browse Anoden-Spindelhubgetriebe from Power Jacks Limited.\" \/>\n<meta property=\"og:url\" content=\"https:\/\/www.powerjacks.com\/de\/produkt\/anoden-spindelhubgetriebe\/\" \/>\n<meta property=\"og:site_name\" content=\"Power Jacks Limited\" \/>\n<meta property=\"article:publisher\" content=\"https:\/\/www.facebook.com\/powerjacksltd\" \/>\n<meta property=\"og:image\" content=\"https:\/\/www.powerjacks.com\/wp-content\/uploads\/2025\/08\/A-Series-Anode_Jack-Group-2000x1600-GB.jpg\" \/>\n\t<meta property=\"og:image:width\" content=\"2000\" \/>\n\t<meta property=\"og:image:height\" content=\"1600\" \/>\n\t<meta property=\"og:image:type\" content=\"image\/jpeg\" \/>\n<meta name=\"twitter:card\" content=\"summary_large_image\" \/>\n<meta name=\"twitter:site\" content=\"@PowerJacksLtd\" \/>\n<meta name=\"twitter:label1\" content=\"Gesch\u00e4tzte Lesezeit\" \/>\n\t<meta name=\"twitter:data1\" content=\"1 Minute\" \/>\n<script type=\"application\/ld+json\" class=\"yoast-schema-graph\">{\"@context\":\"https:\\\/\\\/schema.org\",\"@graph\":[{\"@type\":\"WebPage\",\"@id\":\"https:\\\/\\\/www.powerjacks.com\\\/de\\\/produkt\\\/anoden-spindelhubgetriebe\\\/\",\"url\":\"https:\\\/\\\/www.powerjacks.com\\\/de\\\/produkt\\\/anoden-spindelhubgetriebe\\\/\",\"name\":\"Anoden-Spindelhubgetriebe | Power Jacks Limited\",\"isPartOf\":{\"@id\":\"https:\\\/\\\/www.powerjacks.com\\\/#website\"},\"primaryImageOfPage\":{\"@id\":\"https:\\\/\\\/www.powerjacks.com\\\/de\\\/produkt\\\/anoden-spindelhubgetriebe\\\/#primaryimage\"},\"image\":{\"@id\":\"https:\\\/\\\/www.powerjacks.com\\\/de\\\/produkt\\\/anoden-spindelhubgetriebe\\\/#primaryimage\"},\"thumbnailUrl\":\"https:\\\/\\\/www.powerjacks.com\\\/wp-content\\\/uploads\\\/2025\\\/08\\\/A-Series-Anode_Jack-Group-2000x1600-GB.jpg\",\"datePublished\":\"2025-08-19T09:56:12+00:00\",\"description\":\"Browse Anoden-Spindelhubgetriebe from Power Jacks Limited.\",\"breadcrumb\":{\"@id\":\"https:\\\/\\\/www.powerjacks.com\\\/de\\\/produkt\\\/anoden-spindelhubgetriebe\\\/#breadcrumb\"},\"inLanguage\":\"de\",\"potentialAction\":[{\"@type\":\"ReadAction\",\"target\":[\"https:\\\/\\\/www.powerjacks.com\\\/de\\\/produkt\\\/anoden-spindelhubgetriebe\\\/\"]}]},{\"@type\":\"ImageObject\",\"inLanguage\":\"de\",\"@id\":\"https:\\\/\\\/www.powerjacks.com\\\/de\\\/produkt\\\/anoden-spindelhubgetriebe\\\/#primaryimage\",\"url\":\"https:\\\/\\\/www.powerjacks.com\\\/wp-content\\\/uploads\\\/2025\\\/08\\\/A-Series-Anode_Jack-Group-2000x1600-GB.jpg\",\"contentUrl\":\"https:\\\/\\\/www.powerjacks.com\\\/wp-content\\\/uploads\\\/2025\\\/08\\\/A-Series-Anode_Jack-Group-2000x1600-GB.jpg\",\"width\":2000,\"height\":1600,\"caption\":\"A-Serie Anode Jacks, Gruppe, AMT, AMT Swivel, AMR Swivel, AML, AML Motorised\"},{\"@type\":\"BreadcrumbList\",\"@id\":\"https:\\\/\\\/www.powerjacks.com\\\/de\\\/produkt\\\/anoden-spindelhubgetriebe\\\/#breadcrumb\",\"itemListElement\":[{\"@type\":\"ListItem\",\"position\":1,\"name\":\"Home\",\"item\":\"https:\\\/\\\/www.powerjacks.com\\\/de\\\/\"},{\"@type\":\"ListItem\",\"position\":2,\"name\":\"Products\",\"item\":\"https:\\\/\\\/www.powerjacks.com\\\/society-underwater-technology-2\\\/\"},{\"@type\":\"ListItem\",\"position\":3,\"name\":\"Anoden-Spindelhubgetriebe\"}]},{\"@type\":\"WebSite\",\"@id\":\"https:\\\/\\\/www.powerjacks.com\\\/#website\",\"url\":\"https:\\\/\\\/www.powerjacks.com\\\/\",\"name\":\"Power Jacks Limited\",\"description\":\"Stainless Steel Screw Jacks for Excellent Corrosion Resistance\",\"publisher\":{\"@id\":\"https:\\\/\\\/www.powerjacks.com\\\/#organization\"},\"potentialAction\":[{\"@type\":\"SearchAction\",\"target\":{\"@type\":\"EntryPoint\",\"urlTemplate\":\"https:\\\/\\\/www.powerjacks.com\\\/?s={search_term_string}\"},\"query-input\":{\"@type\":\"PropertyValueSpecification\",\"valueRequired\":true,\"valueName\":\"search_term_string\"}}],\"inLanguage\":\"de\"},{\"@type\":\"Organization\",\"@id\":\"https:\\\/\\\/www.powerjacks.com\\\/#organization\",\"name\":\"Power Jacks Limited\",\"url\":\"https:\\\/\\\/www.powerjacks.com\\\/\",\"logo\":{\"@type\":\"ImageObject\",\"inLanguage\":\"de\",\"@id\":\"https:\\\/\\\/www.powerjacks.com\\\/#\\\/schema\\\/logo\\\/image\\\/\",\"url\":\"https:\\\/\\\/www.powerjacks.com\\\/wp-content\\\/uploads\\\/2025\\\/12\\\/logo_2x.png\",\"contentUrl\":\"https:\\\/\\\/www.powerjacks.com\\\/wp-content\\\/uploads\\\/2025\\\/12\\\/logo_2x.png\",\"width\":430,\"height\":65,\"caption\":\"Power Jacks Limited\"},\"image\":{\"@id\":\"https:\\\/\\\/www.powerjacks.com\\\/#\\\/schema\\\/logo\\\/image\\\/\"},\"sameAs\":[\"https:\\\/\\\/www.facebook.com\\\/powerjacksltd\",\"https:\\\/\\\/x.com\\\/PowerJacksLtd\",\"https:\\\/\\\/www.linkedin.com\\\/company\\\/power-jacks-ltd?trk=company_name\",\"https:\\\/\\\/www.youtube.com\\\/@powerjacks\"]}]}<\/script>\n<!-- \/ Yoast SEO plugin. -->","yoast_head_json":{"title":"Anoden-Spindelhubgetriebe | Power Jacks Limited","description":"Browse Anoden-Spindelhubgetriebe from Power Jacks Limited.","robots":{"index":"index","follow":"follow","max-snippet":"max-snippet:-1","max-image-preview":"max-image-preview:large","max-video-preview":"max-video-preview:-1"},"canonical":"https:\/\/www.powerjacks.com\/de\/produkt\/anoden-spindelhubgetriebe\/","og_locale":"de_DE","og_type":"article","og_title":"Anoden-Spindelhubgetriebe | Power Jacks Limited","og_description":"Browse Anoden-Spindelhubgetriebe from Power Jacks Limited.","og_url":"https:\/\/www.powerjacks.com\/de\/produkt\/anoden-spindelhubgetriebe\/","og_site_name":"Power Jacks Limited","article_publisher":"https:\/\/www.facebook.com\/powerjacksltd","og_image":[{"width":2000,"height":1600,"url":"https:\/\/www.powerjacks.com\/wp-content\/uploads\/2025\/08\/A-Series-Anode_Jack-Group-2000x1600-GB.jpg","type":"image\/jpeg"}],"twitter_card":"summary_large_image","twitter_site":"@PowerJacksLtd","twitter_misc":{"Gesch\u00e4tzte Lesezeit":"1 Minute"},"schema":{"@context":"https:\/\/schema.org","@graph":[{"@type":"WebPage","@id":"https:\/\/www.powerjacks.com\/de\/produkt\/anoden-spindelhubgetriebe\/","url":"https:\/\/www.powerjacks.com\/de\/produkt\/anoden-spindelhubgetriebe\/","name":"Anoden-Spindelhubgetriebe | Power Jacks Limited","isPartOf":{"@id":"https:\/\/www.powerjacks.com\/#website"},"primaryImageOfPage":{"@id":"https:\/\/www.powerjacks.com\/de\/produkt\/anoden-spindelhubgetriebe\/#primaryimage"},"image":{"@id":"https:\/\/www.powerjacks.com\/de\/produkt\/anoden-spindelhubgetriebe\/#primaryimage"},"thumbnailUrl":"https:\/\/www.powerjacks.com\/wp-content\/uploads\/2025\/08\/A-Series-Anode_Jack-Group-2000x1600-GB.jpg","datePublished":"2025-08-19T09:56:12+00:00","description":"Browse Anoden-Spindelhubgetriebe from Power Jacks Limited.","breadcrumb":{"@id":"https:\/\/www.powerjacks.com\/de\/produkt\/anoden-spindelhubgetriebe\/#breadcrumb"},"inLanguage":"de","potentialAction":[{"@type":"ReadAction","target":["https:\/\/www.powerjacks.com\/de\/produkt\/anoden-spindelhubgetriebe\/"]}]},{"@type":"ImageObject","inLanguage":"de","@id":"https:\/\/www.powerjacks.com\/de\/produkt\/anoden-spindelhubgetriebe\/#primaryimage","url":"https:\/\/www.powerjacks.com\/wp-content\/uploads\/2025\/08\/A-Series-Anode_Jack-Group-2000x1600-GB.jpg","contentUrl":"https:\/\/www.powerjacks.com\/wp-content\/uploads\/2025\/08\/A-Series-Anode_Jack-Group-2000x1600-GB.jpg","width":2000,"height":1600,"caption":"A-Serie Anode Jacks, Gruppe, AMT, AMT Swivel, AMR Swivel, AML, AML Motorised"},{"@type":"BreadcrumbList","@id":"https:\/\/www.powerjacks.com\/de\/produkt\/anoden-spindelhubgetriebe\/#breadcrumb","itemListElement":[{"@type":"ListItem","position":1,"name":"Home","item":"https:\/\/www.powerjacks.com\/de\/"},{"@type":"ListItem","position":2,"name":"Products","item":"https:\/\/www.powerjacks.com\/society-underwater-technology-2\/"},{"@type":"ListItem","position":3,"name":"Anoden-Spindelhubgetriebe"}]},{"@type":"WebSite","@id":"https:\/\/www.powerjacks.com\/#website","url":"https:\/\/www.powerjacks.com\/","name":"Power Jacks Limited","description":"Stainless Steel Screw Jacks for Excellent Corrosion Resistance","publisher":{"@id":"https:\/\/www.powerjacks.com\/#organization"},"potentialAction":[{"@type":"SearchAction","target":{"@type":"EntryPoint","urlTemplate":"https:\/\/www.powerjacks.com\/?s={search_term_string}"},"query-input":{"@type":"PropertyValueSpecification","valueRequired":true,"valueName":"search_term_string"}}],"inLanguage":"de"},{"@type":"Organization","@id":"https:\/\/www.powerjacks.com\/#organization","name":"Power Jacks Limited","url":"https:\/\/www.powerjacks.com\/","logo":{"@type":"ImageObject","inLanguage":"de","@id":"https:\/\/www.powerjacks.com\/#\/schema\/logo\/image\/","url":"https:\/\/www.powerjacks.com\/wp-content\/uploads\/2025\/12\/logo_2x.png","contentUrl":"https:\/\/www.powerjacks.com\/wp-content\/uploads\/2025\/12\/logo_2x.png","width":430,"height":65,"caption":"Power Jacks Limited"},"image":{"@id":"https:\/\/www.powerjacks.com\/#\/schema\/logo\/image\/"},"sameAs":["https:\/\/www.facebook.com\/powerjacksltd","https:\/\/x.com\/PowerJacksLtd","https:\/\/www.linkedin.com\/company\/power-jacks-ltd?trk=company_name","https:\/\/www.youtube.com\/@powerjacks"]}]}},"_links":{"self":[{"href":"https:\/\/www.powerjacks.com\/de\/wp-json\/wp\/v2\/product\/14470","targetHints":{"allow":["GET"]}}],"collection":[{"href":"https:\/\/www.powerjacks.com\/de\/wp-json\/wp\/v2\/product"}],"about":[{"href":"https:\/\/www.powerjacks.com\/de\/wp-json\/wp\/v2\/types\/product"}],"wp:featuredmedia":[{"embeddable":true,"href":"https:\/\/www.powerjacks.com\/de\/wp-json\/wp\/v2\/media\/9864"}],"wp:attachment":[{"href":"https:\/\/www.powerjacks.com\/de\/wp-json\/wp\/v2\/media?parent=14470"}],"wp:term":[{"taxonomy":"product_brand","embeddable":true,"href":"https:\/\/www.powerjacks.com\/de\/wp-json\/wp\/v2\/product_brand?post=14470"},{"taxonomy":"product_cat","embeddable":true,"href":"https:\/\/www.powerjacks.com\/de\/wp-json\/wp\/v2\/product_cat?post=14470"},{"taxonomy":"product_tag","embeddable":true,"href":"https:\/\/www.powerjacks.com\/de\/wp-json\/wp\/v2\/product_tag?post=14470"}],"curies":[{"name":"wp","href":"https:\/\/api.w.org\/{rel}","templated":true}]}}