{"id":14476,"date":"2025-08-19T10:50:53","date_gmt":"2025-08-19T10:50:53","guid":{"rendered":"https:\/\/www.powerjacks.com\/product\/aktuator-aus-edelstahl\/"},"modified":"2025-08-19T10:50:53","modified_gmt":"2025-08-19T10:50:53","slug":"aktuator-aus-edelstahl","status":"publish","type":"product","link":"https:\/\/www.powerjacks.com\/de\/produkt\/aktuator-aus-edelstahl\/","title":{"rendered":"Aktuator aus Edelstahl"},"content":{"rendered":"","protected":false},"excerpt":{"rendered":"<p><strong>POWERAM elektrische Linearantriebe aus Edelstahl sind ideal f\u00fcr pr\u00e4zise lineare Bet\u00e4tigungs-, Hub- und Positionierungsanwendungen in korrosiven oder rauen Umgebungen.<\/strong><\/p>\n<p>Erh\u00e4ltlich in 5 Nennlasten von 10kN, 25kN, 50kN, 100kN und 200kN. Es ist ein komplettes Baukastensystem verf\u00fcgbar, mit dem Sie einen Aktuator mit den erforderlichen Endst\u00fccken, Antrieben und R\u00fcckmeldevorrichtungen f\u00fcr Ihre Anwendung konfigurieren k\u00f6nnen. Auch Sonderanfertigungen, einschlie\u00dflich gr\u00f6\u00dferer Gr\u00f6\u00dfen bis zu 1000kN, sind m\u00f6glich.  <\/p>\n<p>Einheitliches Design bedeutet, dass Maschinenschrauben-, Edelstahl- und Kugelumlaufspindelantriebe die gleichen Abmessungen haben. Sie k\u00f6nnen also die Leistung Ihres Designs \u00e4ndern, w\u00e4hrend Sie die gleiche Antriebsgr\u00f6\u00dfe beibehalten. <\/p>\n","protected":false},"featured_media":9942,"template":"","meta":{"_acf_changed":false},"product_brand":[109],"product_cat":[354,349],"product_tag":[],"class_list":{"0":"post-14476","1":"product","2":"type-product","3":"status-publish","4":"has-post-thumbnail","6":"product_brand-powerjacks","7":"product_cat-poweram","8":"product_cat-elektrische-linearaktuatoren","10":"first","11":"instock","12":"taxable","13":"shipping-taxable","14":"product-type-simple"},"acf":{"preview_options":[{"code":"LMA0025-VS011S0-0100-EBS0-0000","variables":"","description":"Basic Aktuator","use_variables":false},{"code":"","variables":"{RF1=S},{RF2=0},{GR=1},{LSL=1},{WST=S},{WSE=0},{S=0100},{RET=C},{GM=C},{LSM=S},{PC=0},{DT=0},{MFS=0},{LS=0},{PLS=0}","description":"Doppelter Gabelkopf","use_variables":true},{"code":"","variables":"{RF1=S},{RF2=0},{GR=1},{LSL=1},{WST=S},{WSE=0},{S=0100},{RET=F},{GM=U},{LSM=S},{PC=0},{DT=0},{MFS=0},{LS=0},{PLS=0}","description":"Schwenkzapfen-Montage","use_variables":true},{"code":"","variables":"{RF1=S}, {RF2=0}, {GR=1}, {LSL=1}, {WST=0}, {WSE=0}, {S=0100}, {RET=R}, {GM=C}, {LSM=S}, {PC=0}, {DT=C}, {MFS=B}, {LS=0}, {PLS=0}","description":"Motor-Adapter","use_variables":true}]},"yoast_head":"<!-- This site is optimized with the Yoast SEO plugin v27.3 - https:\/\/yoast.com\/product\/yoast-seo-wordpress\/ -->\n<title>Aktuator aus Edelstahl | Power Jacks Limited<\/title>\n<meta name=\"description\" content=\"Browse Aktuator aus Edelstahl from Power Jacks Limited.\" \/>\n<meta name=\"robots\" content=\"index, follow, max-snippet:-1, max-image-preview:large, max-video-preview:-1\" \/>\n<link rel=\"canonical\" href=\"https:\/\/www.powerjacks.com\/de\/produkt\/aktuator-aus-edelstahl\/\" \/>\n<meta property=\"og:locale\" content=\"de_DE\" \/>\n<meta property=\"og:type\" content=\"article\" \/>\n<meta property=\"og:title\" content=\"Aktuator aus Edelstahl | Power Jacks Limited\" \/>\n<meta property=\"og:description\" content=\"Browse Aktuator aus Edelstahl from Power Jacks Limited.\" \/>\n<meta property=\"og:url\" content=\"https:\/\/www.powerjacks.com\/de\/produkt\/aktuator-aus-edelstahl\/\" \/>\n<meta property=\"og:site_name\" content=\"Power Jacks Limited\" \/>\n<meta property=\"article:publisher\" content=\"https:\/\/www.facebook.com\/powerjacksltd\" \/>\n<meta property=\"og:image\" content=\"https:\/\/www.powerjacks.com\/wp-content\/uploads\/2025\/08\/Poweram-Range-LineUp-Stainless-Steel-01-2000x1600-GB.jpg\" \/>\n\t<meta property=\"og:image:width\" content=\"2000\" \/>\n\t<meta property=\"og:image:height\" content=\"1600\" \/>\n\t<meta property=\"og:image:type\" content=\"image\/jpeg\" \/>\n<meta name=\"twitter:card\" content=\"summary_large_image\" \/>\n<meta name=\"twitter:site\" content=\"@PowerJacksLtd\" \/>\n<script type=\"application\/ld+json\" class=\"yoast-schema-graph\">{\"@context\":\"https:\\\/\\\/schema.org\",\"@graph\":[{\"@type\":\"WebPage\",\"@id\":\"https:\\\/\\\/www.powerjacks.com\\\/de\\\/produkt\\\/aktuator-aus-edelstahl\\\/\",\"url\":\"https:\\\/\\\/www.powerjacks.com\\\/de\\\/produkt\\\/aktuator-aus-edelstahl\\\/\",\"name\":\"Aktuator aus Edelstahl | Power Jacks Limited\",\"isPartOf\":{\"@id\":\"https:\\\/\\\/www.powerjacks.com\\\/#website\"},\"primaryImageOfPage\":{\"@id\":\"https:\\\/\\\/www.powerjacks.com\\\/de\\\/produkt\\\/aktuator-aus-edelstahl\\\/#primaryimage\"},\"image\":{\"@id\":\"https:\\\/\\\/www.powerjacks.com\\\/de\\\/produkt\\\/aktuator-aus-edelstahl\\\/#primaryimage\"},\"thumbnailUrl\":\"https:\\\/\\\/www.powerjacks.com\\\/wp-content\\\/uploads\\\/2025\\\/08\\\/Poweram-Range-LineUp-Stainless-Steel-01-2000x1600-GB.jpg\",\"datePublished\":\"2025-08-19T10:50:53+00:00\",\"description\":\"Browse Aktuator aus Edelstahl from Power Jacks Limited.\",\"breadcrumb\":{\"@id\":\"https:\\\/\\\/www.powerjacks.com\\\/de\\\/produkt\\\/aktuator-aus-edelstahl\\\/#breadcrumb\"},\"inLanguage\":\"de\",\"potentialAction\":[{\"@type\":\"ReadAction\",\"target\":[\"https:\\\/\\\/www.powerjacks.com\\\/de\\\/produkt\\\/aktuator-aus-edelstahl\\\/\"]}]},{\"@type\":\"ImageObject\",\"inLanguage\":\"de\",\"@id\":\"https:\\\/\\\/www.powerjacks.com\\\/de\\\/produkt\\\/aktuator-aus-edelstahl\\\/#primaryimage\",\"url\":\"https:\\\/\\\/www.powerjacks.com\\\/wp-content\\\/uploads\\\/2025\\\/08\\\/Poweram-Range-LineUp-Stainless-Steel-01-2000x1600-GB.jpg\",\"contentUrl\":\"https:\\\/\\\/www.powerjacks.com\\\/wp-content\\\/uploads\\\/2025\\\/08\\\/Poweram-Range-LineUp-Stainless-Steel-01-2000x1600-GB.jpg\",\"width\":2000,\"height\":1600,\"caption\":\"POWERAM Elektrische Linearantriebe, Edelstahl, Bereich\"},{\"@type\":\"BreadcrumbList\",\"@id\":\"https:\\\/\\\/www.powerjacks.com\\\/de\\\/produkt\\\/aktuator-aus-edelstahl\\\/#breadcrumb\",\"itemListElement\":[{\"@type\":\"ListItem\",\"position\":1,\"name\":\"Home\",\"item\":\"https:\\\/\\\/www.powerjacks.com\\\/de\\\/\"},{\"@type\":\"ListItem\",\"position\":2,\"name\":\"Products\",\"item\":\"https:\\\/\\\/www.powerjacks.com\\\/society-underwater-technology-2\\\/\"},{\"@type\":\"ListItem\",\"position\":3,\"name\":\"Aktuator aus Edelstahl\"}]},{\"@type\":\"WebSite\",\"@id\":\"https:\\\/\\\/www.powerjacks.com\\\/#website\",\"url\":\"https:\\\/\\\/www.powerjacks.com\\\/\",\"name\":\"Power Jacks Limited\",\"description\":\"Stainless Steel Screw Jacks for Excellent Corrosion Resistance\",\"publisher\":{\"@id\":\"https:\\\/\\\/www.powerjacks.com\\\/#organization\"},\"potentialAction\":[{\"@type\":\"SearchAction\",\"target\":{\"@type\":\"EntryPoint\",\"urlTemplate\":\"https:\\\/\\\/www.powerjacks.com\\\/?s={search_term_string}\"},\"query-input\":{\"@type\":\"PropertyValueSpecification\",\"valueRequired\":true,\"valueName\":\"search_term_string\"}}],\"inLanguage\":\"de\"},{\"@type\":\"Organization\",\"@id\":\"https:\\\/\\\/www.powerjacks.com\\\/#organization\",\"name\":\"Power Jacks Limited\",\"url\":\"https:\\\/\\\/www.powerjacks.com\\\/\",\"logo\":{\"@type\":\"ImageObject\",\"inLanguage\":\"de\",\"@id\":\"https:\\\/\\\/www.powerjacks.com\\\/#\\\/schema\\\/logo\\\/image\\\/\",\"url\":\"https:\\\/\\\/www.powerjacks.com\\\/wp-content\\\/uploads\\\/2025\\\/12\\\/logo_2x.png\",\"contentUrl\":\"https:\\\/\\\/www.powerjacks.com\\\/wp-content\\\/uploads\\\/2025\\\/12\\\/logo_2x.png\",\"width\":430,\"height\":65,\"caption\":\"Power Jacks Limited\"},\"image\":{\"@id\":\"https:\\\/\\\/www.powerjacks.com\\\/#\\\/schema\\\/logo\\\/image\\\/\"},\"sameAs\":[\"https:\\\/\\\/www.facebook.com\\\/powerjacksltd\",\"https:\\\/\\\/x.com\\\/PowerJacksLtd\",\"https:\\\/\\\/www.linkedin.com\\\/company\\\/power-jacks-ltd?trk=company_name\",\"https:\\\/\\\/www.youtube.com\\\/@powerjacks\"]}]}<\/script>\n<!-- \/ Yoast SEO plugin. -->","yoast_head_json":{"title":"Aktuator aus Edelstahl | Power Jacks Limited","description":"Browse Aktuator aus Edelstahl from Power Jacks Limited.","robots":{"index":"index","follow":"follow","max-snippet":"max-snippet:-1","max-image-preview":"max-image-preview:large","max-video-preview":"max-video-preview:-1"},"canonical":"https:\/\/www.powerjacks.com\/de\/produkt\/aktuator-aus-edelstahl\/","og_locale":"de_DE","og_type":"article","og_title":"Aktuator aus Edelstahl | Power Jacks Limited","og_description":"Browse Aktuator aus Edelstahl from Power Jacks Limited.","og_url":"https:\/\/www.powerjacks.com\/de\/produkt\/aktuator-aus-edelstahl\/","og_site_name":"Power Jacks Limited","article_publisher":"https:\/\/www.facebook.com\/powerjacksltd","og_image":[{"width":2000,"height":1600,"url":"https:\/\/www.powerjacks.com\/wp-content\/uploads\/2025\/08\/Poweram-Range-LineUp-Stainless-Steel-01-2000x1600-GB.jpg","type":"image\/jpeg"}],"twitter_card":"summary_large_image","twitter_site":"@PowerJacksLtd","schema":{"@context":"https:\/\/schema.org","@graph":[{"@type":"WebPage","@id":"https:\/\/www.powerjacks.com\/de\/produkt\/aktuator-aus-edelstahl\/","url":"https:\/\/www.powerjacks.com\/de\/produkt\/aktuator-aus-edelstahl\/","name":"Aktuator aus Edelstahl | Power Jacks Limited","isPartOf":{"@id":"https:\/\/www.powerjacks.com\/#website"},"primaryImageOfPage":{"@id":"https:\/\/www.powerjacks.com\/de\/produkt\/aktuator-aus-edelstahl\/#primaryimage"},"image":{"@id":"https:\/\/www.powerjacks.com\/de\/produkt\/aktuator-aus-edelstahl\/#primaryimage"},"thumbnailUrl":"https:\/\/www.powerjacks.com\/wp-content\/uploads\/2025\/08\/Poweram-Range-LineUp-Stainless-Steel-01-2000x1600-GB.jpg","datePublished":"2025-08-19T10:50:53+00:00","description":"Browse Aktuator aus Edelstahl from Power Jacks Limited.","breadcrumb":{"@id":"https:\/\/www.powerjacks.com\/de\/produkt\/aktuator-aus-edelstahl\/#breadcrumb"},"inLanguage":"de","potentialAction":[{"@type":"ReadAction","target":["https:\/\/www.powerjacks.com\/de\/produkt\/aktuator-aus-edelstahl\/"]}]},{"@type":"ImageObject","inLanguage":"de","@id":"https:\/\/www.powerjacks.com\/de\/produkt\/aktuator-aus-edelstahl\/#primaryimage","url":"https:\/\/www.powerjacks.com\/wp-content\/uploads\/2025\/08\/Poweram-Range-LineUp-Stainless-Steel-01-2000x1600-GB.jpg","contentUrl":"https:\/\/www.powerjacks.com\/wp-content\/uploads\/2025\/08\/Poweram-Range-LineUp-Stainless-Steel-01-2000x1600-GB.jpg","width":2000,"height":1600,"caption":"POWERAM Elektrische Linearantriebe, Edelstahl, Bereich"},{"@type":"BreadcrumbList","@id":"https:\/\/www.powerjacks.com\/de\/produkt\/aktuator-aus-edelstahl\/#breadcrumb","itemListElement":[{"@type":"ListItem","position":1,"name":"Home","item":"https:\/\/www.powerjacks.com\/de\/"},{"@type":"ListItem","position":2,"name":"Products","item":"https:\/\/www.powerjacks.com\/society-underwater-technology-2\/"},{"@type":"ListItem","position":3,"name":"Aktuator aus Edelstahl"}]},{"@type":"WebSite","@id":"https:\/\/www.powerjacks.com\/#website","url":"https:\/\/www.powerjacks.com\/","name":"Power Jacks Limited","description":"Stainless Steel Screw Jacks for Excellent Corrosion Resistance","publisher":{"@id":"https:\/\/www.powerjacks.com\/#organization"},"potentialAction":[{"@type":"SearchAction","target":{"@type":"EntryPoint","urlTemplate":"https:\/\/www.powerjacks.com\/?s={search_term_string}"},"query-input":{"@type":"PropertyValueSpecification","valueRequired":true,"valueName":"search_term_string"}}],"inLanguage":"de"},{"@type":"Organization","@id":"https:\/\/www.powerjacks.com\/#organization","name":"Power Jacks Limited","url":"https:\/\/www.powerjacks.com\/","logo":{"@type":"ImageObject","inLanguage":"de","@id":"https:\/\/www.powerjacks.com\/#\/schema\/logo\/image\/","url":"https:\/\/www.powerjacks.com\/wp-content\/uploads\/2025\/12\/logo_2x.png","contentUrl":"https:\/\/www.powerjacks.com\/wp-content\/uploads\/2025\/12\/logo_2x.png","width":430,"height":65,"caption":"Power Jacks Limited"},"image":{"@id":"https:\/\/www.powerjacks.com\/#\/schema\/logo\/image\/"},"sameAs":["https:\/\/www.facebook.com\/powerjacksltd","https:\/\/x.com\/PowerJacksLtd","https:\/\/www.linkedin.com\/company\/power-jacks-ltd?trk=company_name","https:\/\/www.youtube.com\/@powerjacks"]}]}},"_links":{"self":[{"href":"https:\/\/www.powerjacks.com\/de\/wp-json\/wp\/v2\/product\/14476","targetHints":{"allow":["GET"]}}],"collection":[{"href":"https:\/\/www.powerjacks.com\/de\/wp-json\/wp\/v2\/product"}],"about":[{"href":"https:\/\/www.powerjacks.com\/de\/wp-json\/wp\/v2\/types\/product"}],"wp:featuredmedia":[{"embeddable":true,"href":"https:\/\/www.powerjacks.com\/de\/wp-json\/wp\/v2\/media\/9942"}],"wp:attachment":[{"href":"https:\/\/www.powerjacks.com\/de\/wp-json\/wp\/v2\/media?parent=14476"}],"wp:term":[{"taxonomy":"product_brand","embeddable":true,"href":"https:\/\/www.powerjacks.com\/de\/wp-json\/wp\/v2\/product_brand?post=14476"},{"taxonomy":"product_cat","embeddable":true,"href":"https:\/\/www.powerjacks.com\/de\/wp-json\/wp\/v2\/product_cat?post=14476"},{"taxonomy":"product_tag","embeddable":true,"href":"https:\/\/www.powerjacks.com\/de\/wp-json\/wp\/v2\/product_tag?post=14476"}],"curies":[{"name":"wp","href":"https:\/\/api.w.org\/{rel}","templated":true}]}}