{"id":14498,"date":"2025-08-20T11:05:28","date_gmt":"2025-08-20T11:05:28","guid":{"rendered":"https:\/\/www.powerjacks.com\/product\/lastschaekel\/"},"modified":"2025-08-20T11:05:28","modified_gmt":"2025-08-20T11:05:28","slug":"lastschaekel","status":"publish","type":"product","link":"https:\/\/www.powerjacks.com\/de\/produkt\/lastschaekel\/","title":{"rendered":"Lastsch\u00e4kel"},"content":{"rendered":"","protected":false},"excerpt":{"rendered":"<p><strong>Lastsch\u00e4kel zur \u00dcberwachung der Last an Bolzen-Haken-, Seil- oder Kabelverbindungen.<\/strong><\/p>\n<p>Zur Last\u00fcberwachung von Sch\u00e4kelverbindungen an Gabelzapfenverbindungen an Spindelhubgetrieben und Linearantrieben f\u00fcr Lasten bis zu 500Te.<\/p>\n","protected":false},"featured_media":11005,"template":"","meta":{"_acf_changed":false},"product_brand":[109],"product_cat":[363,357],"product_tag":[],"class_list":{"0":"post-14498","1":"product","2":"type-product","3":"status-publish","4":"has-post-thumbnail","6":"product_brand-powerjacks","7":"product_cat-lastuberwachung","8":"product_cat-system-komponenten","10":"first","11":"instock","12":"taxable","13":"shipping-taxable","14":"product-type-simple"},"acf":{"preview_options":null},"yoast_head":"<!-- This site is optimized with the Yoast SEO plugin v27.3 - https:\/\/yoast.com\/product\/yoast-seo-wordpress\/ -->\n<title>Lastsch\u00e4kel | Power Jacks Limited<\/title>\n<meta name=\"description\" content=\"Browse Lastsch\u00e4kel from Power Jacks Limited.\" \/>\n<meta name=\"robots\" content=\"index, follow, max-snippet:-1, max-image-preview:large, max-video-preview:-1\" \/>\n<link rel=\"canonical\" href=\"https:\/\/www.powerjacks.com\/de\/produkt\/lastschaekel\/\" \/>\n<meta property=\"og:locale\" content=\"de_DE\" \/>\n<meta property=\"og:type\" content=\"article\" \/>\n<meta property=\"og:title\" content=\"Lastsch\u00e4kel | Power Jacks Limited\" \/>\n<meta property=\"og:description\" content=\"Browse Lastsch\u00e4kel from Power Jacks Limited.\" \/>\n<meta property=\"og:url\" content=\"https:\/\/www.powerjacks.com\/de\/produkt\/lastschaekel\/\" \/>\n<meta property=\"og:site_name\" content=\"Power Jacks Limited\" \/>\n<meta property=\"article:publisher\" content=\"https:\/\/www.facebook.com\/powerjacksltd\" \/>\n<meta property=\"og:image\" content=\"https:\/\/www.powerjacks.com\/wp-content\/uploads\/2025\/08\/Load_Monitor-Shackle-ISO2-GB-2000x1600-1.jpg\" \/>\n\t<meta property=\"og:image:width\" content=\"2000\" \/>\n\t<meta property=\"og:image:height\" content=\"1600\" \/>\n\t<meta property=\"og:image:type\" content=\"image\/jpeg\" \/>\n<meta name=\"twitter:card\" content=\"summary_large_image\" \/>\n<meta name=\"twitter:site\" content=\"@PowerJacksLtd\" \/>\n<script type=\"application\/ld+json\" class=\"yoast-schema-graph\">{\"@context\":\"https:\\\/\\\/schema.org\",\"@graph\":[{\"@type\":\"WebPage\",\"@id\":\"https:\\\/\\\/www.powerjacks.com\\\/de\\\/produkt\\\/lastschaekel\\\/\",\"url\":\"https:\\\/\\\/www.powerjacks.com\\\/de\\\/produkt\\\/lastschaekel\\\/\",\"name\":\"Lastsch\u00e4kel | Power Jacks Limited\",\"isPartOf\":{\"@id\":\"https:\\\/\\\/www.powerjacks.com\\\/#website\"},\"primaryImageOfPage\":{\"@id\":\"https:\\\/\\\/www.powerjacks.com\\\/de\\\/produkt\\\/lastschaekel\\\/#primaryimage\"},\"image\":{\"@id\":\"https:\\\/\\\/www.powerjacks.com\\\/de\\\/produkt\\\/lastschaekel\\\/#primaryimage\"},\"thumbnailUrl\":\"https:\\\/\\\/www.powerjacks.com\\\/wp-content\\\/uploads\\\/2025\\\/08\\\/Load_Monitor-Shackle-ISO2-GB-2000x1600-1.jpg\",\"datePublished\":\"2025-08-20T11:05:28+00:00\",\"description\":\"Browse Lastsch\u00e4kel from Power Jacks Limited.\",\"breadcrumb\":{\"@id\":\"https:\\\/\\\/www.powerjacks.com\\\/de\\\/produkt\\\/lastschaekel\\\/#breadcrumb\"},\"inLanguage\":\"de\",\"potentialAction\":[{\"@type\":\"ReadAction\",\"target\":[\"https:\\\/\\\/www.powerjacks.com\\\/de\\\/produkt\\\/lastschaekel\\\/\"]}]},{\"@type\":\"ImageObject\",\"inLanguage\":\"de\",\"@id\":\"https:\\\/\\\/www.powerjacks.com\\\/de\\\/produkt\\\/lastschaekel\\\/#primaryimage\",\"url\":\"https:\\\/\\\/www.powerjacks.com\\\/wp-content\\\/uploads\\\/2025\\\/08\\\/Load_Monitor-Shackle-ISO2-GB-2000x1600-1.jpg\",\"contentUrl\":\"https:\\\/\\\/www.powerjacks.com\\\/wp-content\\\/uploads\\\/2025\\\/08\\\/Load_Monitor-Shackle-ISO2-GB-2000x1600-1.jpg\",\"width\":2000,\"height\":1600,\"caption\":\"Last\u00fcberwachung, Lastaufnahmemittel, Systemkomponenten, ISO\"},{\"@type\":\"BreadcrumbList\",\"@id\":\"https:\\\/\\\/www.powerjacks.com\\\/de\\\/produkt\\\/lastschaekel\\\/#breadcrumb\",\"itemListElement\":[{\"@type\":\"ListItem\",\"position\":1,\"name\":\"Home\",\"item\":\"https:\\\/\\\/www.powerjacks.com\\\/de\\\/\"},{\"@type\":\"ListItem\",\"position\":2,\"name\":\"Products\",\"item\":\"https:\\\/\\\/www.powerjacks.com\\\/society-underwater-technology-2\\\/\"},{\"@type\":\"ListItem\",\"position\":3,\"name\":\"Lastsch\u00e4kel\"}]},{\"@type\":\"WebSite\",\"@id\":\"https:\\\/\\\/www.powerjacks.com\\\/#website\",\"url\":\"https:\\\/\\\/www.powerjacks.com\\\/\",\"name\":\"Power Jacks Limited\",\"description\":\"Stainless Steel Screw Jacks for Excellent Corrosion Resistance\",\"publisher\":{\"@id\":\"https:\\\/\\\/www.powerjacks.com\\\/#organization\"},\"potentialAction\":[{\"@type\":\"SearchAction\",\"target\":{\"@type\":\"EntryPoint\",\"urlTemplate\":\"https:\\\/\\\/www.powerjacks.com\\\/?s={search_term_string}\"},\"query-input\":{\"@type\":\"PropertyValueSpecification\",\"valueRequired\":true,\"valueName\":\"search_term_string\"}}],\"inLanguage\":\"de\"},{\"@type\":\"Organization\",\"@id\":\"https:\\\/\\\/www.powerjacks.com\\\/#organization\",\"name\":\"Power Jacks Limited\",\"url\":\"https:\\\/\\\/www.powerjacks.com\\\/\",\"logo\":{\"@type\":\"ImageObject\",\"inLanguage\":\"de\",\"@id\":\"https:\\\/\\\/www.powerjacks.com\\\/#\\\/schema\\\/logo\\\/image\\\/\",\"url\":\"https:\\\/\\\/www.powerjacks.com\\\/wp-content\\\/uploads\\\/2025\\\/12\\\/logo_2x.png\",\"contentUrl\":\"https:\\\/\\\/www.powerjacks.com\\\/wp-content\\\/uploads\\\/2025\\\/12\\\/logo_2x.png\",\"width\":430,\"height\":65,\"caption\":\"Power Jacks Limited\"},\"image\":{\"@id\":\"https:\\\/\\\/www.powerjacks.com\\\/#\\\/schema\\\/logo\\\/image\\\/\"},\"sameAs\":[\"https:\\\/\\\/www.facebook.com\\\/powerjacksltd\",\"https:\\\/\\\/x.com\\\/PowerJacksLtd\",\"https:\\\/\\\/www.linkedin.com\\\/company\\\/power-jacks-ltd?trk=company_name\",\"https:\\\/\\\/www.youtube.com\\\/@powerjacks\"]}]}<\/script>\n<!-- \/ Yoast SEO plugin. -->","yoast_head_json":{"title":"Lastsch\u00e4kel | Power Jacks Limited","description":"Browse Lastsch\u00e4kel from Power Jacks Limited.","robots":{"index":"index","follow":"follow","max-snippet":"max-snippet:-1","max-image-preview":"max-image-preview:large","max-video-preview":"max-video-preview:-1"},"canonical":"https:\/\/www.powerjacks.com\/de\/produkt\/lastschaekel\/","og_locale":"de_DE","og_type":"article","og_title":"Lastsch\u00e4kel | Power Jacks Limited","og_description":"Browse Lastsch\u00e4kel from Power Jacks Limited.","og_url":"https:\/\/www.powerjacks.com\/de\/produkt\/lastschaekel\/","og_site_name":"Power Jacks Limited","article_publisher":"https:\/\/www.facebook.com\/powerjacksltd","og_image":[{"width":2000,"height":1600,"url":"https:\/\/www.powerjacks.com\/wp-content\/uploads\/2025\/08\/Load_Monitor-Shackle-ISO2-GB-2000x1600-1.jpg","type":"image\/jpeg"}],"twitter_card":"summary_large_image","twitter_site":"@PowerJacksLtd","schema":{"@context":"https:\/\/schema.org","@graph":[{"@type":"WebPage","@id":"https:\/\/www.powerjacks.com\/de\/produkt\/lastschaekel\/","url":"https:\/\/www.powerjacks.com\/de\/produkt\/lastschaekel\/","name":"Lastsch\u00e4kel | Power Jacks Limited","isPartOf":{"@id":"https:\/\/www.powerjacks.com\/#website"},"primaryImageOfPage":{"@id":"https:\/\/www.powerjacks.com\/de\/produkt\/lastschaekel\/#primaryimage"},"image":{"@id":"https:\/\/www.powerjacks.com\/de\/produkt\/lastschaekel\/#primaryimage"},"thumbnailUrl":"https:\/\/www.powerjacks.com\/wp-content\/uploads\/2025\/08\/Load_Monitor-Shackle-ISO2-GB-2000x1600-1.jpg","datePublished":"2025-08-20T11:05:28+00:00","description":"Browse Lastsch\u00e4kel from Power Jacks Limited.","breadcrumb":{"@id":"https:\/\/www.powerjacks.com\/de\/produkt\/lastschaekel\/#breadcrumb"},"inLanguage":"de","potentialAction":[{"@type":"ReadAction","target":["https:\/\/www.powerjacks.com\/de\/produkt\/lastschaekel\/"]}]},{"@type":"ImageObject","inLanguage":"de","@id":"https:\/\/www.powerjacks.com\/de\/produkt\/lastschaekel\/#primaryimage","url":"https:\/\/www.powerjacks.com\/wp-content\/uploads\/2025\/08\/Load_Monitor-Shackle-ISO2-GB-2000x1600-1.jpg","contentUrl":"https:\/\/www.powerjacks.com\/wp-content\/uploads\/2025\/08\/Load_Monitor-Shackle-ISO2-GB-2000x1600-1.jpg","width":2000,"height":1600,"caption":"Last\u00fcberwachung, Lastaufnahmemittel, Systemkomponenten, ISO"},{"@type":"BreadcrumbList","@id":"https:\/\/www.powerjacks.com\/de\/produkt\/lastschaekel\/#breadcrumb","itemListElement":[{"@type":"ListItem","position":1,"name":"Home","item":"https:\/\/www.powerjacks.com\/de\/"},{"@type":"ListItem","position":2,"name":"Products","item":"https:\/\/www.powerjacks.com\/society-underwater-technology-2\/"},{"@type":"ListItem","position":3,"name":"Lastsch\u00e4kel"}]},{"@type":"WebSite","@id":"https:\/\/www.powerjacks.com\/#website","url":"https:\/\/www.powerjacks.com\/","name":"Power Jacks Limited","description":"Stainless Steel Screw Jacks for Excellent Corrosion Resistance","publisher":{"@id":"https:\/\/www.powerjacks.com\/#organization"},"potentialAction":[{"@type":"SearchAction","target":{"@type":"EntryPoint","urlTemplate":"https:\/\/www.powerjacks.com\/?s={search_term_string}"},"query-input":{"@type":"PropertyValueSpecification","valueRequired":true,"valueName":"search_term_string"}}],"inLanguage":"de"},{"@type":"Organization","@id":"https:\/\/www.powerjacks.com\/#organization","name":"Power Jacks Limited","url":"https:\/\/www.powerjacks.com\/","logo":{"@type":"ImageObject","inLanguage":"de","@id":"https:\/\/www.powerjacks.com\/#\/schema\/logo\/image\/","url":"https:\/\/www.powerjacks.com\/wp-content\/uploads\/2025\/12\/logo_2x.png","contentUrl":"https:\/\/www.powerjacks.com\/wp-content\/uploads\/2025\/12\/logo_2x.png","width":430,"height":65,"caption":"Power Jacks Limited"},"image":{"@id":"https:\/\/www.powerjacks.com\/#\/schema\/logo\/image\/"},"sameAs":["https:\/\/www.facebook.com\/powerjacksltd","https:\/\/x.com\/PowerJacksLtd","https:\/\/www.linkedin.com\/company\/power-jacks-ltd?trk=company_name","https:\/\/www.youtube.com\/@powerjacks"]}]}},"_links":{"self":[{"href":"https:\/\/www.powerjacks.com\/de\/wp-json\/wp\/v2\/product\/14498","targetHints":{"allow":["GET"]}}],"collection":[{"href":"https:\/\/www.powerjacks.com\/de\/wp-json\/wp\/v2\/product"}],"about":[{"href":"https:\/\/www.powerjacks.com\/de\/wp-json\/wp\/v2\/types\/product"}],"wp:featuredmedia":[{"embeddable":true,"href":"https:\/\/www.powerjacks.com\/de\/wp-json\/wp\/v2\/media\/11005"}],"wp:attachment":[{"href":"https:\/\/www.powerjacks.com\/de\/wp-json\/wp\/v2\/media?parent=14498"}],"wp:term":[{"taxonomy":"product_brand","embeddable":true,"href":"https:\/\/www.powerjacks.com\/de\/wp-json\/wp\/v2\/product_brand?post=14498"},{"taxonomy":"product_cat","embeddable":true,"href":"https:\/\/www.powerjacks.com\/de\/wp-json\/wp\/v2\/product_cat?post=14498"},{"taxonomy":"product_tag","embeddable":true,"href":"https:\/\/www.powerjacks.com\/de\/wp-json\/wp\/v2\/product_tag?post=14498"}],"curies":[{"name":"wp","href":"https:\/\/api.w.org\/{rel}","templated":true}]}}