{"id":14505,"date":"2025-06-04T23:10:15","date_gmt":"2025-06-04T23:10:15","guid":{"rendered":"https:\/\/www.powerjacks.com\/product\/serie-42\/"},"modified":"2025-06-04T23:10:15","modified_gmt":"2025-06-04T23:10:15","slug":"serie-42","status":"publish","type":"product","link":"https:\/\/www.powerjacks.com\/de\/produkt\/serie-42\/","title":{"rendered":"Serie 42"},"content":{"rendered":"","protected":false},"excerpt":{"rendered":"<p><strong>Das N42 Kegelradgetriebe ist ein ultrakompaktes Getriebe f\u00fcr die \u00dcbertragung von 7000Nm und ist in 5 Gr\u00f6\u00dfen mit 5 Untersetzungen erh\u00e4ltlich.<\/strong><\/p>\n<p>Mit einem zentralen Lagergeh\u00e4use f\u00fcr die \u00dcbersetzungen 1:1 und 1,5:1 und einem kleinen verl\u00e4ngerten Lagergeh\u00e4use auf der Eingangsseite der Kegelradgetriebe mit \u00dcbersetzungen von 2:1 und mehr. Es handelt sich um eine Einheit mit hohem Drehmoment und guten thermischen Eigenschaften. Es ist in Konfigurationen mit Voll- und Hohlwelle erh\u00e4ltlich und verf\u00fcgt \u00fcber einen optionalen Motoranbauflansch, der den direkten Anschluss eines Standard-Elektromotors erm\u00f6glicht.  <\/p>\n","protected":false},"featured_media":10257,"template":"","meta":{"_acf_changed":false},"product_brand":[109],"product_cat":[364,340],"product_tag":[],"class_list":{"0":"post-14505","1":"product","2":"type-product","3":"status-publish","4":"has-post-thumbnail","6":"product_brand-powerjacks","7":"product_cat-reichweite-n","8":"product_cat-kegelrad-getriebe","10":"first","11":"instock","12":"taxable","13":"shipping-taxable","14":"product-type-simple"},"acf":{"preview_options":[{"code":"N420S20-10M05-0000-0000-000000","variables":"","description":"2-Wege-Vollwelle","use_variables":false},{"code":"N420S30-10M05-0000-0000-000000","variables":"{ST=S},{SN=3},{SC=0},{GR=10}","description":"3-Wege-Vollwelle","use_variables":true},{"code":"N420S40-10M05-0000-0000-000000","variables":"{ST=S},{SN=4},{SC=0},{GR=10}","description":"4-Wege-Vollwelle","use_variables":true},{"code":"N420H20-10M05-0000-0000-000000","variables":"{ST=H},{SN=2},{SC=0},{GR=10}","description":"2-Wege-Hohlwelle","use_variables":true},{"code":"N420H30-10M05-0000-0000-000000","variables":"{ST=H},{SN=3},{SC=0},{GR=10}","description":"3-Wege-Hohlwelle","use_variables":true},{"code":"N420H40-10M05-0000-0000-000000","variables":"{ST=H},{SN=4},{SC=0},{GR=10}","description":"4-Wege-Hohlwelle","use_variables":true}]},"yoast_head":"<!-- This site is optimized with the Yoast SEO plugin v27.3 - https:\/\/yoast.com\/product\/yoast-seo-wordpress\/ -->\n<title>Serie 42 | Power Jacks Limited<\/title>\n<meta name=\"description\" content=\"Browse Serie 42 from Power Jacks Limited.\" \/>\n<meta name=\"robots\" content=\"index, follow, max-snippet:-1, max-image-preview:large, max-video-preview:-1\" \/>\n<link rel=\"canonical\" href=\"https:\/\/www.powerjacks.com\/de\/produkt\/serie-42\/\" \/>\n<meta property=\"og:locale\" content=\"de_DE\" \/>\n<meta property=\"og:type\" content=\"article\" \/>\n<meta property=\"og:title\" content=\"Serie 42 | Power Jacks Limited\" \/>\n<meta property=\"og:description\" content=\"Browse Serie 42 from Power Jacks Limited.\" \/>\n<meta property=\"og:url\" content=\"https:\/\/www.powerjacks.com\/de\/produkt\/serie-42\/\" \/>\n<meta property=\"og:site_name\" content=\"Power Jacks Limited\" \/>\n<meta property=\"article:publisher\" content=\"https:\/\/www.facebook.com\/powerjacksltd\" \/>\n<meta property=\"og:image\" content=\"https:\/\/www.powerjacks.com\/wp-content\/uploads\/2025\/06\/Range-N-Bevel_Gearbox_Group-GB-2000x1600-1.jpg\" \/>\n\t<meta property=\"og:image:width\" content=\"2000\" \/>\n\t<meta property=\"og:image:height\" content=\"1600\" \/>\n\t<meta property=\"og:image:type\" content=\"image\/jpeg\" \/>\n<meta name=\"twitter:card\" content=\"summary_large_image\" \/>\n<meta name=\"twitter:site\" content=\"@PowerJacksLtd\" \/>\n<script type=\"application\/ld+json\" class=\"yoast-schema-graph\">{\"@context\":\"https:\\\/\\\/schema.org\",\"@graph\":[{\"@type\":\"WebPage\",\"@id\":\"https:\\\/\\\/www.powerjacks.com\\\/de\\\/produkt\\\/serie-42\\\/\",\"url\":\"https:\\\/\\\/www.powerjacks.com\\\/de\\\/produkt\\\/serie-42\\\/\",\"name\":\"Serie 42 | Power Jacks Limited\",\"isPartOf\":{\"@id\":\"https:\\\/\\\/www.powerjacks.com\\\/#website\"},\"primaryImageOfPage\":{\"@id\":\"https:\\\/\\\/www.powerjacks.com\\\/de\\\/produkt\\\/serie-42\\\/#primaryimage\"},\"image\":{\"@id\":\"https:\\\/\\\/www.powerjacks.com\\\/de\\\/produkt\\\/serie-42\\\/#primaryimage\"},\"thumbnailUrl\":\"https:\\\/\\\/www.powerjacks.com\\\/wp-content\\\/uploads\\\/2025\\\/06\\\/Range-N-Bevel_Gearbox_Group-GB-2000x1600-1.jpg\",\"datePublished\":\"2025-06-04T23:10:15+00:00\",\"description\":\"Browse Serie 42 from Power Jacks Limited.\",\"breadcrumb\":{\"@id\":\"https:\\\/\\\/www.powerjacks.com\\\/de\\\/produkt\\\/serie-42\\\/#breadcrumb\"},\"inLanguage\":\"de\",\"potentialAction\":[{\"@type\":\"ReadAction\",\"target\":[\"https:\\\/\\\/www.powerjacks.com\\\/de\\\/produkt\\\/serie-42\\\/\"]}]},{\"@type\":\"ImageObject\",\"inLanguage\":\"de\",\"@id\":\"https:\\\/\\\/www.powerjacks.com\\\/de\\\/produkt\\\/serie-42\\\/#primaryimage\",\"url\":\"https:\\\/\\\/www.powerjacks.com\\\/wp-content\\\/uploads\\\/2025\\\/06\\\/Range-N-Bevel_Gearbox_Group-GB-2000x1600-1.jpg\",\"contentUrl\":\"https:\\\/\\\/www.powerjacks.com\\\/wp-content\\\/uploads\\\/2025\\\/06\\\/Range-N-Bevel_Gearbox_Group-GB-2000x1600-1.jpg\",\"width\":2000,\"height\":1600,\"caption\":\"Range-N Kegelradgetriebe, 2-Wege, 3-Wege, 4-Wege, Vollwelle, Hohlwelle, Gruppe\"},{\"@type\":\"BreadcrumbList\",\"@id\":\"https:\\\/\\\/www.powerjacks.com\\\/de\\\/produkt\\\/serie-42\\\/#breadcrumb\",\"itemListElement\":[{\"@type\":\"ListItem\",\"position\":1,\"name\":\"Home\",\"item\":\"https:\\\/\\\/www.powerjacks.com\\\/de\\\/\"},{\"@type\":\"ListItem\",\"position\":2,\"name\":\"Products\",\"item\":\"https:\\\/\\\/www.powerjacks.com\\\/society-underwater-technology-2\\\/\"},{\"@type\":\"ListItem\",\"position\":3,\"name\":\"Serie 42\"}]},{\"@type\":\"WebSite\",\"@id\":\"https:\\\/\\\/www.powerjacks.com\\\/#website\",\"url\":\"https:\\\/\\\/www.powerjacks.com\\\/\",\"name\":\"Power Jacks Limited\",\"description\":\"Stainless Steel Screw Jacks for Excellent Corrosion Resistance\",\"publisher\":{\"@id\":\"https:\\\/\\\/www.powerjacks.com\\\/#organization\"},\"potentialAction\":[{\"@type\":\"SearchAction\",\"target\":{\"@type\":\"EntryPoint\",\"urlTemplate\":\"https:\\\/\\\/www.powerjacks.com\\\/?s={search_term_string}\"},\"query-input\":{\"@type\":\"PropertyValueSpecification\",\"valueRequired\":true,\"valueName\":\"search_term_string\"}}],\"inLanguage\":\"de\"},{\"@type\":\"Organization\",\"@id\":\"https:\\\/\\\/www.powerjacks.com\\\/#organization\",\"name\":\"Power Jacks Limited\",\"url\":\"https:\\\/\\\/www.powerjacks.com\\\/\",\"logo\":{\"@type\":\"ImageObject\",\"inLanguage\":\"de\",\"@id\":\"https:\\\/\\\/www.powerjacks.com\\\/#\\\/schema\\\/logo\\\/image\\\/\",\"url\":\"https:\\\/\\\/www.powerjacks.com\\\/wp-content\\\/uploads\\\/2025\\\/12\\\/logo_2x.png\",\"contentUrl\":\"https:\\\/\\\/www.powerjacks.com\\\/wp-content\\\/uploads\\\/2025\\\/12\\\/logo_2x.png\",\"width\":430,\"height\":65,\"caption\":\"Power Jacks Limited\"},\"image\":{\"@id\":\"https:\\\/\\\/www.powerjacks.com\\\/#\\\/schema\\\/logo\\\/image\\\/\"},\"sameAs\":[\"https:\\\/\\\/www.facebook.com\\\/powerjacksltd\",\"https:\\\/\\\/x.com\\\/PowerJacksLtd\",\"https:\\\/\\\/www.linkedin.com\\\/company\\\/power-jacks-ltd?trk=company_name\",\"https:\\\/\\\/www.youtube.com\\\/@powerjacks\"]}]}<\/script>\n<!-- \/ Yoast SEO plugin. -->","yoast_head_json":{"title":"Serie 42 | Power Jacks Limited","description":"Browse Serie 42 from Power Jacks Limited.","robots":{"index":"index","follow":"follow","max-snippet":"max-snippet:-1","max-image-preview":"max-image-preview:large","max-video-preview":"max-video-preview:-1"},"canonical":"https:\/\/www.powerjacks.com\/de\/produkt\/serie-42\/","og_locale":"de_DE","og_type":"article","og_title":"Serie 42 | Power Jacks Limited","og_description":"Browse Serie 42 from Power Jacks Limited.","og_url":"https:\/\/www.powerjacks.com\/de\/produkt\/serie-42\/","og_site_name":"Power Jacks Limited","article_publisher":"https:\/\/www.facebook.com\/powerjacksltd","og_image":[{"width":2000,"height":1600,"url":"https:\/\/www.powerjacks.com\/wp-content\/uploads\/2025\/06\/Range-N-Bevel_Gearbox_Group-GB-2000x1600-1.jpg","type":"image\/jpeg"}],"twitter_card":"summary_large_image","twitter_site":"@PowerJacksLtd","schema":{"@context":"https:\/\/schema.org","@graph":[{"@type":"WebPage","@id":"https:\/\/www.powerjacks.com\/de\/produkt\/serie-42\/","url":"https:\/\/www.powerjacks.com\/de\/produkt\/serie-42\/","name":"Serie 42 | Power Jacks Limited","isPartOf":{"@id":"https:\/\/www.powerjacks.com\/#website"},"primaryImageOfPage":{"@id":"https:\/\/www.powerjacks.com\/de\/produkt\/serie-42\/#primaryimage"},"image":{"@id":"https:\/\/www.powerjacks.com\/de\/produkt\/serie-42\/#primaryimage"},"thumbnailUrl":"https:\/\/www.powerjacks.com\/wp-content\/uploads\/2025\/06\/Range-N-Bevel_Gearbox_Group-GB-2000x1600-1.jpg","datePublished":"2025-06-04T23:10:15+00:00","description":"Browse Serie 42 from Power Jacks Limited.","breadcrumb":{"@id":"https:\/\/www.powerjacks.com\/de\/produkt\/serie-42\/#breadcrumb"},"inLanguage":"de","potentialAction":[{"@type":"ReadAction","target":["https:\/\/www.powerjacks.com\/de\/produkt\/serie-42\/"]}]},{"@type":"ImageObject","inLanguage":"de","@id":"https:\/\/www.powerjacks.com\/de\/produkt\/serie-42\/#primaryimage","url":"https:\/\/www.powerjacks.com\/wp-content\/uploads\/2025\/06\/Range-N-Bevel_Gearbox_Group-GB-2000x1600-1.jpg","contentUrl":"https:\/\/www.powerjacks.com\/wp-content\/uploads\/2025\/06\/Range-N-Bevel_Gearbox_Group-GB-2000x1600-1.jpg","width":2000,"height":1600,"caption":"Range-N Kegelradgetriebe, 2-Wege, 3-Wege, 4-Wege, Vollwelle, Hohlwelle, Gruppe"},{"@type":"BreadcrumbList","@id":"https:\/\/www.powerjacks.com\/de\/produkt\/serie-42\/#breadcrumb","itemListElement":[{"@type":"ListItem","position":1,"name":"Home","item":"https:\/\/www.powerjacks.com\/de\/"},{"@type":"ListItem","position":2,"name":"Products","item":"https:\/\/www.powerjacks.com\/society-underwater-technology-2\/"},{"@type":"ListItem","position":3,"name":"Serie 42"}]},{"@type":"WebSite","@id":"https:\/\/www.powerjacks.com\/#website","url":"https:\/\/www.powerjacks.com\/","name":"Power Jacks Limited","description":"Stainless Steel Screw Jacks for Excellent Corrosion Resistance","publisher":{"@id":"https:\/\/www.powerjacks.com\/#organization"},"potentialAction":[{"@type":"SearchAction","target":{"@type":"EntryPoint","urlTemplate":"https:\/\/www.powerjacks.com\/?s={search_term_string}"},"query-input":{"@type":"PropertyValueSpecification","valueRequired":true,"valueName":"search_term_string"}}],"inLanguage":"de"},{"@type":"Organization","@id":"https:\/\/www.powerjacks.com\/#organization","name":"Power Jacks Limited","url":"https:\/\/www.powerjacks.com\/","logo":{"@type":"ImageObject","inLanguage":"de","@id":"https:\/\/www.powerjacks.com\/#\/schema\/logo\/image\/","url":"https:\/\/www.powerjacks.com\/wp-content\/uploads\/2025\/12\/logo_2x.png","contentUrl":"https:\/\/www.powerjacks.com\/wp-content\/uploads\/2025\/12\/logo_2x.png","width":430,"height":65,"caption":"Power Jacks Limited"},"image":{"@id":"https:\/\/www.powerjacks.com\/#\/schema\/logo\/image\/"},"sameAs":["https:\/\/www.facebook.com\/powerjacksltd","https:\/\/x.com\/PowerJacksLtd","https:\/\/www.linkedin.com\/company\/power-jacks-ltd?trk=company_name","https:\/\/www.youtube.com\/@powerjacks"]}]}},"_links":{"self":[{"href":"https:\/\/www.powerjacks.com\/de\/wp-json\/wp\/v2\/product\/14505","targetHints":{"allow":["GET"]}}],"collection":[{"href":"https:\/\/www.powerjacks.com\/de\/wp-json\/wp\/v2\/product"}],"about":[{"href":"https:\/\/www.powerjacks.com\/de\/wp-json\/wp\/v2\/types\/product"}],"wp:featuredmedia":[{"embeddable":true,"href":"https:\/\/www.powerjacks.com\/de\/wp-json\/wp\/v2\/media\/10257"}],"wp:attachment":[{"href":"https:\/\/www.powerjacks.com\/de\/wp-json\/wp\/v2\/media?parent=14505"}],"wp:term":[{"taxonomy":"product_brand","embeddable":true,"href":"https:\/\/www.powerjacks.com\/de\/wp-json\/wp\/v2\/product_brand?post=14505"},{"taxonomy":"product_cat","embeddable":true,"href":"https:\/\/www.powerjacks.com\/de\/wp-json\/wp\/v2\/product_cat?post=14505"},{"taxonomy":"product_tag","embeddable":true,"href":"https:\/\/www.powerjacks.com\/de\/wp-json\/wp\/v2\/product_tag?post=14505"}],"curies":[{"name":"wp","href":"https:\/\/api.w.org\/{rel}","templated":true}]}}